{"id":174,"date":"2024-08-03T16:14:16","date_gmt":"2024-08-03T19:14:16","guid":{"rendered":"https:\/\/wp.ufpel.edu.br\/esporte\/?page_id=174"},"modified":"2025-06-07T09:02:34","modified_gmt":"2025-06-07T12:02:34","slug":"sobre-a-diesp-ufpel","status":"publish","type":"page","link":"https:\/\/wp.ufpel.edu.br\/esporte\/sobre-a-diesp-ufpel\/","title":{"rendered":"Sobre a DIESP"},"content":{"rendered":"\n<div class=\"breadcrumb-container\">\n    <nav class=\"breadcrumb\">\n        <a href=\"https:\/\/wp.ufpel.edu.br\/esporte\/\">In\u00edcio<\/a> &gt; \n        <span>Sobre a DIESP<\/span>\n\n\n\n<br>\n\n\n\n<h2 class=\"wp-block-heading\"><strong>Sobre<\/strong><\/h2>\n\n\n\n<div class=\"wp-block-columns is-layout-flex wp-container-core-columns-is-layout-9d6595d7 wp-block-columns-is-layout-flex\">\n<div class=\"wp-block-column is-layout-flow wp-block-column-is-layout-flow\">\n<p>A Divis\u00e3o de Esporte (DIESP) \u00e9 uma unidade administrativa da Universidade, vinculada ao Gabinete da Reitoria, com a finalidade de promover o esporte no \u00e2mbito da Universidade, em suas diferentes manifesta\u00e7\u00f5es, promovendo a integra\u00e7\u00e3o entre a comunidade acad\u00eamica e a sociedade.<\/p>\n<\/div>\n\n\n\n<div class=\"wp-block-column is-layout-flow wp-block-column-is-layout-flow\"><\/div>\n<\/div>\n\n\n\n<a href=\"https:https:\/\/wp.ufpel.edu.br\/esporte\/files\/2024\/10\/Resolucao-60-.pdf\" target=\"_blank\" rel=\"noopener\">Resolu\u00e7\u00e3o da DIESP<\/a><br>\n    <a href=\"\/\/wp.ufpel.edu.br\/esporte\/files\/2024\/10\/Manual-de-Marca-Esporte-UFPel.pdf\" target=\"_blank\" rel=\"noopener\">Identidade Visual<\/a>\n<br>\n\n\n\n<h2 class=\"wp-block-heading\">Equipe<\/h2>\n\n\n\n<div class=\"wp-block-columns is-layout-flex wp-container-core-columns-is-layout-9d6595d7 wp-block-columns-is-layout-flex\">\n<div class=\"wp-block-column is-layout-flow wp-block-column-is-layout-flow\">\n<p><strong>Diretor:<\/strong>\u00a0 <a href=\"https:\/\/institucional.ufpel.edu.br\/servidores\/id\/35601\" data-type=\"link\" data-id=\"https:\/\/institucional.ufpel.edu.br\/servidores\/id\/35601\">Prof. Mario Renato de Azevedo J\u00fanior<\/a><\/p>\n\n\n\n<p><strong>T\u00e9cnico Desportivo:<\/strong>\u00a0<a href=\"https:\/\/institucional.ufpel.edu.br\/servidores\/id\/82192\" data-type=\"link\" data-id=\"https:\/\/institucional.ufpel.edu.br\/servidores\/id\/82192\">TAE. M\u00e1rcio de Almeida Mendes <\/a><\/p>\n<\/div>\n\n\n\n<div class=\"wp-block-column is-layout-flow wp-block-column-is-layout-flow\">\n<p><strong>Apoio administrativo<\/strong>: Bruno da Silva Soares<\/p>\n\n\n\n<p><strong>Apoio na comunica\u00e7\u00e3o&nbsp;social<\/strong>: Beatriz Alt Lages<\/p>\n<\/div>\n<\/div>\n\n\n\n<p><\/p>\n","protected":false},"excerpt":{"rendered":"<p>In\u00edcio &gt; Sobre a DIESP Sobre A Divis\u00e3o de Esporte (DIESP) \u00e9 uma unidade administrativa da Universidade, vinculada ao Gabinete da Reitoria, com a finalidade de promover o esporte no \u00e2mbito da Universidade, em&#46;&#46;&#46;<\/p>\n","protected":false},"author":1253,"featured_media":0,"parent":0,"menu_order":0,"comment_status":"closed","ping_status":"closed","template":"","meta":{"footnotes":""},"class_list":["post-174","page","type-page","status-publish","hentry"],"_links":{"self":[{"href":"https:\/\/wp.ufpel.edu.br\/esporte\/wp-json\/wp\/v2\/pages\/174","targetHints":{"allow":["GET"]}}],"collection":[{"href":"https:\/\/wp.ufpel.edu.br\/esporte\/wp-json\/wp\/v2\/pages"}],"about":[{"href":"https:\/\/wp.ufpel.edu.br\/esporte\/wp-json\/wp\/v2\/types\/page"}],"author":[{"embeddable":true,"href":"https:\/\/wp.ufpel.edu.br\/esporte\/wp-json\/wp\/v2\/users\/1253"}],"replies":[{"embeddable":true,"href":"https:\/\/wp.ufpel.edu.br\/esporte\/wp-json\/wp\/v2\/comments?post=174"}],"version-history":[{"count":35,"href":"https:\/\/wp.ufpel.edu.br\/esporte\/wp-json\/wp\/v2\/pages\/174\/revisions"}],"predecessor-version":[{"id":815,"href":"https:\/\/wp.ufpel.edu.br\/esporte\/wp-json\/wp\/v2\/pages\/174\/revisions\/815"}],"wp:attachment":[{"href":"https:\/\/wp.ufpel.edu.br\/esporte\/wp-json\/wp\/v2\/media?parent=174"}],"curies":[{"name":"wp","href":"https:\/\/api.w.org\/{rel}","templated":true}]}}