{"id":120,"date":"2024-07-17T15:53:56","date_gmt":"2024-07-17T18:53:56","guid":{"rendered":"https:\/\/wp.ufpel.edu.br\/esporte\/?page_id=120"},"modified":"2024-10-21T07:47:41","modified_gmt":"2024-10-21T10:47:41","slug":"jogos-da-ufpel","status":"publish","type":"page","link":"https:\/\/wp.ufpel.edu.br\/esporte\/jogos-da-ufpel\/","title":{"rendered":"Gin\u00e1sio de Esportes"},"content":{"rendered":"\n<div class=\"breadcrumb-container\">\n    <nav class=\"breadcrumb\">\n        <a href=\"https:\/\/wp.ufpel.edu.br\/esporte\/\">In\u00edcio<\/a> &gt; \n        <span>Gin\u00e1sio de Esportes<\/span>\n\n\n\n<div class=\"table-responsive\">\n  <table class=\"table table-bordered table-hover\">\n    <thead style=\"background-color: #e43c15; color: white;\">\n      <tr>\n        <th>Hor\u00e1rio<\/th>\n        <th>2\u00aa feira<\/th>\n        <th>3\u00aa feira<\/th>\n        <th>4\u00aa feira<\/th>\n        <th>5\u00aa feira<\/th>\n        <th>6\u00aa feira<\/th>\n        <th>S\u00e1bado<\/th>\n        <th>Domingo<\/th>\n      <\/tr>\n    <\/thead>\n    <tbody>\n      <tr>\n        <td>08h<\/td>\n        <td><\/td>\n        <td><\/td>\n        <td><\/td>\n        <td><\/td>\n        <td><\/td>\n        <td>Artes<\/td>\n        <td><\/td>\n      <\/tr>\n      <tr>\n        <td>09h<\/td>\n        <td><\/td>\n        <td><\/td>\n        <td><\/td>\n        <td><\/td>\n        <td><\/td>\n        <td>Artes<\/td>\n        <td>Qu\u00edmica<\/td>\n      <\/tr>\n      <tr>\n        <td>10h<\/td>\n        <td>Projeto Skate<\/td>\n        <td><\/td>\n        <td><\/td>\n        <td><\/td>\n        <td><\/td>\n        <td>Projeto C\u00e2mbio<\/td>\n        <td>Psicologia<\/td>\n      <\/tr>\n      <tr>\n        <td>11h<\/td>\n        <td>Projeto Skate<\/td>\n        <td><\/td>\n        <td><\/td>\n        <td><\/td>\n        <td><\/td>\n        <td>Projeto C\u00e2mbio<\/td>\n        <td>Psicologia\/Jornalismo<\/td>\n      <\/tr>\n      <tr>\n        <td>12h<\/td>\n        <td><\/td>\n        <td><\/td>\n        <td><\/td>\n        <td><\/td>\n        <td><\/td>\n        <td><\/td>\n        <td><\/td>\n      <\/tr>\n      <tr>\n        <td>13h<\/td>\n        <td><\/td>\n        <td><\/td>\n        <td><\/td>\n        <td><\/td>\n        <td><\/td>\n        <td>Letras<\/td>\n        <td><\/td>\n      <\/tr>\n      <tr>\n        <td>14h<\/td>\n        <td><\/td>\n        <td><\/td>\n        <td><\/td>\n        <td><\/td>\n        <td>Basquete Tiradentes<\/td>\n        <td>Jornalismo<\/td>\n        <td>Humanas\/Timba<\/td>\n      <\/tr>\n      <tr>\n        <td>15h<\/td>\n        <td><\/td>\n        <td><\/td>\n        <td><\/td>\n        <td><\/td>\n        <td>Basquete Tiradentes<\/td>\n        <td>Rela\u00e7\u00f5es Internacionais<\/td>\n        <td>Computa\u00e7\u00e3o\/Leiga<\/td>\n      <\/tr>\n      <tr>\n        <td>16h<\/td>\n        <td><\/td>\n        <td><\/td>\n        <td><\/td>\n        <td><\/td>\n        <td>Voraz<\/td>\n        <td>M\u00e1fia<\/td>\n        <td>Humanas<\/td>\n      <\/tr>\n      <tr>\n        <td>17h<\/td>\n        <td><\/td>\n        <td>Zootecnia<\/td>\n        <td>Gest\u00e3o Ambiental<\/td>\n        <td><\/td>\n        <td>Timba<\/td>\n        <td>Faurb<\/td>\n        <td>Leiga<\/td>\n      <\/tr>\n      <tr>\n        <td>18h<\/td>\n        <td>Zootecnia<\/td>\n        <td>Basquete Sub-18<\/td>\n        <td>Progep Voleibol<\/td>\n        <td>Basquete Sub-18<\/td>\n        <td>Prec Voleibol<\/td>\n        <td>Sanat\u00f3rio\/Agronomia<\/td>\n        <td>Centauro<\/td>\n      <\/tr>\n      <tr>\n        <td>19h<\/td>\n        <td>Progep Basquete<\/td>\n        <td>Basquete Sub-18<\/td>\n        <td>Progep Voleibol<\/td>\n        <td>Basquete Sub-18<\/td>\n        <td>Prec Voleibol<\/td>\n        <td>Voraz\/M\u00e1fia<\/td>\n        <td>Qu\u00edmica<\/td>\n      <\/tr>\n      <tr>\n        <td>20h<\/td>\n        <td>Odonto<\/td>\n        <td>Basquete Fem<\/td>\n        <td>Computa\u00e7\u00e3o<\/td>\n        <td>Basquete Fem<\/td>\n        <td>ESEF<\/td>\n        <td>Gest\u00e3o Ambiental<\/td>\n        <td>Centauro\/Odonto<\/td>\n      <\/tr>\n      <tr>\n        <td>21h<\/td>\n        <td>Basquete Masc<\/td>\n        <td>Basquete Fem<\/td>\n        <td>Basquete Masc<\/td>\n        <td>Basquete Fem<\/td>\n        <td>Basquete Masc<\/td>\n        <td><\/td>\n        <td><\/td>\n      <\/tr>\n      <tr>\n        <td>22h<\/td>\n        <td>Basquete Masc<\/td>\n        <td>Agronomia<\/td>\n        <td>Basquete Masc<\/td>\n        <td>Sanat\u00f3rio<\/td>\n        <td>Basquete Masc<\/td>\n        <td><\/td>\n        <td><\/td>\n      <\/tr>\n      <tr>\n        <td>23h<\/td>\n        <td>Basquete Masc<\/td>\n        <td><\/td>\n        <td>Basquete Masc<\/td>\n        <td><\/td>\n        <td>Basquete Masc<\/td>\n        <td><\/td>\n        <td><\/td>\n      <\/tr>\n    <\/tbody>\n  <\/table>\n<\/div>\n\n\n\n<p><\/p>\n\n\n\n<p><\/p>\n","protected":false},"excerpt":{"rendered":"<p>In\u00edcio &gt; Gin\u00e1sio de Esportes Hor\u00e1rio 2\u00aa feira 3\u00aa feira 4\u00aa feira 5\u00aa feira 6\u00aa feira S\u00e1bado Domingo 08h Artes 09h Artes Qu\u00edmica 10h Projeto Skate Projeto C\u00e2mbio Psicologia 11h Projeto Skate Projeto C\u00e2mbio&#46;&#46;&#46;<\/p>\n","protected":false},"author":1253,"featured_media":0,"parent":0,"menu_order":0,"comment_status":"closed","ping_status":"closed","template":"","meta":{"footnotes":""},"class_list":["post-120","page","type-page","status-publish","hentry"],"_links":{"self":[{"href":"https:\/\/wp.ufpel.edu.br\/esporte\/wp-json\/wp\/v2\/pages\/120","targetHints":{"allow":["GET"]}}],"collection":[{"href":"https:\/\/wp.ufpel.edu.br\/esporte\/wp-json\/wp\/v2\/pages"}],"about":[{"href":"https:\/\/wp.ufpel.edu.br\/esporte\/wp-json\/wp\/v2\/types\/page"}],"author":[{"embeddable":true,"href":"https:\/\/wp.ufpel.edu.br\/esporte\/wp-json\/wp\/v2\/users\/1253"}],"replies":[{"embeddable":true,"href":"https:\/\/wp.ufpel.edu.br\/esporte\/wp-json\/wp\/v2\/comments?post=120"}],"version-history":[{"count":11,"href":"https:\/\/wp.ufpel.edu.br\/esporte\/wp-json\/wp\/v2\/pages\/120\/revisions"}],"predecessor-version":[{"id":521,"href":"https:\/\/wp.ufpel.edu.br\/esporte\/wp-json\/wp\/v2\/pages\/120\/revisions\/521"}],"wp:attachment":[{"href":"https:\/\/wp.ufpel.edu.br\/esporte\/wp-json\/wp\/v2\/media?parent=120"}],"curies":[{"name":"wp","href":"https:\/\/api.w.org\/{rel}","templated":true}]}}