{"id":1100,"date":"2026-05-13T19:34:03","date_gmt":"2026-05-13T22:34:03","guid":{"rendered":"https:\/\/wp.ufpel.edu.br\/esporte\/?page_id=1100"},"modified":"2026-05-14T11:50:11","modified_gmt":"2026-05-14T14:50:11","slug":"1a-copa-diesp-xadrez-e-tenis-de-mesa","status":"publish","type":"page","link":"https:\/\/wp.ufpel.edu.br\/esporte\/1a-copa-diesp-xadrez-e-tenis-de-mesa\/","title":{"rendered":"1\u00aa Copa DIESP &#8211; Xadrez e T\u00eanis de Mesa"},"content":{"rendered":"\n<h1 class=\"wp-block-heading\">1\u00aa Copa DIESP de Xadrez e T\u00eanis de Mesa com seletiva para os JUGS<\/h1>\n\n\n\n<p>A Divis\u00e3o de Esporte da Universidade Federal de Pelotas (DIESP\/UFPel) realiza, no dia 23 de maio, a 1\u00aa Copa DIESP de Xadrez e T\u00eanis de Mesa. A competi\u00e7\u00e3o acontece na ESEF\/UFPel e tem como principal objetivo fomentar o esporte universit\u00e1rio e selecionar atletas para representar a Universidade nos Jogos Universit\u00e1rios Ga\u00fachos (JUGs) 2026.<\/p>\n\n\n\n<p>As disputas ser\u00e3o divididas em duas modalidades: T\u00eanis de Mesa, com in\u00edcio \u00e0s 8h30, e Xadrez, \u00e0s 9h. Podem participar estudantes de gradua\u00e7\u00e3o e p\u00f3s-gradua\u00e7\u00e3o da UFPel, nascidos entre 2001 e 2009.<\/p>\n\n\n\n<p>Al\u00e9m da premia\u00e7\u00e3o com medalhas para os tr\u00eas primeiros colocados de cada modalidade, os quatro atletas melhor classificados no masculino e feminino ser\u00e3o convidados para compor as equipes da UFPel no JUGs 2026.<\/p>\n\n\n\n<p>As inscri\u00e7\u00f5es devem ser realizadas at\u00e9 o dia 21 de maio, por meio de formul\u00e1rio online. A taxa de participa\u00e7\u00e3o \u00e9 de R$ 5,00 mais 1kg de alimento n\u00e3o perec\u00edvel.<\/p>\n\n\n\n<p>A 1\u00aa Copa DIESP \u00e9 uma realiza\u00e7\u00e3o em parceria entre a Divis\u00e3o de Esportes da UFPel e o PET Educa\u00e7\u00e3o F\u00edsica da UFPel <\/p>\n\n\n\n<p>Formul\u00e1rio de inscri\u00e7\u00e3o:&nbsp;<a href=\"https:\/\/forms.gle\/fREgSfWAxJJ974gDA\">https:\/\/forms.gle\/fREgSfWAxJJ974gDA<\/a><\/p>\n\n\n\n<p>REGULAMENTO COMPLETO:<\/p>\n\n\n\n<div class=\"wp-block-file\"><a id=\"wp-block-file--media-c66b2c0d-5cec-4ff5-9877-4ae0686e627e\" href=\"https:\/\/wp.ufpel.edu.br\/esporte\/files\/2026\/05\/REGULAMENTO-COPA-DIESP.docx\">REGULAMENTO COPA DIESP<\/a><a href=\"https:\/\/wp.ufpel.edu.br\/esporte\/files\/2026\/05\/REGULAMENTO-COPA-DIESP.docx\" class=\"wp-block-file__button wp-element-button\" download aria-describedby=\"wp-block-file--media-c66b2c0d-5cec-4ff5-9877-4ae0686e627e\">Baixar<\/a><\/div>\n","protected":false},"excerpt":{"rendered":"<p>1\u00aa Copa DIESP de Xadrez e T\u00eanis de Mesa com seletiva para os JUGS A Divis\u00e3o de Esporte da Universidade Federal de Pelotas (DIESP\/UFPel) realiza, no dia 23 de maio, a 1\u00aa Copa DIESP&#46;&#46;&#46;<\/p>\n","protected":false},"author":1253,"featured_media":0,"parent":0,"menu_order":0,"comment_status":"closed","ping_status":"closed","template":"","meta":{"footnotes":""},"class_list":["post-1100","page","type-page","status-publish","hentry"],"_links":{"self":[{"href":"https:\/\/wp.ufpel.edu.br\/esporte\/wp-json\/wp\/v2\/pages\/1100","targetHints":{"allow":["GET"]}}],"collection":[{"href":"https:\/\/wp.ufpel.edu.br\/esporte\/wp-json\/wp\/v2\/pages"}],"about":[{"href":"https:\/\/wp.ufpel.edu.br\/esporte\/wp-json\/wp\/v2\/types\/page"}],"author":[{"embeddable":true,"href":"https:\/\/wp.ufpel.edu.br\/esporte\/wp-json\/wp\/v2\/users\/1253"}],"replies":[{"embeddable":true,"href":"https:\/\/wp.ufpel.edu.br\/esporte\/wp-json\/wp\/v2\/comments?post=1100"}],"version-history":[{"count":3,"href":"https:\/\/wp.ufpel.edu.br\/esporte\/wp-json\/wp\/v2\/pages\/1100\/revisions"}],"predecessor-version":[{"id":1118,"href":"https:\/\/wp.ufpel.edu.br\/esporte\/wp-json\/wp\/v2\/pages\/1100\/revisions\/1118"}],"wp:attachment":[{"href":"https:\/\/wp.ufpel.edu.br\/esporte\/wp-json\/wp\/v2\/media?parent=1100"}],"curies":[{"name":"wp","href":"https:\/\/api.w.org\/{rel}","templated":true}]}}