{"id":299,"date":"2017-09-19T11:25:35","date_gmt":"2017-09-19T14:25:35","guid":{"rendered":"https:\/\/wp.ufpel.edu.br\/espinosa\/?page_id=299"},"modified":"2019-08-12T10:28:42","modified_gmt":"2019-08-12T13:28:42","slug":"1640014-calculo-a","status":"publish","type":"page","link":"https:\/\/wp.ufpel.edu.br\/espinosa\/disciplinas\/1640014-calculo-a\/","title":{"rendered":"15000341 &#8211; C\u00e1lculo A"},"content":{"rendered":"<p><a href=\"https:\/\/www.dropbox.com\/s\/gwan79ujk8bf14p\/plano_CalcA_20192.pdf?dl=0\" target=\"_blank\" rel=\"noopener noreferrer\">Plano de Ensino<\/a><\/p>\n<p><a href=\"https:\/\/www.dropbox.com\/s\/ldumgh2hcy51kml\/lista01.pdf?dl=0\" target=\"_blank\" rel=\"noopener noreferrer\">Lista 1<\/a><\/p>\n<p><a href=\"https:\/\/www.dropbox.com\/s\/mpxnjcjyfg2z1ar\/listaA2_17.pdf?dl=0\" target=\"_blank\" rel=\"noopener noreferrer\">Lista 2<\/a><\/p>\n<p><a href=\"https:\/\/www.dropbox.com\/s\/tzsocp5q6vm8ma9\/listaA3.pdf?dl=0\" target=\"_blank\" rel=\"noopener noreferrer\">Lista 3 &#8211; Integrais<\/a><\/p>\n<p><a href=\"https:\/\/www.dropbox.com\/s\/3xfrrs4ixvfc98c\/listaA31.pdf?dl=0\" target=\"_blank\" rel=\"noopener noreferrer\">Lista 4 &#8211; T\u00e9cnicas de Integra\u00e7\u00e3o<\/a><\/p>\n<p><a href=\"https:\/\/www.dropbox.com\/s\/eoi6u5vqmk42cgw\/7.8%20Integrais%20Impr%D0%B2prias.pdf?dl=0\" target=\"_blank\" rel=\"noopener noreferrer\">Slide Integra\u00e7\u00e3o Impr\u00f3pria<\/a><\/p>\n","protected":false},"excerpt":{"rendered":"<p>Plano de Ensino Lista 1 Lista 2 Lista 3 &#8211; Integrais Lista 4 &#8211; T\u00e9cnicas de Integra\u00e7\u00e3o Slide Integra\u00e7\u00e3o Impr\u00f3pria<\/p>\n","protected":false},"author":318,"featured_media":0,"parent":9,"menu_order":0,"comment_status":"closed","ping_status":"closed","template":"","meta":{"footnotes":""},"class_list":["post-299","page","type-page","status-publish","hentry"],"_links":{"self":[{"href":"https:\/\/wp.ufpel.edu.br\/espinosa\/wp-json\/wp\/v2\/pages\/299","targetHints":{"allow":["GET"]}}],"collection":[{"href":"https:\/\/wp.ufpel.edu.br\/espinosa\/wp-json\/wp\/v2\/pages"}],"about":[{"href":"https:\/\/wp.ufpel.edu.br\/espinosa\/wp-json\/wp\/v2\/types\/page"}],"author":[{"embeddable":true,"href":"https:\/\/wp.ufpel.edu.br\/espinosa\/wp-json\/wp\/v2\/users\/318"}],"replies":[{"embeddable":true,"href":"https:\/\/wp.ufpel.edu.br\/espinosa\/wp-json\/wp\/v2\/comments?post=299"}],"version-history":[{"count":12,"href":"https:\/\/wp.ufpel.edu.br\/espinosa\/wp-json\/wp\/v2\/pages\/299\/revisions"}],"predecessor-version":[{"id":449,"href":"https:\/\/wp.ufpel.edu.br\/espinosa\/wp-json\/wp\/v2\/pages\/299\/revisions\/449"}],"up":[{"embeddable":true,"href":"https:\/\/wp.ufpel.edu.br\/espinosa\/wp-json\/wp\/v2\/pages\/9"}],"wp:attachment":[{"href":"https:\/\/wp.ufpel.edu.br\/espinosa\/wp-json\/wp\/v2\/media?parent=299"}],"curies":[{"name":"wp","href":"https:\/\/api.w.org\/{rel}","templated":true}]}}