{"id":296,"date":"2017-09-19T11:24:26","date_gmt":"2017-09-19T14:24:26","guid":{"rendered":"https:\/\/wp.ufpel.edu.br\/espinosa\/?page_id=296"},"modified":"2019-11-20T14:31:32","modified_gmt":"2019-11-20T17:31:32","slug":"1640079-matematica-aplicada","status":"publish","type":"page","link":"https:\/\/wp.ufpel.edu.br\/espinosa\/disciplinas\/1640079-matematica-aplicada\/","title":{"rendered":"15000392 &#8211; Matem\u00e1tica Aplicada"},"content":{"rendered":"<p><a href=\"https:\/\/www.dropbox.com\/s\/5jvz2owklc416af\/plano_mataplic_20192.pdf?dl=0\" target=\"_blank\" rel=\"noopener noreferrer\">Plano de Ensino<\/a><\/p>\n<p><a href=\"https:\/\/www.dropbox.com\/s\/zpoa161yxfej0o7\/Lista%201.pdf?dl=0\" target=\"_blank\" rel=\"noopener noreferrer\">Lista 1<\/a><\/p>\n<p><a href=\"https:\/\/www.dropbox.com\/s\/zdxztzmidk9rc6x\/Lista4.pdf?dl=0\" target=\"_blank\" rel=\"noopener noreferrer\">Lista de Recupera\u00e7\u00e3o<\/a><\/p>\n<p><a href=\"https:\/\/www.dropbox.com\/s\/r6z6lx5wmrzt5uc\/Lista_plano_2018.pdf?dl=0\" target=\"_blank\" rel=\"noopener noreferrer\">Lista Plano<\/a><\/p>\n<p><a href=\"https:\/\/www.dropbox.com\/s\/t0rchvlkc1y154p\/distancias.pdf?dl=0\" target=\"_blank\" rel=\"noopener noreferrer\">Lista Dist\u00e2ncias<\/a><\/p>\n<p><a href=\"https:\/\/www.dropbox.com\/s\/mx3bqvran8ao31g\/conicas.pdf?dl=0\" target=\"_blank\" rel=\"noopener noreferrer\">Apostila C\u00f4nicas<\/a><\/p>\n<p><a href=\"https:\/\/www.dropbox.com\/s\/phk35xnn8daybx0\/T2.pdf?dl=0\" target=\"_blank\" rel=\"noopener noreferrer\">Trabalho \u00c1rea 2<\/a><\/p>\n<p><a href=\"https:\/\/www.dropbox.com\/s\/vnyniao7wbj35td\/TCONICAS.pdf?dl=0\" target=\"_blank\" rel=\"noopener noreferrer\">Trabalho C\u00f4nicas (NOVO)<\/a><\/p>\n<p><a href=\"https:\/\/www.dropbox.com\/s\/jssfnxrlcqh3k4u\/2%20Cap%C3%ADtulo%2011.pdf?dl=0\" target=\"_blank\" rel=\"noopener noreferrer\">Material Qu\u00e1dricas<\/a> (se\u00e7\u00e3o 11.7)<\/p>\n<p><a href=\"https:\/\/www.dropbox.com\/s\/nh15au9hmcz8snw\/TQUADRICAS.pdf?dl=0\" target=\"_blank\" rel=\"noopener noreferrer\">Trabalho Qu\u00e1dricas (NOVO)<\/a><\/p>\n<p><a href=\"https:\/\/www.dropbox.com\/s\/rakljh64epadzfe\/geometria%20analitica%20-%20steinbruch%20e%20winterle.pdf?dl=0\" target=\"_blank\" rel=\"noopener noreferrer\">Material Complementar<\/a><\/p>\n","protected":false},"excerpt":{"rendered":"<p>Plano de Ensino Lista 1 Lista de Recupera\u00e7\u00e3o Lista Plano Lista Dist\u00e2ncias Apostila C\u00f4nicas Trabalho \u00c1rea 2 Trabalho C\u00f4nicas (NOVO) Material Qu\u00e1dricas (se\u00e7\u00e3o 11.7) Trabalho Qu\u00e1dricas (NOVO) Material Complementar<\/p>\n","protected":false},"author":318,"featured_media":0,"parent":9,"menu_order":0,"comment_status":"closed","ping_status":"closed","template":"","meta":{"footnotes":""},"class_list":["post-296","page","type-page","status-publish","hentry"],"_links":{"self":[{"href":"https:\/\/wp.ufpel.edu.br\/espinosa\/wp-json\/wp\/v2\/pages\/296","targetHints":{"allow":["GET"]}}],"collection":[{"href":"https:\/\/wp.ufpel.edu.br\/espinosa\/wp-json\/wp\/v2\/pages"}],"about":[{"href":"https:\/\/wp.ufpel.edu.br\/espinosa\/wp-json\/wp\/v2\/types\/page"}],"author":[{"embeddable":true,"href":"https:\/\/wp.ufpel.edu.br\/espinosa\/wp-json\/wp\/v2\/users\/318"}],"replies":[{"embeddable":true,"href":"https:\/\/wp.ufpel.edu.br\/espinosa\/wp-json\/wp\/v2\/comments?post=296"}],"version-history":[{"count":14,"href":"https:\/\/wp.ufpel.edu.br\/espinosa\/wp-json\/wp\/v2\/pages\/296\/revisions"}],"predecessor-version":[{"id":461,"href":"https:\/\/wp.ufpel.edu.br\/espinosa\/wp-json\/wp\/v2\/pages\/296\/revisions\/461"}],"up":[{"embeddable":true,"href":"https:\/\/wp.ufpel.edu.br\/espinosa\/wp-json\/wp\/v2\/pages\/9"}],"wp:attachment":[{"href":"https:\/\/wp.ufpel.edu.br\/espinosa\/wp-json\/wp\/v2\/media?parent=296"}],"curies":[{"name":"wp","href":"https:\/\/api.w.org\/{rel}","templated":true}]}}