{"id":16,"date":"2013-10-10T17:02:47","date_gmt":"2013-10-10T20:02:47","guid":{"rendered":"https:\/\/wp.ufpel.edu.br\/espinosa\/?page_id=16"},"modified":"2017-03-16T18:41:17","modified_gmt":"2017-03-16T21:41:17","slug":"calculo-numerico","status":"publish","type":"page","link":"https:\/\/wp.ufpel.edu.br\/espinosa\/disciplinas\/calculo-numerico\/","title":{"rendered":"C\u00e1lculo num\u00e9rico"},"content":{"rendered":"<p><a href=\"https:\/\/www.dropbox.com\/s\/7qo75ddg64ine14\/NUMERICO.pdf?dl=0\"><strong>Plano de ensino<\/strong><\/a><\/p>\n<p><strong>Aulas:<\/strong><\/p>\n<p><a href=\"https:\/\/www.dropbox.com\/s\/6w94di5k9uj3iww\/bissec.pdf?dl=0\" target=\"_blank\">Equa\u00e7\u00f5es n\u00e3o lineares: Bissec\u00e7\u00e3o<\/a><\/p>\n<p><a href=\"https:\/\/www.dropbox.com\/s\/fv1iax41smcyqf5\/ponto_fixo.pdf?dl=0\" target=\"_blank\">Ponto Fixo<\/a><\/p>\n<p><a href=\"https:\/\/www.dropbox.com\/s\/xfp5gqgt135r8j7\/newton.pdf?dl=0\" target=\"_blank\">M\u00e9todo de Newton<\/a><\/p>\n<p><a href=\"https:\/\/www.dropbox.com\/s\/ki3bjkyd2896ffz\/secante.pdf?dl=0\" target=\"_blank\">M\u00e9todo das Secantes<\/a><\/p>\n<p><strong>Listas de Exerc\u00edcios:<\/strong><\/p>\n<p><a href=\"https:\/\/www.dropbox.com\/s\/ano6ucogs7gmk83\/lista2numerico.pdf?dl=0\" target=\"_blank\">Equa\u00e7\u00f5es n\u00e3o lineares<\/a><\/p>\n<p><a href=\"https:\/\/www.dropbox.com\/s\/tmkm08dp0q8pq51\/lista3numerico.pdf?dl=0\" target=\"_blank\">Sistemas de equa\u00e7\u00f5es lineares<\/a><\/p>\n<p><a href=\"https:\/\/www.dropbox.com\/s\/c392at8ak656pab\/lista4numerico.pdf?dl=0\" target=\"_blank\">Integra\u00e7\u00e3o<\/a><\/p>\n<p><strong>Trabalhos:<\/strong><\/p>\n<p><a href=\"https:\/\/www.dropbox.com\/s\/vcf3qnlmkcr5kg9\/Q_1_2014_2.pdf?dl=0\" target=\"_blank\">Quest\u00e3o Prova 1<\/a> (entregar no dia da prova)<\/p>\n<p><a href=\"https:\/\/www.dropbox.com\/s\/9pa5i7tdc8u69za\/Q_2_2016_2.pdf?dl=0\">Trabalho M\u00e9todos Num\u00e9ricos para EDOs<\/a><\/p>\n","protected":false},"excerpt":{"rendered":"<p>Plano de ensino Aulas: Equa\u00e7\u00f5es n\u00e3o lineares: Bissec\u00e7\u00e3o Ponto Fixo M\u00e9todo de Newton M\u00e9todo das Secantes Listas de Exerc\u00edcios: Equa\u00e7\u00f5es n\u00e3o lineares Sistemas de equa\u00e7\u00f5es lineares Integra\u00e7\u00e3o Trabalhos: Quest\u00e3o Prova 1 (entregar no dia da prova) Trabalho M\u00e9todos Num\u00e9ricos para &hellip; <a href=\"https:\/\/wp.ufpel.edu.br\/espinosa\/disciplinas\/calculo-numerico\/\">Continue lendo <span class=\"meta-nav\">&rarr;<\/span><\/a><\/p>\n","protected":false},"author":318,"featured_media":0,"parent":9,"menu_order":0,"comment_status":"closed","ping_status":"closed","template":"","meta":{"footnotes":""},"class_list":["post-16","page","type-page","status-publish","hentry"],"_links":{"self":[{"href":"https:\/\/wp.ufpel.edu.br\/espinosa\/wp-json\/wp\/v2\/pages\/16","targetHints":{"allow":["GET"]}}],"collection":[{"href":"https:\/\/wp.ufpel.edu.br\/espinosa\/wp-json\/wp\/v2\/pages"}],"about":[{"href":"https:\/\/wp.ufpel.edu.br\/espinosa\/wp-json\/wp\/v2\/types\/page"}],"author":[{"embeddable":true,"href":"https:\/\/wp.ufpel.edu.br\/espinosa\/wp-json\/wp\/v2\/users\/318"}],"replies":[{"embeddable":true,"href":"https:\/\/wp.ufpel.edu.br\/espinosa\/wp-json\/wp\/v2\/comments?post=16"}],"version-history":[{"count":25,"href":"https:\/\/wp.ufpel.edu.br\/espinosa\/wp-json\/wp\/v2\/pages\/16\/revisions"}],"predecessor-version":[{"id":241,"href":"https:\/\/wp.ufpel.edu.br\/espinosa\/wp-json\/wp\/v2\/pages\/16\/revisions\/241"}],"up":[{"embeddable":true,"href":"https:\/\/wp.ufpel.edu.br\/espinosa\/wp-json\/wp\/v2\/pages\/9"}],"wp:attachment":[{"href":"https:\/\/wp.ufpel.edu.br\/espinosa\/wp-json\/wp\/v2\/media?parent=16"}],"curies":[{"name":"wp","href":"https:\/\/api.w.org\/{rel}","templated":true}]}}