{"id":8,"date":"2018-02-05T09:52:02","date_gmt":"2018-02-05T11:52:02","guid":{"rendered":"https:\/\/wp.ufpel.edu.br\/especializacaoesef\/?page_id=8"},"modified":"2020-09-18T11:57:35","modified_gmt":"2020-09-18T14:57:35","slug":"o-programa","status":"publish","type":"page","link":"https:\/\/wp.ufpel.edu.br\/especializacaoesef\/o-programa\/","title":{"rendered":"O Programa"},"content":{"rendered":"<p style=\"text-align: justify\"><strong>Introdu\u00e7\u00e3o<\/strong><\/p>\n<p style=\"text-align: justify\">A Educa\u00e7\u00e3o F\u00edsica \u00e9 considerada tanto uma \u00e1rea de conhecimento quanto uma \u00e1rea de interven\u00e7\u00e3o profissional. No \u00e2mbito escolar, a Educa\u00e7\u00e3o F\u00edsica \u00e9 uma disciplina que tem como objetivo a forma\u00e7\u00e3o do (a) aluno (a) atrav\u00e9s dos conte\u00fados da cultura corporal: esportes, jogos, dan\u00e7as, gin\u00e1stica e lutas. Para tanto, utiliza-se de procedimentos pedag\u00f3gicos que sistematizam o conhecimento desses conte\u00fados, adequando-se aos diferentes n\u00edveis da educa\u00e7\u00e3o formal.<br \/>\nAs limita\u00e7\u00f5es impostas pelas diretrizes curriculares, no que se refere ao n\u00famero total de horas dos cursos de Licenciatura em Educa\u00e7\u00e3o F\u00edsica, tornaram imposs\u00edvel,\u00a0durante este processo de forma\u00e7\u00e3o inicial, aprofundar conhecimentos que abordam quest\u00f5es sobre curr\u00edculo, planejamento, metodologia, programas, conte\u00fados, objetivos, avalia\u00e7\u00e3o, legisla\u00e7\u00e3o, pol\u00edticas p\u00fablicas e condi\u00e7\u00f5es de trabalho.<br \/>\nCom vistas a buscar diminuir as lacunas de forma\u00e7\u00e3o profissional e oferecer qualifica\u00e7\u00e3o adequada, o corpo docente da Escola Superior de Educa\u00e7\u00e3o F\u00edsica da Universidade Federal de Pelotas, oportuniza, por meio do Curso de P\u00f3s-Gradua\u00e7\u00e3o em Educa\u00e7\u00e3o F\u00edsica, em n\u00edvel de Especializa\u00e7\u00e3o ( <em>Lato Sensu<\/em> ), com \u00e1rea de concentra\u00e7\u00e3o em Educa\u00e7\u00e3o F\u00edsica Escolar, a forma\u00e7\u00e3o continuada com qualifica\u00e7\u00e3o profissional para atua\u00e7\u00e3o na \u00e1rea de educa\u00e7\u00e3o f\u00edsica escolar.<\/p>\n<p>&nbsp;<\/p>\n<p style=\"text-align: justify\"><strong>Objetivos <\/strong><\/p>\n<p style=\"text-align: justify\"><strong>Geral<\/strong><\/p>\n<p style=\"text-align: justify\">Contribuir para forma\u00e7\u00e3o qualificada e atualizada de recursos humanos para aprofundamento do saber e do fazer docente em Educa\u00e7\u00e3o F\u00edsica Escolar.<\/p>\n<p><strong>Espec\u00edficos<\/strong><\/p>\n<ul>\n<li style=\"text-align: justify\">Capacitar profissionais licenciados em educa\u00e7\u00e3o f\u00edsica para atua\u00e7\u00e3o no \u00e2mbito da gest\u00e3o, do planejamento e da avalia\u00e7\u00e3o em Educa\u00e7\u00e3o F\u00edsica Escolar;<\/li>\n<li style=\"text-align: justify\">Instrumentalizar licenciados em educa\u00e7\u00e3o f\u00edsica para realizarem pesquisas cient\u00edficas na \u00e1rea da\u00a0Educa\u00e7\u00e3o F\u00edsica Escolar;<\/li>\n<li style=\"text-align: justify\">Conhecer as concep\u00e7\u00f5es pedag\u00f3gicas e as novas metodologias de ensino na \u00e1rea da\u00a0Educa\u00e7\u00e3o F\u00edsica Escolar.<\/li>\n<li style=\"text-align: justify\">Problematizar aspectos da forma\u00e7\u00e3o do trabalhador em educa\u00e7\u00e3o f\u00edsica escolar e n\u00e3o escolar;<\/li>\n<li style=\"text-align: justify\">Ministrar conhecimentos sobre os impactos da transforma\u00e7\u00e3o do mundo do trabalho no trabalho do professor de\u00a0educa\u00e7\u00e3o f\u00edsica escolar e n\u00e3o escolar.<\/li>\n<\/ul>\n<p>&nbsp;<\/p>\n<p><strong>Funcionamento do Curso<\/strong><\/p>\n<ol>\n<li><strong>Metas:<\/strong><\/li>\n<\/ol>\n<ul>\n<li style=\"text-align: justify\">Atender at\u00e9 60 professores\/alunos a cada ingresso;<\/li>\n<li style=\"text-align: justify\">Especializar, prioritariamente, profissionais em atividades nas institui\u00e7\u00f5es formais de ensino e profissionais atuantes na \u00e1rea da atividade f\u00edsica e sa\u00fade.<\/li>\n<\/ul>\n<p>2. <strong>Ingresso:<\/strong><\/p>\n<ul>\n<li style=\"text-align: justify\">Requisito: ser portador de diploma de licenciatura\/bacharelado em Curso de n\u00edvel superior em Educa\u00e7\u00e3o F\u00edsica ou \u00e1reas a fins.<\/li>\n<li style=\"text-align: justify\">Vagas: s\u00e3o oferecidas um total de 60 vagas, sendo 30 vagas para professores habilitados de acordo com o edital de sele\u00e7\u00e3o, 15 vagas para professores da Secretaria Municipal de Educa\u00e7\u00e3o (SMED) e 15 vagas para a 5\u00aa Coordenadoria Regional de Ensino (5\u00aa CRE).<\/li>\n<li style=\"text-align: justify\">Processo seletivo: atrav\u00e9s de edital espec\u00edfico para sele\u00e7\u00e3o de aluno regular em n\u00edvel de especializa\u00e7\u00e3o, publicado na p\u00e1gina da Pr\u00f3 Reitoria de Pesquisa, P\u00f3s-Gradua\u00e7\u00e3o e Inova\u00e7\u00e3o (<a href=\"https:\/\/wp.ufpel.edu.br\/prppgi\/editais-da-pos-graduacao\/\">https:\/\/wp.ufpel.edu.br\/prppgi\/editais-da-pos-graduacao\/<\/a>) e na p\u00e1gina do Curso (<a href=\"https:\/\/wp.ufpel.edu.br\/especializacaoesef\/\">https:\/\/wp.ufpel.edu.br\/especializacaoesef\/<\/a>).<\/li>\n<\/ul>\n<p>3.<strong> Carga hor\u00e1ria e dura\u00e7\u00e3o:<\/strong><\/p>\n<p style=\"text-align: justify\">O Curso de P\u00f3s-Gradua\u00e7\u00e3o <em>Lato Sensu<\/em> Especializa\u00e7\u00e3o em Educa\u00e7\u00e3o F\u00edsica, com \u00e1rea de concentra\u00e7\u00e3o em &#8220;Educa\u00e7\u00e3o F\u00edsica Escolar&#8221;, possui uma carga hor\u00e1ria total de 391 horas aula e a elabora\u00e7\u00e3o de um TCC (Trabalho de Conclus\u00e3o de Curso). A previs\u00e3o para conclus\u00e3o do curso \u00e9 de no m\u00e1ximo 18 meses.<\/p>\n<p>4. <strong>Aulas e frequ\u00eancia:<\/strong><\/p>\n<p style=\"text-align: justify\">As aulas s\u00e3o ministradas na sede da ESEF\/UFPEL (Rua Lu\u00eds de Cam\u00f5es, 625, Tablada) no turno da noite. \u00c9 exigida uma frequ\u00eancia m\u00ednima de 75% das aulas ministradas em cada disciplina.<\/p>\n<p>5. <strong>Trabalho de Conclus\u00e3o de Curso (TCC):<\/strong><\/p>\n<p style=\"text-align: justify\">Ser\u00e1 elaborada uma monografia que tematize problemas vividos pelo professor no cotidiano do trabalho escolar e que apresente solu\u00e7\u00f5es e\/ou alternativas para enfrenta-los. Os alunos que n\u00e3o atuam na educa\u00e7\u00e3o b\u00e1sica ser\u00e3o apresentados \u00e0 escolas de educa\u00e7\u00e3o b\u00e1sica para que possam realizar seu trabalho.<br \/>\nEm data previamente estipulada pela coordena\u00e7\u00e3o do curso, o aluno juntamente com o seu orientador dever\u00e1 escolher dois professores que constituir\u00e3o a banca examinadora que emitir\u00e1 parecer de avalia\u00e7\u00e3o ao seu TCC.<\/p>\n","protected":false},"excerpt":{"rendered":"<p>Introdu\u00e7\u00e3o A Educa\u00e7\u00e3o F\u00edsica \u00e9 considerada tanto uma \u00e1rea de conhecimento quanto uma \u00e1rea de interven\u00e7\u00e3o profissional. No \u00e2mbito escolar, a Educa\u00e7\u00e3o F\u00edsica \u00e9 uma disciplina que tem como objetivo a forma\u00e7\u00e3o do (a) aluno (a) atrav\u00e9s dos conte\u00fados da cultura corporal: esportes, jogos, dan\u00e7as, gin\u00e1stica e lutas. Para tanto, utiliza-se de procedimentos pedag\u00f3gicos que [&hellip;]<\/p>\n","protected":false},"author":822,"featured_media":0,"parent":0,"menu_order":0,"comment_status":"closed","ping_status":"closed","template":"","meta":{"footnotes":""},"class_list":["post-8","page","type-page","status-publish","hentry"],"_links":{"self":[{"href":"https:\/\/wp.ufpel.edu.br\/especializacaoesef\/wp-json\/wp\/v2\/pages\/8","targetHints":{"allow":["GET"]}}],"collection":[{"href":"https:\/\/wp.ufpel.edu.br\/especializacaoesef\/wp-json\/wp\/v2\/pages"}],"about":[{"href":"https:\/\/wp.ufpel.edu.br\/especializacaoesef\/wp-json\/wp\/v2\/types\/page"}],"author":[{"embeddable":true,"href":"https:\/\/wp.ufpel.edu.br\/especializacaoesef\/wp-json\/wp\/v2\/users\/822"}],"replies":[{"embeddable":true,"href":"https:\/\/wp.ufpel.edu.br\/especializacaoesef\/wp-json\/wp\/v2\/comments?post=8"}],"version-history":[{"count":22,"href":"https:\/\/wp.ufpel.edu.br\/especializacaoesef\/wp-json\/wp\/v2\/pages\/8\/revisions"}],"predecessor-version":[{"id":265,"href":"https:\/\/wp.ufpel.edu.br\/especializacaoesef\/wp-json\/wp\/v2\/pages\/8\/revisions\/265"}],"wp:attachment":[{"href":"https:\/\/wp.ufpel.edu.br\/especializacaoesef\/wp-json\/wp\/v2\/media?parent=8"}],"curies":[{"name":"wp","href":"https:\/\/api.w.org\/{rel}","templated":true}]}}