{"id":31,"date":"2018-02-07T08:25:28","date_gmt":"2018-02-07T10:25:28","guid":{"rendered":"https:\/\/wp.ufpel.edu.br\/especializacaoesef\/?page_id=31"},"modified":"2023-02-08T16:25:28","modified_gmt":"2023-02-08T19:25:28","slug":"contato","status":"publish","type":"page","link":"https:\/\/wp.ufpel.edu.br\/especializacaoesef\/contato\/","title":{"rendered":"Fale Conosco"},"content":{"rendered":"<p><strong>Contatos:<\/strong><\/p>\n<p>Telefone: (53) 32844332<\/p>\n<p>E-mail: especializacaoesef.ufpel@gmail.com<\/p>\n<p>&nbsp;<\/p>\n<p><strong>Hor\u00e1rio de atendimento do colegiado de P\u00f3s-Gradua\u00e7\u00e3o: <\/strong>secretaria Christine Vieira Spieker<\/p>\n<p>De Segunda a Sexta das 08h as 12h e das 14h as 18h<\/p>\n<p>&nbsp;<\/p>\n<p><strong>Endere\u00e7o: <\/strong><\/p>\n<p>Escola Superior de Educa\u00e7\u00e3o F\u00edsica &#8211; UFPel<\/p>\n<p>Rua Luis de Cam\u00f5es, 625, Cohab Tablada<\/p>\n<p>Cep: 96055-630\u00a0 \u00a0 \u00a0 \u00a0Pelotas\/RS<\/p>\n","protected":false},"excerpt":{"rendered":"<p>Contatos: Telefone: (53) 32844332 E-mail: especializacaoesef.ufpel@gmail.com &nbsp; Hor\u00e1rio de atendimento do colegiado de P\u00f3s-Gradua\u00e7\u00e3o: secretaria Christine Vieira Spieker De Segunda a Sexta das 08h as 12h e das 14h as 18h &nbsp; Endere\u00e7o: Escola Superior de Educa\u00e7\u00e3o F\u00edsica &#8211; UFPel Rua Luis de Cam\u00f5es, 625, Cohab Tablada Cep: 96055-630\u00a0 \u00a0 \u00a0 \u00a0Pelotas\/RS<\/p>\n","protected":false},"author":822,"featured_media":0,"parent":0,"menu_order":6,"comment_status":"closed","ping_status":"closed","template":"","meta":{"footnotes":""},"class_list":["post-31","page","type-page","status-publish","hentry"],"_links":{"self":[{"href":"https:\/\/wp.ufpel.edu.br\/especializacaoesef\/wp-json\/wp\/v2\/pages\/31","targetHints":{"allow":["GET"]}}],"collection":[{"href":"https:\/\/wp.ufpel.edu.br\/especializacaoesef\/wp-json\/wp\/v2\/pages"}],"about":[{"href":"https:\/\/wp.ufpel.edu.br\/especializacaoesef\/wp-json\/wp\/v2\/types\/page"}],"author":[{"embeddable":true,"href":"https:\/\/wp.ufpel.edu.br\/especializacaoesef\/wp-json\/wp\/v2\/users\/822"}],"replies":[{"embeddable":true,"href":"https:\/\/wp.ufpel.edu.br\/especializacaoesef\/wp-json\/wp\/v2\/comments?post=31"}],"version-history":[{"count":12,"href":"https:\/\/wp.ufpel.edu.br\/especializacaoesef\/wp-json\/wp\/v2\/pages\/31\/revisions"}],"predecessor-version":[{"id":398,"href":"https:\/\/wp.ufpel.edu.br\/especializacaoesef\/wp-json\/wp\/v2\/pages\/31\/revisions\/398"}],"wp:attachment":[{"href":"https:\/\/wp.ufpel.edu.br\/especializacaoesef\/wp-json\/wp\/v2\/media?parent=31"}],"curies":[{"name":"wp","href":"https:\/\/api.w.org\/{rel}","templated":true}]}}