{"id":28,"date":"2018-02-07T08:25:02","date_gmt":"2018-02-07T10:25:02","guid":{"rendered":"https:\/\/wp.ufpel.edu.br\/especializacaoesef\/?page_id=28"},"modified":"2022-12-26T17:03:25","modified_gmt":"2022-12-26T20:03:25","slug":"documentos","status":"publish","type":"page","link":"https:\/\/wp.ufpel.edu.br\/especializacaoesef\/documentos\/","title":{"rendered":"Documentos"},"content":{"rendered":"<p><em><strong>Para Discentes ou Ingressantes:<\/strong><\/em><\/p>\n<p><a href=\"https:\/\/wp.ufpel.edu.br\/especializacaoesef\/files\/2021\/05\/Formulario-1-Requerimento-de-Inscricao.doc\">Formul\u00e1rio 1 &#8211; Requerimento de Inscri\u00e7\u00e3o<\/a><\/p>\n<p><a href=\"https:\/\/wp.ufpel.edu.br\/especializacaoesef\/files\/2021\/05\/Planilha-avaliacao-curriculo-proc-seletivo-2020-2.xlsx\">Planilha de Pontua\u00e7\u00e3o Curr\u00edculo Lattes<\/a><\/p>\n<p><a href=\"https:\/\/wp.ufpel.edu.br\/especializacaoesef\/files\/2018\/02\/Formulario-matr\u00edcula.docx\">Formul\u00e1rio 2 &#8211; Matr\u00edcula<\/a><\/p>\n<p><a href=\"https:\/\/wp.ufpel.edu.br\/especializacaoesef\/files\/2018\/02\/Aproveitamento-de-cr\u00e9ditos.pdf\">Formul\u00e1rio 6 &#8211; Aproveitamento de cr\u00e9ditos<\/a><\/p>\n<p><a href=\"https:\/\/wp.ufpel.edu.br\/especializacaoesef\/files\/2018\/02\/Formul\u00e1rio-9-Cancelamento-de-Matr\u00edcula-em-Disciplina.doc\">Formul\u00e1rio 9 &#8211; Cancelamento de Matr\u00edcula em Disciplina<\/a><\/p>\n<p><a href=\"https:\/\/wp.ufpel.edu.br\/especializacaoesef\/files\/2018\/02\/Fomul\u00e1rio-10-Trancamento-de-Matr\u00edcula.doc\">Fomul\u00e1rio 10 &#8211; Trancamento de Matr\u00edcula<\/a><\/p>\n<p><a href=\"https:\/\/wp.ufpel.edu.br\/especializacaoesef\/files\/2018\/03\/Indica\u00e7\u00e3o-da-banca-e-orienta\u00e7\u00f5es-para-o-TCC.pdf\">Indica\u00e7\u00e3o da banca e orienta\u00e7\u00f5es para o TCCP<\/a><\/p>\n<p><a href=\"https:\/\/wp.ufpel.edu.br\/especializacaoesef\/files\/2020\/08\/Termo-tcc-e-especializacao.pdf\">Termo de Autoriza\u00e7\u00e3o do TCCP para Biblioteca &#8211; PDF<\/a><\/p>\n<p><a href=\"https:\/\/wp.ufpel.edu.br\/especializacaoesef\/files\/2020\/08\/Termo-tcc-e-especializacao.docx\">Termo de Autoriza\u00e7\u00e3o do TCCP para Biblioteca &#8211; WORD<\/a><\/p>\n<p><a href=\"https:\/\/wp.ufpel.edu.br\/especializacaoesef\/files\/2022\/12\/NORMAS-PARA-ELABORACAO-DO-TCCP.pdf\" target=\"_blank\" rel=\"noopener\">NORMAS PARA ELABORA\u00c7\u00c3O DO TCCP<\/a><\/p>\n<p><a href=\"https:\/\/wp.ufpel.edu.br\/especializacaoesef\/files\/2022\/12\/ORIENTACOES-PARA-ENTREGA-DA-VERSAO-FINAL-DO-TCCP.pdf\" target=\"_blank\" rel=\"noopener\">ORIENTA\u00c7\u00d5ES-PARA-ENTREGA-DA-VERS\u00c3O-FINAL-DO-TCCP<\/a><\/p>\n<p><a href=\"https:\/\/wp.ufpel.edu.br\/especializacaoesef\/files\/2022\/12\/Orientacoes-para-Emissao-de-Diploma.pdf\" target=\"_blank\" rel=\"noopener\">Orienta\u00e7\u00f5es-para-Emiss\u00e3o-de-Diploma<\/a><\/p>\n<p>&nbsp;<\/p>\n<p><em><strong>Para Docentes:<\/strong><\/em><\/p>\n<p><a href=\"https:\/\/wp.ufpel.edu.br\/especializacaoesef\/files\/2018\/02\/FICHA-DE-AVALICAO-TRABALHO-FINAL.docx\">Ficha de Avalia\u00e7\u00e3o para o TCC<\/a><\/p>\n<p><a href=\"https:\/\/wp.ufpel.edu.br\/especializacaoesef\/files\/2018\/02\/Formul\u00e1rio-altera\u00e7\u00e3o-notas-e-frequencia.pdf\">Formul\u00e1rio para altera\u00e7\u00e3o de notas e frequ\u00eancia<\/a><\/p>\n<p>&nbsp;<\/p>\n<p><em><strong>Gerais:<\/strong><\/em><\/p>\n<p><a href=\"https:\/\/wp.ufpel.edu.br\/especializacaoesef\/files\/2021\/05\/PPP-do-Curso-2015.pdf\">Projeto Pedag\u00f3gico do Curso &#8211; 2015<\/a><\/p>\n<p><a href=\"https:\/\/wp.ufpel.edu.br\/especializacaoesef\/files\/2018\/02\/Regimento-Lato-Senso-da-UFPel.doc\">Regimento Lato Senso da UFPel<\/a><\/p>\n<p>Demais documentos na p\u00e1gina da <a href=\"https:\/\/wp.ufpel.edu.br\/prppgi\/documentos-2\/\">PRPPGI<\/a><\/p>\n","protected":false},"excerpt":{"rendered":"<p>Para Discentes ou Ingressantes: Formul\u00e1rio 1 &#8211; Requerimento de Inscri\u00e7\u00e3o Planilha de Pontua\u00e7\u00e3o Curr\u00edculo Lattes Formul\u00e1rio 2 &#8211; Matr\u00edcula Formul\u00e1rio 6 &#8211; Aproveitamento de cr\u00e9ditos Formul\u00e1rio 9 &#8211; Cancelamento de Matr\u00edcula em Disciplina Fomul\u00e1rio 10 &#8211; Trancamento de Matr\u00edcula Indica\u00e7\u00e3o da banca e orienta\u00e7\u00f5es para o TCCP Termo de Autoriza\u00e7\u00e3o do TCCP para Biblioteca &#8211; [&hellip;]<\/p>\n","protected":false},"author":822,"featured_media":0,"parent":0,"menu_order":5,"comment_status":"closed","ping_status":"closed","template":"","meta":{"footnotes":""},"class_list":["post-28","page","type-page","status-publish","hentry"],"_links":{"self":[{"href":"https:\/\/wp.ufpel.edu.br\/especializacaoesef\/wp-json\/wp\/v2\/pages\/28","targetHints":{"allow":["GET"]}}],"collection":[{"href":"https:\/\/wp.ufpel.edu.br\/especializacaoesef\/wp-json\/wp\/v2\/pages"}],"about":[{"href":"https:\/\/wp.ufpel.edu.br\/especializacaoesef\/wp-json\/wp\/v2\/types\/page"}],"author":[{"embeddable":true,"href":"https:\/\/wp.ufpel.edu.br\/especializacaoesef\/wp-json\/wp\/v2\/users\/822"}],"replies":[{"embeddable":true,"href":"https:\/\/wp.ufpel.edu.br\/especializacaoesef\/wp-json\/wp\/v2\/comments?post=28"}],"version-history":[{"count":28,"href":"https:\/\/wp.ufpel.edu.br\/especializacaoesef\/wp-json\/wp\/v2\/pages\/28\/revisions"}],"predecessor-version":[{"id":396,"href":"https:\/\/wp.ufpel.edu.br\/especializacaoesef\/wp-json\/wp\/v2\/pages\/28\/revisions\/396"}],"wp:attachment":[{"href":"https:\/\/wp.ufpel.edu.br\/especializacaoesef\/wp-json\/wp\/v2\/media?parent=28"}],"curies":[{"name":"wp","href":"https:\/\/api.w.org\/{rel}","templated":true}]}}