{"id":19,"date":"2018-02-07T08:20:31","date_gmt":"2018-02-07T10:20:31","guid":{"rendered":"https:\/\/wp.ufpel.edu.br\/especializacaoesef\/?page_id=19"},"modified":"2021-05-10T18:31:55","modified_gmt":"2021-05-10T21:31:55","slug":"linha-de-pesquisa","status":"publish","type":"page","link":"https:\/\/wp.ufpel.edu.br\/especializacaoesef\/linha-de-pesquisa\/","title":{"rendered":"Linha de Pesquisa"},"content":{"rendered":"<p>\u00c1rea de Concentra\u00e7\u00e3o (linha de pesquisa):<\/p>\n<p>O curso de P\u00f3s-Gradua\u00e7\u00e3o em Educa\u00e7\u00e3o F\u00edsica, em n\u00edvel de Especializa\u00e7\u00e3o (<em>Lato Sensu),<\/em> oportuniza, al\u00e9m da especializa\u00e7\u00e3o profissional, o desenvolvimento cr\u00edtico e a inicia\u00e7\u00e3o \u00e0 pesquisa na \u00e1rea da <em>Educa\u00e7\u00e3o F\u00edsica Escolar<\/em>.<\/p>\n","protected":false},"excerpt":{"rendered":"<p>\u00c1rea de Concentra\u00e7\u00e3o (linha de pesquisa): O curso de P\u00f3s-Gradua\u00e7\u00e3o em Educa\u00e7\u00e3o F\u00edsica, em n\u00edvel de Especializa\u00e7\u00e3o (Lato Sensu), oportuniza, al\u00e9m da especializa\u00e7\u00e3o profissional, o desenvolvimento cr\u00edtico e a inicia\u00e7\u00e3o \u00e0 pesquisa na \u00e1rea da Educa\u00e7\u00e3o F\u00edsica Escolar.<\/p>\n","protected":false},"author":822,"featured_media":0,"parent":0,"menu_order":3,"comment_status":"closed","ping_status":"closed","template":"","meta":{"footnotes":""},"class_list":["post-19","page","type-page","status-publish","hentry"],"_links":{"self":[{"href":"https:\/\/wp.ufpel.edu.br\/especializacaoesef\/wp-json\/wp\/v2\/pages\/19","targetHints":{"allow":["GET"]}}],"collection":[{"href":"https:\/\/wp.ufpel.edu.br\/especializacaoesef\/wp-json\/wp\/v2\/pages"}],"about":[{"href":"https:\/\/wp.ufpel.edu.br\/especializacaoesef\/wp-json\/wp\/v2\/types\/page"}],"author":[{"embeddable":true,"href":"https:\/\/wp.ufpel.edu.br\/especializacaoesef\/wp-json\/wp\/v2\/users\/822"}],"replies":[{"embeddable":true,"href":"https:\/\/wp.ufpel.edu.br\/especializacaoesef\/wp-json\/wp\/v2\/comments?post=19"}],"version-history":[{"count":6,"href":"https:\/\/wp.ufpel.edu.br\/especializacaoesef\/wp-json\/wp\/v2\/pages\/19\/revisions"}],"predecessor-version":[{"id":313,"href":"https:\/\/wp.ufpel.edu.br\/especializacaoesef\/wp-json\/wp\/v2\/pages\/19\/revisions\/313"}],"wp:attachment":[{"href":"https:\/\/wp.ufpel.edu.br\/especializacaoesef\/wp-json\/wp\/v2\/media?parent=19"}],"curies":[{"name":"wp","href":"https:\/\/api.w.org\/{rel}","templated":true}]}}