{"id":997,"date":"2021-07-13T11:05:33","date_gmt":"2021-07-13T14:05:33","guid":{"rendered":"https:\/\/wp.ufpel.edu.br\/especializacaoemartesvisuais\/?page_id=997"},"modified":"2023-07-18T10:56:46","modified_gmt":"2023-07-18T13:56:46","slug":"2021-2","status":"publish","type":"page","link":"https:\/\/wp.ufpel.edu.br\/especializacaoemartesvisuais\/monografias\/2021-2\/","title":{"rendered":"2021"},"content":{"rendered":"<p><strong>Alan Caetano C\u00e2ndido. <\/strong>\u201cO negro e o carnaval: as representa\u00e7\u00f5es imag\u00e9ticas e as rela\u00e7\u00f5es de verticalidade no cotidiano, 2021.<br \/>\n<a href=\"https:\/\/wp.ufpel.edu.br\/especializacaoemartesvisuais\/files\/2022\/05\/MONOGRAFIA-Alan-Candido.pdf\">Arquivo.<\/a><\/p>\n<p><strong>Andr\u00e9ia Vargas Bartel. <\/strong>Arte como inspira\u00e7\u00e3o em tempos de distanciamento social, 2021.<br \/>\n<a href=\"https:\/\/wp.ufpel.edu.br\/especializacaoemartesvisuais\/files\/2021\/10\/Andreia-Vargas-Bartel-Versao-Final-Corrigida.pdf\">Arquivo.<\/a><\/p>\n<p><strong>Guilherme Susin Sirtoli.<\/strong>\u00a0A experi\u00eancia est\u00e9tica e a participa\u00e7\u00e3o ativa do espectador: entre a po\u00e9tica e o ensino de Artes Visuais, 2021.<br \/>\n<a href=\"https:\/\/wp.ufpel.edu.br\/especializacaoemartesvisuais\/files\/2021\/07\/monografia-especializacao-guilherme-com-correcoes.pdf\">Arquivo.<\/a><\/p>\n<p><strong>Julia Petiz Porto.\u00a0<\/strong>Bordar e fofocar: oficinas de artes t\u00eaxteis e a cria\u00e7\u00e3o de lugares de cultivo feminista. 2021.<br \/>\n<a href=\"https:\/\/wp.ufpel.edu.br\/especializacaoemartesvisuais\/files\/2022\/05\/Monografia_final.pdf\">Arquivo.<\/a><\/p>\n<p><strong>Thalles Echeverry Feij\u00f3.<\/strong> A Constru\u00e7\u00e3o do texto performativo do espet\u00e1culo \u2018\u2018Cad\u00e1ver\u2019\u2019, 2021.<br \/>\n<a href=\"https:\/\/wp.ufpel.edu.br\/especializacaoemartesvisuais\/files\/2021\/12\/A-construcao-do-texto-performativo-do-espetaculo-Cadaver-VERSAO-FINAL.pdf\">Arquivo.<\/a><\/p>\n<p><strong>Robson Teixeira Porto.<\/strong> Problematiza\u00e7\u00f5es acerca das estrat\u00e9gias de ensino de Samba de Sal\u00e3o: uma pesquisa-a\u00e7\u00e3o no Tat\u00e1 N\u00facleo de Dan\u00e7a-Teatro, 2021.<br \/>\n<a href=\"https:\/\/wp.ufpel.edu.br\/especializacaoemartesvisuais\/files\/2021\/10\/Monografia-Robson-Porto.pdf\">Arquivo.<\/a><\/p>\n<p><strong>Vanessa Martins da Silva. <\/strong>Jogos e as brincadeiras das crian\u00e7as na perspectiva da performance, 2021.<br \/>\n<a href=\"https:\/\/wp.ufpel.edu.br\/especializacaoemartesvisuais\/files\/2021\/10\/Monografia-apresentada-ao-Programa-de-Pos-Graduacao-em-Artes-Jogos-e-brincadeiras-das-criancas-na-perspectiva-da-performance-Vanessa-Martins-da-Silva.pdf\">Arquivo.<\/a><\/p>\n","protected":false},"excerpt":{"rendered":"<p>Alan Caetano C\u00e2ndido. \u201cO negro e o carnaval: as representa\u00e7\u00f5es imag\u00e9ticas e as rela\u00e7\u00f5es de verticalidade no cotidiano, 2021. Arquivo. Andr\u00e9ia Vargas Bartel. Arte como inspira\u00e7\u00e3o em tempos de distanciamento social, 2021. Arquivo. Guilherme Susin Sirtoli.\u00a0A experi\u00eancia est\u00e9tica e a participa\u00e7\u00e3o ativa do espectador: entre a po\u00e9tica e o ensino de Artes Visuais, 2021. Arquivo. [&hellip;]<\/p>\n","protected":false},"author":281,"featured_media":0,"parent":26,"menu_order":3,"comment_status":"closed","ping_status":"closed","template":"","meta":{"footnotes":""},"class_list":["post-997","page","type-page","status-publish","hentry"],"_links":{"self":[{"href":"https:\/\/wp.ufpel.edu.br\/especializacaoemartesvisuais\/wp-json\/wp\/v2\/pages\/997","targetHints":{"allow":["GET"]}}],"collection":[{"href":"https:\/\/wp.ufpel.edu.br\/especializacaoemartesvisuais\/wp-json\/wp\/v2\/pages"}],"about":[{"href":"https:\/\/wp.ufpel.edu.br\/especializacaoemartesvisuais\/wp-json\/wp\/v2\/types\/page"}],"author":[{"embeddable":true,"href":"https:\/\/wp.ufpel.edu.br\/especializacaoemartesvisuais\/wp-json\/wp\/v2\/users\/281"}],"replies":[{"embeddable":true,"href":"https:\/\/wp.ufpel.edu.br\/especializacaoemartesvisuais\/wp-json\/wp\/v2\/comments?post=997"}],"version-history":[{"count":7,"href":"https:\/\/wp.ufpel.edu.br\/especializacaoemartesvisuais\/wp-json\/wp\/v2\/pages\/997\/revisions"}],"predecessor-version":[{"id":1287,"href":"https:\/\/wp.ufpel.edu.br\/especializacaoemartesvisuais\/wp-json\/wp\/v2\/pages\/997\/revisions\/1287"}],"up":[{"embeddable":true,"href":"https:\/\/wp.ufpel.edu.br\/especializacaoemartesvisuais\/wp-json\/wp\/v2\/pages\/26"}],"wp:attachment":[{"href":"https:\/\/wp.ufpel.edu.br\/especializacaoemartesvisuais\/wp-json\/wp\/v2\/media?parent=997"}],"curies":[{"name":"wp","href":"https:\/\/api.w.org\/{rel}","templated":true}]}}