{"id":942,"date":"2021-03-10T10:32:06","date_gmt":"2021-03-10T13:32:06","guid":{"rendered":"https:\/\/wp.ufpel.edu.br\/especializacaoemartesvisuais\/?page_id=942"},"modified":"2023-08-29T10:08:03","modified_gmt":"2023-08-29T13:08:03","slug":"formularios-e-procedimentos","status":"publish","type":"page","link":"https:\/\/wp.ufpel.edu.br\/especializacaoemartesvisuais\/documentos\/formularios-e-procedimentos\/","title":{"rendered":"Formul\u00e1rios e Procedimentos"},"content":{"rendered":"<p style=\"text-align: justify;\">Nesta p\u00e1gina voc\u00ea encontra guias para os principais procedimentos junto \u00e0 Secretaria da P\u00f3s-Gradua\u00e7\u00e3o em Artes.<\/p>\n<p>&nbsp;<\/p>\n<p><a href=\"https:\/\/wp.ufpel.edu.br\/especializacaoemartesvisuais\/files\/2023\/08\/COMPOSICAO-DE-BANCA.doc\">COMPOSI\u00c7\u00c3O E MARCA\u00c7\u00c3O DE BANCA (NOVO)<\/a><\/p>\n<p><a href=\"https:\/\/wp.ufpel.edu.br\/especializacaoemartesvisuais\/files\/2013\/06\/Trancamento-de-disciplina.doc\">Trancamento de disciplina<\/a><\/p>\n<p><a href=\"https:\/\/wp.ufpel.edu.br\/especializacaoemartesvisuais\/files\/2013\/06\/Trancamento-de-matr\u00edcula.doc\">Trancamento de matr\u00edcula<\/a><\/p>\n<p><span style=\"font-family: arial,helvetica,sans-serif;\"><a href=\"https:\/\/wp.ufpel.edu.br\/mestradoartesvisuais\/files\/2013\/08\/Formul%C3%A1rio-6-%E2%80%93-Aproveitamento-de-Cr%C3%A9ditos.doc\">Aproveitamento de Cr\u00e9ditos<\/a>\u00a0<\/span><\/p>\n<p><a href=\"https:\/\/wp.ufpel.edu.br\/especializacaoemartesvisuais\/files\/2013\/06\/CONFIRMA\u00c7\u00c3O-DE-ORIENTA\u00c7\u00c3O.doc\">CONFIRMA\u00c7\u00c3O DE ORIENTA\u00c7\u00c3O<\/a><\/p>\n<p><a href=\"https:\/\/wp.ufpel.edu.br\/especializacaoemartesvisuais\/files\/2021\/11\/Formulario-de-Anteprojeto-de-Pesquisa.doc\">Formul\u00e1rio de Anteprojeto de Pesquisa<\/a><\/p>\n<p><a href=\"https:\/\/wp.ufpel.edu.br\/mestradoartesvisuais\/files\/2013\/08\/Manual_Normas_UFPel_trabalhos_acad%C3%AAmicos.pdf\">Manual da UFPel para elabora\u00e7\u00e3o de Trabalhos Acad\u00eamicos<\/a><\/p>\n<p><a href=\"https:\/\/wp.ufpel.edu.br\/especializacaoemartesvisuais\/files\/2021\/03\/Novo-REGIMENTO-SEI_23110.049808_2018_81.pdf\">PPC do Curso<\/a><\/p>\n<p><a href=\"https:\/\/wp.ufpel.edu.br\/especializacaoemartesvisuais\/files\/2021\/04\/Termo-tcc-e-especializacao.pdf\">Formul\u00e1rio de Autoriza\u00e7\u00e3o TCC para Biblioteca<\/a> (NOVO)<\/p>\n","protected":false},"excerpt":{"rendered":"<p>Nesta p\u00e1gina voc\u00ea encontra guias para os principais procedimentos junto \u00e0 Secretaria da P\u00f3s-Gradua\u00e7\u00e3o em Artes. &nbsp; COMPOSI\u00c7\u00c3O E MARCA\u00c7\u00c3O DE BANCA (NOVO) Trancamento de disciplina Trancamento de matr\u00edcula Aproveitamento de Cr\u00e9ditos\u00a0 CONFIRMA\u00c7\u00c3O DE ORIENTA\u00c7\u00c3O Formul\u00e1rio de Anteprojeto de Pesquisa Manual da UFPel para elabora\u00e7\u00e3o de Trabalhos Acad\u00eamicos PPC do Curso Formul\u00e1rio de Autoriza\u00e7\u00e3o TCC [&hellip;]<\/p>\n","protected":false},"author":281,"featured_media":0,"parent":34,"menu_order":2,"comment_status":"closed","ping_status":"closed","template":"","meta":{"footnotes":""},"class_list":["post-942","page","type-page","status-publish","hentry"],"_links":{"self":[{"href":"https:\/\/wp.ufpel.edu.br\/especializacaoemartesvisuais\/wp-json\/wp\/v2\/pages\/942","targetHints":{"allow":["GET"]}}],"collection":[{"href":"https:\/\/wp.ufpel.edu.br\/especializacaoemartesvisuais\/wp-json\/wp\/v2\/pages"}],"about":[{"href":"https:\/\/wp.ufpel.edu.br\/especializacaoemartesvisuais\/wp-json\/wp\/v2\/types\/page"}],"author":[{"embeddable":true,"href":"https:\/\/wp.ufpel.edu.br\/especializacaoemartesvisuais\/wp-json\/wp\/v2\/users\/281"}],"replies":[{"embeddable":true,"href":"https:\/\/wp.ufpel.edu.br\/especializacaoemartesvisuais\/wp-json\/wp\/v2\/comments?post=942"}],"version-history":[{"count":11,"href":"https:\/\/wp.ufpel.edu.br\/especializacaoemartesvisuais\/wp-json\/wp\/v2\/pages\/942\/revisions"}],"predecessor-version":[{"id":1342,"href":"https:\/\/wp.ufpel.edu.br\/especializacaoemartesvisuais\/wp-json\/wp\/v2\/pages\/942\/revisions\/1342"}],"up":[{"embeddable":true,"href":"https:\/\/wp.ufpel.edu.br\/especializacaoemartesvisuais\/wp-json\/wp\/v2\/pages\/34"}],"wp:attachment":[{"href":"https:\/\/wp.ufpel.edu.br\/especializacaoemartesvisuais\/wp-json\/wp\/v2\/media?parent=942"}],"curies":[{"name":"wp","href":"https:\/\/api.w.org\/{rel}","templated":true}]}}