{"id":637,"date":"2018-04-19T14:44:55","date_gmt":"2018-04-19T17:44:55","guid":{"rendered":"https:\/\/wp.ufpel.edu.br\/especializacaoemartesvisuais\/?page_id=637"},"modified":"2025-02-24T08:21:40","modified_gmt":"2025-02-24T11:21:40","slug":"2018-2","status":"publish","type":"page","link":"https:\/\/wp.ufpel.edu.br\/especializacaoemartesvisuais\/monografias\/2018-2\/","title":{"rendered":"2023"},"content":{"rendered":"<p><strong>Adi Berenice G\u00fcez e Silva. <\/strong><span class=\"fontstyle0\">Em cena: <\/span><span class=\"fontstyle2\">a miniatura como protagonista em narrativas visuais<\/span> . 2023.<br \/>\n<a href=\"https:\/\/wp.ufpel.edu.br\/especializacaoemartesvisuais\/files\/2024\/07\/monografia-Final.pdf\">Arquivo 1.<\/a><\/p>\n<p><strong>Adriene Coelho Ferreira Jerozolimski.\u00a0<\/strong> <span class=\"fontstyle0\">Cartografia de uma experi\u00eancia de Arte T\u00eaxtil contempor\u00e2nea em Bayauca, Argentina &#8211; rela\u00e7\u00f5es com as quest\u00f5es de g\u00eanero na Pampa. 2023<br \/>\n<\/span><a href=\"https:\/\/wp.ufpel.edu.br\/especializacaoemartesvisuais\/files\/2024\/07\/TCC-Adriene-Coelho-finalizado-p-entrega.pdf\">Arquivo 1.<\/a><\/p>\n<p><strong>Davi Raubach Tuthtenhagen.<\/strong> <span class=\"fontstyle0\">Devaneios da \u00e1gua no processo criativo da can\u00e7\u00e3o <\/span><span class=\"fontstyle2\">A Sanga e os Sonhos<\/span>\u00a0 2023.<br \/>\n<a href=\"https:\/\/wp.ufpel.edu.br\/especializacaoemartesvisuais\/files\/2024\/07\/20230623093221-tcc_a_sanga_e_os_sonhos.pdf\">Arquivo 1.<\/a><\/p>\n<p><strong>Dayanna Michelle Canon Perez. <\/strong><span class=\"fontstyle0\">Dramaturgia e G\u00eanero: experi\u00eancias e percursos de uma aluna, pesquisadora e professora. 2023.<br \/>\n<\/span><a href=\"https:\/\/wp.ufpel.edu.br\/especializacaoemartesvisuais\/files\/2024\/07\/Dramaturgia-e-genero-trabalho-conclusao-de-especializacao.pdf\">Arquivo 1.<\/a><\/p>\n<p><strong>Denner Rodrigues Goulart.<\/strong> <span class=\"fontstyle0\">Arte-educa\u00e7\u00e3o: A rua como lugar para a forma\u00e7\u00e3o docente. 2023<br \/>\n<\/span><\/p>\n<p><strong>Gabriela Paludo Sulczinski.\u00a0<\/strong> <span class=\"fontstyle0\">Arte, Pol\u00edtica e Sa\u00fade Mental: Travessias de uma Experi\u00eancia Profissional e Pedag\u00f3gica como Oficineira de CAPS. 2023.<br \/>\n<a href=\"https:\/\/wp.ufpel.edu.br\/especializacaoemartesvisuais\/files\/2023\/07\/Versao-FInal-Especializacao_Gabriela-Paludo-Sulczinski.pdf\">Arquivo 1.<\/a><\/span><\/p>\n<p><strong>J\u00e9ferson Lu\u00eds Dias da Silva.\u00a0<\/strong> Entre o anacronismo das imagens e os saberes da arkh\u00e9 na pintura de Maria Auxiliadora da Silva . 2023.<\/p>\n<p><strong>Roberta Domingues Machado. <\/strong>Oficinas de viol\u00e3o e musicaliza\u00e7\u00e3o para professores de educa\u00e7\u00e3o infantil: Um estudo sobre os resultados na forma\u00e7\u00e3o e atua\u00e7\u00e3o de professores de educa\u00e7\u00e3o infantil na rede municipal de Rio Grande-RS. 2023<br \/>\n<a href=\"https:\/\/wp.ufpel.edu.br\/especializacaoemartesvisuais\/files\/2024\/07\/Trabalho-de-conclusao-Roberta-Domingues.pdf\">Arquivo 1.<\/a><\/p>\n<p>&nbsp;<\/p>\n","protected":false},"excerpt":{"rendered":"<p>Adi Berenice G\u00fcez e Silva. Em cena: a miniatura como protagonista em narrativas visuais . 2023. Arquivo 1. Adriene Coelho Ferreira Jerozolimski.\u00a0 Cartografia de uma experi\u00eancia de Arte T\u00eaxtil contempor\u00e2nea em Bayauca, Argentina &#8211; rela\u00e7\u00f5es com as quest\u00f5es de g\u00eanero na Pampa. 2023 Arquivo 1. Davi Raubach Tuthtenhagen. Devaneios da \u00e1gua no processo criativo da [&hellip;]<\/p>\n","protected":false},"author":281,"featured_media":0,"parent":26,"menu_order":5,"comment_status":"closed","ping_status":"closed","template":"","meta":{"footnotes":""},"class_list":["post-637","page","type-page","status-publish","hentry"],"_links":{"self":[{"href":"https:\/\/wp.ufpel.edu.br\/especializacaoemartesvisuais\/wp-json\/wp\/v2\/pages\/637","targetHints":{"allow":["GET"]}}],"collection":[{"href":"https:\/\/wp.ufpel.edu.br\/especializacaoemartesvisuais\/wp-json\/wp\/v2\/pages"}],"about":[{"href":"https:\/\/wp.ufpel.edu.br\/especializacaoemartesvisuais\/wp-json\/wp\/v2\/types\/page"}],"author":[{"embeddable":true,"href":"https:\/\/wp.ufpel.edu.br\/especializacaoemartesvisuais\/wp-json\/wp\/v2\/users\/281"}],"replies":[{"embeddable":true,"href":"https:\/\/wp.ufpel.edu.br\/especializacaoemartesvisuais\/wp-json\/wp\/v2\/comments?post=637"}],"version-history":[{"count":10,"href":"https:\/\/wp.ufpel.edu.br\/especializacaoemartesvisuais\/wp-json\/wp\/v2\/pages\/637\/revisions"}],"predecessor-version":[{"id":1454,"href":"https:\/\/wp.ufpel.edu.br\/especializacaoemartesvisuais\/wp-json\/wp\/v2\/pages\/637\/revisions\/1454"}],"up":[{"embeddable":true,"href":"https:\/\/wp.ufpel.edu.br\/especializacaoemartesvisuais\/wp-json\/wp\/v2\/pages\/26"}],"wp:attachment":[{"href":"https:\/\/wp.ufpel.edu.br\/especializacaoemartesvisuais\/wp-json\/wp\/v2\/media?parent=637"}],"curies":[{"name":"wp","href":"https:\/\/api.w.org\/{rel}","templated":true}]}}