{"id":62,"date":"2013-06-26T11:24:24","date_gmt":"2013-06-26T14:24:24","guid":{"rendered":"https:\/\/wp.ufpel.edu.br\/especializacaoemartesvisuais\/?page_id=62"},"modified":"2024-07-19T12:49:33","modified_gmt":"2024-07-19T15:49:33","slug":"corpo-docente","status":"publish","type":"page","link":"https:\/\/wp.ufpel.edu.br\/especializacaoemartesvisuais\/curso\/corpo-docente\/","title":{"rendered":"Corpo docente"},"content":{"rendered":"<p><span style=\"font-family: georgia, palatino, serif;\">Lista de professores-pesquisadores ligados \u00e0 P\u00f3s-Gradua\u00e7\u00e3o em Artes (PGA) \u2013 Especializa\u00e7\u00e3o Lato Sensu<\/span><\/p>\n<p>&nbsp;<\/p>\n<h2><strong>Professores permanentes:<\/strong><\/h2>\n<p><span style=\"font-family: georgia, palatino, serif;\"><strong>Caroline Leal Bonilha.\u00a0<\/strong>Graduada em Artes Visuais, UFPel. Mestra em Mem\u00f3ria Social e Patrim\u00f4nio Cultural, 2010. Doutora em Educa\u00e7\u00e3o Ambiental, FURG. Para mais informa\u00e7\u00f5es, acesse o Curr\u00edculo Lattes <a href=\"http:\/\/lattes.cnpq.br\/7510255053842560\">aqui<\/a>.<\/span><\/p>\n<p><span style=\"font-family: georgia, palatino, serif;\"><strong>Gustavo Angelo Dias<\/strong>. Graduado em M\u00fasica, UNICAMP. Mestre em M\u00fasica, UFPR. Doutor em M\u00fasica, UNICAMP. Para mais informa\u00e7\u00f5es, acesse o Curr\u00edculo Lattes <a href=\"http:\/\/lattes.cnpq.br\/5475039432775076\">aqui<\/a>.<\/span><\/p>\n<p><span style=\"font-family: georgia, palatino, serif;\"><strong>Leandro Ernesto Maia.<\/strong> Graduado em Educa\u00e7\u00e3o Art\u00edstica, habilita\u00e7\u00e3o em M\u00fasica, UFRGS. Especializa\u00e7\u00e3o em Pr\u00e1xis da Cria\u00e7\u00e3o Textual, UniRITTER. Mestrado em Letras, UFRGS. Doutorado em Songwriting, Bath Spa University, Bathspa, Inglaterra. Para mais informa\u00e7\u00f5es, acesse o Curr\u00edculo Lattes <a href=\"http:\/\/lattes.cnpq.br\/9840534763456277\">aqui<\/a>.<\/span><\/p>\n<p><span style=\"font-family: georgia, palatino, serif;\"><strong>Liz\u00e2ngela Torres da Silva Martins Costa. <\/strong>Gradua\u00e7\u00e3o em Artes Pl\u00e1sticas, UFRGS. Mestrado em Po\u00e9ticas Visuais, UFRGS. Doutorado em Artes Visuais, UFRGS. Para mais informa\u00e7\u00f5es, acesse o Curr\u00edculo Lattes <a href=\"http:\/\/lattes.cnpq.br\/0711245469831249\">aqui<\/a>.<\/span><\/p>\n<p><span style=\"font-family: georgia, palatino, serif;\"><strong>Maria Fonseca Falkembach<\/strong>. Graduada em Artes c\u00eanicas, UFRGS. Mestre em Teatro, UDESC. Doutora em Educa\u00e7\u00e3o, UFRGS. Para mais informa\u00e7\u00f5es, acesse o Curr\u00edculo Lattes <a href=\"http:\/\/lattes.cnpq.br\/3998116807262286\">aqui<\/a>.<\/span><\/p>\n<p><span style=\"font-family: georgia, palatino, serif;\"><strong>Marina de Oliveira. <\/strong>Graduada em Artes C\u00eanicas, UFRGS. Mestrado em Letras, PUC-RS. Doutorado em Letras, PUC-RS. Para mais informa\u00e7\u00f5es, acesse o Curr\u00edculo Lattes <a href=\"http:\/\/lattes.cnpq.br\/4351607839545574\">aqui<\/a>.<\/span><\/p>\n<p><span style=\"font-family: georgia, palatino, serif;\"><strong>M\u00f4nica Lima de Faria. <\/strong>Graduada em Artes Visuais com habilita\u00e7\u00e3o em Design Gr\u00e1fico, UFPel. Especialista em Express\u00e3o Gr\u00e1fica, PUCRS. Mestra em Comunica\u00e7\u00e3o Social, PUCRS. Doutora em Comunica\u00e7\u00e3o Social, PUCRS. Para mais informa\u00e7\u00f5es, acesse o Curr\u00edculo Lattes <a href=\"http:\/\/lattes.cnpq.br\/9192622000218693\">aqui<\/a>.<\/span><\/p>\n<p><span style=\"font-family: georgia, palatino, serif;\"><strong>Paula Garcia Lima<\/strong>. Graduada em Artes Visuais, UFPel. Licenciada em Design, IFSUL. Mestre em Mem\u00f3ria Social e Patrim\u00f4nio Cultural, UFPel. Doutora em Mem\u00f3ria Social e Patrim\u00f4nio Cultural, UFPel. <span style=\"font-size: 12pt; color: #000000;\">Para mais informa\u00e7\u00f5es, acesse o Curr\u00edculo Lattes <a href=\"http:\/\/lattes.cnpq.br\/6907741358466235\">aqui<\/a>.<\/span><\/span><\/p>\n<p><span style=\"font-family: georgia, palatino, serif;\"><strong>Rafael Henrique Soares Velloso.<\/strong> Graduado em M\u00fasica, UNESA e UFRJ. Mestrado em M\u00fasica, UFRJ. Doutorado em M\u00fasica, UFRGS. Para mais informa\u00e7\u00f5es, acesse o Curr\u00edculo Lattes <a href=\"http:\/\/lattes.cnpq.br\/4037465949813784\">aqui<\/a>.<\/span><\/p>\n<p><span style=\"font-family: georgia, palatino, serif;\"><strong>Ricardo Henrique Ayres Alves.<\/strong> Graduado em Artes Visuais, FURG. Mestre em Artes Visuais, UFRGS. Doutor em Artes Visuais, UFRGS.<\/span><\/p>\n<p><span style=\"font-family: georgia, palatino, serif;\"><strong>Roberta Coelho Barros<\/strong>. Graduada em Comunica\u00e7\u00e3o Social, UCPel. Graduada em Artes Visuais, UFPel. Mestre em Sociologia das Sociedades Contempor\u00e2neas, Sorbonne. Doutora em Comunica\u00e7\u00e3o Social, PUCRS. Para mais informa\u00e7\u00f5es, acesse o Curr\u00edculo Lattes <a href=\"http:\/\/lattes.cnpq.br\/9583509400822379\">aqui<\/a>.<\/span><\/p>\n<p><span style=\"font-family: georgia, palatino, serif;\"><strong>Rosemar Gomes Lemos.<\/strong> Graduada em Arquitetura e Urbanismo pela UFPel (1988), professora graduada em ESQUEMA 1 pela Universidade Cat\u00f3<span style=\"font-size: 12pt; color: #000000;\">lica de Pelotas (1995), Mestre em Qu\u00edmica pela UFPel (2001), Doutora em Engenharia Civil pela Universidade Federal do Rio Grande do Sul (2006) e PhD na \u00e1rea de novos materiais pela Universidade de Aveiro &#8211; Portugal (2005); PhD \u00a0na \u00c1rea das Ci\u00eancias da Arte e do Patrim\u00f3nio &#8211; Faculdade de Belas Artes &#8211; Universidade de Lisboa &#8211; Portugal (2015). Para mais informa\u00e7\u00f5es, acesse o Curr\u00edculo Lattes <a href=\"http:\/\/lattes.cnpq.br\/2533906161145789\">aqui<\/a>.\u00a0<\/span><\/span><\/p>\n<h2><\/h2>\n<h2><strong>Professores colaboradores:<\/strong><\/h2>\n<p><span style=\"font-family: georgia, palatino, serif;\"><strong>Ana Carla de Brito. <\/strong>Bacharel em Artes Pl\u00e1sticas, UDESC. Mestre em Artes Visuais, UFRGS. Doutora em Artes Visuais, UFRGS. Para mais informa\u00e7\u00f5es, acesse o Curr\u00edculo Lattes <a href=\"http:\/\/lattes.cnpq.br\/8345157506108054\">aqui<\/a>.\u00a0<\/span><\/p>\n<p><span style=\"font-family: georgia, palatino, serif;\"><strong>Larissa Patron Chaves<\/strong>. Bacharel em Artes Visuais, ILA\/UFPel. Mestre em Hist\u00f3ria, PPGH\/PUCRS. Doutora em Hist\u00f3ria, PPGH\/UNISINOS. Para mais informa\u00e7\u00f5es, acesse o Curr\u00edculo Lattes <a href=\"http:\/\/lattes.cnpq.br\/3858201697400054\">aqui<\/a>.<\/span><\/p>\n<p><span style=\"font-family: georgia, palatino, serif;\"><strong>Lauer Alves Nunes dos Santos<\/strong>. Graduado em Pintura, ILA\/UFPEL. Mestre em Artes Visuais, IA\/UFRGS. Doutor em Comunica\u00e7\u00e3o e Semi\u00f3tica, PUC-SP. Para mais informa\u00e7\u00f5es, acesse o Curr\u00edculo Lattes <a href=\"http:\/\/lattes.cnpq.br\/9606353077803212\">aqui<\/a>.<\/span><\/p>\n<p><span style=\"font-family: georgia, palatino, serif;\"><strong>Maristani Zamperetti Polidori<\/strong>. Licenciada em Educa\u00e7\u00e3o Art\u00edstica UFPel. Licenciada em Pintura, UFPel. Mestre em Educa\u00e7\u00e3o, UFPel. Doutora em Educa\u00e7\u00e3o, UFPel. Para mais informa\u00e7\u00f5es, acesse o Curr\u00edculo Lattes <a href=\"http:\/\/lattes.cnpq.br\/8058990518394490\">aqui<\/a>.<\/span><\/p>\n<p><span style=\"font-family: georgia, palatino, serif;\"><strong>N\u00e1dia da Cruz Senna<\/strong>. Bacharel em Pintura, UFPel. Mestrado em Multimeos, UNICAMP. Doutora em Ci\u00eancias da Comunica\u00e7\u00e3o, USP. Para mais informa\u00e7\u00f5es, acesse o Curr\u00edculo Lattes <a href=\"http:\/\/lattes.cnpq.br\/6259571036663263\">aqui<\/a>.<\/span><\/p>\n<p><span style=\"font-family: georgia, palatino, serif;\"><strong>Ursula Rosa da Silva<\/strong>. Licenciada em Filosofia, UCS. Mestre em Filosofia, PUC\/RS. Doutora em Hist\u00f3ria, PUC\/RS. Doutora em Educa\u00e7\u00e3o, FaE\/UFPel. Para mais informa\u00e7\u00f5es, acesse o Curr\u00edculo Lattes <a href=\"http:\/\/lattes.cnpq.br\/2360365860775097\">aqui<\/a>.<\/span><\/p>\n","protected":false},"excerpt":{"rendered":"<p>Lista de professores-pesquisadores ligados \u00e0 P\u00f3s-Gradua\u00e7\u00e3o em Artes (PGA) \u2013 Especializa\u00e7\u00e3o Lato Sensu &nbsp; Professores permanentes: Caroline Leal Bonilha.\u00a0Graduada em Artes Visuais, UFPel. Mestra em Mem\u00f3ria Social e Patrim\u00f4nio Cultural, 2010. Doutora em Educa\u00e7\u00e3o Ambiental, FURG. Para mais informa\u00e7\u00f5es, acesse o Curr\u00edculo Lattes aqui. Gustavo Angelo Dias. Graduado em M\u00fasica, UNICAMP. Mestre em M\u00fasica, UFPR. [&hellip;]<\/p>\n","protected":false},"author":281,"featured_media":0,"parent":14,"menu_order":0,"comment_status":"closed","ping_status":"closed","template":"","meta":{"footnotes":""},"class_list":["post-62","page","type-page","status-publish","hentry"],"_links":{"self":[{"href":"https:\/\/wp.ufpel.edu.br\/especializacaoemartesvisuais\/wp-json\/wp\/v2\/pages\/62","targetHints":{"allow":["GET"]}}],"collection":[{"href":"https:\/\/wp.ufpel.edu.br\/especializacaoemartesvisuais\/wp-json\/wp\/v2\/pages"}],"about":[{"href":"https:\/\/wp.ufpel.edu.br\/especializacaoemartesvisuais\/wp-json\/wp\/v2\/types\/page"}],"author":[{"embeddable":true,"href":"https:\/\/wp.ufpel.edu.br\/especializacaoemartesvisuais\/wp-json\/wp\/v2\/users\/281"}],"replies":[{"embeddable":true,"href":"https:\/\/wp.ufpel.edu.br\/especializacaoemartesvisuais\/wp-json\/wp\/v2\/comments?post=62"}],"version-history":[{"count":40,"href":"https:\/\/wp.ufpel.edu.br\/especializacaoemartesvisuais\/wp-json\/wp\/v2\/pages\/62\/revisions"}],"predecessor-version":[{"id":1439,"href":"https:\/\/wp.ufpel.edu.br\/especializacaoemartesvisuais\/wp-json\/wp\/v2\/pages\/62\/revisions\/1439"}],"up":[{"embeddable":true,"href":"https:\/\/wp.ufpel.edu.br\/especializacaoemartesvisuais\/wp-json\/wp\/v2\/pages\/14"}],"wp:attachment":[{"href":"https:\/\/wp.ufpel.edu.br\/especializacaoemartesvisuais\/wp-json\/wp\/v2\/media?parent=62"}],"curies":[{"name":"wp","href":"https:\/\/api.w.org\/{rel}","templated":true}]}}