{"id":55,"date":"2013-06-26T11:08:13","date_gmt":"2013-06-26T14:08:13","guid":{"rendered":"https:\/\/wp.ufpel.edu.br\/especializacaoemartesvisuais\/?page_id=55"},"modified":"2024-07-25T13:53:29","modified_gmt":"2024-07-25T16:53:29","slug":"horarios-do-semestre","status":"publish","type":"page","link":"https:\/\/wp.ufpel.edu.br\/especializacaoemartesvisuais\/documentos\/horarios-do-semestre\/","title":{"rendered":"Hor\u00e1rios do semestre"},"content":{"rendered":"<p><strong>2024-1 Grade de Hor\u00e1rios<br \/>\n<\/strong>Acesse aqui: <a href=\"https:\/\/wp.ufpel.edu.br\/especializacaoemartesvisuais\/files\/2024\/07\/Horarios-2024-1.pdf\">Hor\u00e1rios 2024-1<\/a><strong><\/p>\n<p>2023-2 Grade de Hor\u00e1rios<br \/>\n<\/strong>Acesse aqui: <a href=\"https:\/\/wp.ufpel.edu.br\/especializacaoemartesvisuais\/files\/2023\/07\/Horarios-2023-2.pdf\">Hor\u00e1rios 2023-2<\/a><\/p>\n<p><strong>2023-1 Grade de Hor\u00e1rios<br \/>\n<\/strong>Acesse aqui: <a href=\"https:\/\/wp.ufpel.edu.br\/especializacaoemartesvisuais\/files\/2022\/12\/Horarios-2023-1.pdf\">Grade de Hor\u00e1rios.<\/a><\/p>\n<p><strong>2022-2 Grade de Hor\u00e1rios<br \/>\n<\/strong>Acesse <a href=\"https:\/\/wp.ufpel.edu.br\/especializacaoemartesvisuais\/files\/2022\/07\/HORARIOS-POS-GRADUACAO-2022-2.pdf\">aqui<\/a>.<\/p>\n<p><strong>2022-1 Grade de Hor\u00e1rios<br \/>\n<\/strong>Acesse os hor\u00e1rios das disciplinas <a href=\"https:\/\/wp.ufpel.edu.br\/especializacaoemartesvisuais\/files\/2022\/03\/HORARIOS-POS-GRADUACAO-2022-1.pdf\">aqui<\/a>.<\/p>\n<p><strong>2021-2 Grade de Hor\u00e1rios<br \/>\n<\/strong>Acesse <a href=\"https:\/\/wp.ufpel.edu.br\/especializacaoemartesvisuais\/files\/2021\/07\/HORARIOS-POS-GRADUACAO-2021-2.pdf\">aqui<\/a>.<\/p>\n<p><strong>2021-1 Grade de Hor\u00e1rios<br \/>\n<\/strong><a href=\"https:\/\/wp.ufpel.edu.br\/especializacaoemartesvisuais\/files\/2021\/03\/HORARIOS-POS-GRADUACAO-2021-1.pdf\">Hor\u00e1rios<\/a><\/p>\n<p><strong>2020-2 &#8211; Calend\u00e1rio Alternativo 2<br \/>\n<\/strong><a href=\"https:\/\/wp.ufpel.edu.br\/especializacaoemartesvisuais\/files\/2020\/09\/HORARIOS-POS-GRADUACAO-Cal-Alternativo-02.pdf\">HOR\u00c1RIOS-P\u00d3S-GRADUA\u00c7\u00c3O Cal Alternativo 02<\/a><\/p>\n<p><strong><br \/>\n2020-1 &#8211; Calend\u00e1rio Alternativo 1<\/strong><\/p>\n<p>(1449135) Arte e Cultura na Am\u00e9rica Latina &#8211; Prof.\u00aa Caroline Bonilha<\/p>\n<p>(05001044) Metodologia da Pesquisa &#8211; Prof. Gustavo Dias<\/p>\n<p>(05001043) \u00d3cio e Arte &#8211; Prof. Paulo Gaiger<\/p>\n<p>(1449182) Semin\u00e1rio de Orienta\u00e7\u00e3o<\/p>\n<p><strong><br \/>\n2020-1\u00a0<\/strong><\/p>\n<p><a href=\"https:\/\/wp.ufpel.edu.br\/especializacaoemartesvisuais\/files\/2020\/02\/HOR\u00c1RIOS-P\u00d3S-GRADUA\u00c7\u00c3O-2020-1.pdf\">HOR\u00c1RIOS P\u00d3S-GRADUA\u00c7\u00c3O 2020-1<\/a><\/p>\n<p><strong><br \/>\n2019<\/strong><\/p>\n<p><a href=\"https:\/\/wp.ufpel.edu.br\/especializacaoemartesvisuais\/files\/2019\/07\/HOR\u00c1RIOS-P\u00d3S-GRADUA\u00c7\u00c3O-2019-2.pdf\">HOR\u00c1RIOS P\u00d3S-GRADUA\u00c7\u00c3O 2019-2<\/a><\/p>\n<p><a href=\"https:\/\/wp.ufpel.edu.br\/especializacaoemartesvisuais\/files\/2019\/01\/HOR\u00c1RIOS-P\u00d3S-GRADUA\u00c7\u00c3O-2019-1.pdf\">HOR\u00c1RIOS P\u00d3S-GRADUA\u00c7\u00c3O 2019-1<\/a><\/p>\n<p>&nbsp;<\/p>\n<p><strong>2018<\/strong><\/p>\n<p><a href=\"https:\/\/wp.ufpel.edu.br\/especializacaoemartesvisuais\/files\/2018\/03\/HOR\u00c1RIOS-P\u00d3S-GRADUA\u00c7\u00c3O-2018-1.pdf\">HOR\u00c1RIOS P\u00d3S-GRADUA\u00c7\u00c3O 2018-1<\/a><\/p>\n<p>&nbsp;<\/p>\n<p><strong>2017<\/strong><\/p>\n<p><a href=\"https:\/\/wp.ufpel.edu.br\/especializacaoemartesvisuais\/files\/2018\/03\/HOR\u00c1RIOS-P\u00d3S-GRADUA\u00c7\u00c3O-2017-1.pdf\">HOR\u00c1RIOS P\u00d3S-GRADUA\u00c7\u00c3O 2017-1<\/a><\/p>\n<p><a href=\"https:\/\/wp.ufpel.edu.br\/especializacaoemartesvisuais\/files\/2018\/03\/HOR\u00c1RIOS-P\u00d3S-GRADUA\u00c7\u00c3O-2017-2.pdf\">HOR\u00c1RIOS P\u00d3S-GRADUA\u00c7\u00c3O 2017-2<\/a><\/p>\n<p>&nbsp;<\/p>\n<p><strong>2016<\/strong><\/p>\n<p><a href=\"https:\/\/wp.ufpel.edu.br\/especializacaoemartesvisuais\/files\/2013\/06\/HOR\u00c1RIOS-P\u00d3S-GRADUA\u00c7\u00c3O-2016-1.pdf\" rel=\"\">HOR\u00c1RIOS P\u00d3S-GRADUA\u00c7\u00c3O 2016-1<\/a><\/p>\n<p><a href=\"https:\/\/wp.ufpel.edu.br\/especializacaoemartesvisuais\/files\/2016\/08\/HOR\u00c1RIOS-P\u00d3S-GRADUA\u00c7\u00c3O-2016-2-.pdf\">HOR\u00c1RIOS P\u00d3S-GRADUA\u00c7\u00c3O 2016-2-<\/a><\/p>\n<p>&nbsp;<\/p>\n<p><strong>2015<\/strong><\/p>\n<p><a href=\"https:\/\/wp.ufpel.edu.br\/especializacaoemartesvisuais\/files\/2013\/06\/HOR\u00c1RIOS-P\u00d3S-GRADUA\u00c7\u00c3O-2015-1.pdf\">HOR\u00c1RIOS P\u00d3S-GRADUA\u00c7\u00c3O 2015-1<\/a><\/p>\n<p>&nbsp;<\/p>\n<p><strong>2014<\/strong><\/p>\n<p><a href=\"https:\/\/wp.ufpel.edu.br\/especializacaoemartesvisuais\/files\/2013\/06\/HOR\u00c1RIOS-P\u00d3S-GRADUA\u00c7\u00c3O-2014-1.pdf\">HOR\u00c1RIOS P\u00d3S-GRADUA\u00c7\u00c3O 2014-1<\/a><\/p>\n<p><a href=\"https:\/\/wp.ufpel.edu.br\/especializacaoemartesvisuais\/files\/2013\/06\/HOR\u00c1RIOS-P\u00d3S-GRADUA\u00c7\u00c3O-2014-2.pdf\">HOR\u00c1RIOS P\u00d3S-GRADUA\u00c7\u00c3O 2014-2<\/a><\/p>\n<p>&nbsp;<\/p>\n<p><strong>2013<\/strong><\/p>\n<p><a href=\"https:\/\/wp.ufpel.edu.br\/especializacaoemartesvisuais\/files\/2013\/06\/primeiro_semestre_2013.pdf\">primeiro_semestre_2013<\/a><\/p>\n<p><a href=\"https:\/\/wp.ufpel.edu.br\/especializacaoemartesvisuais\/files\/2013\/06\/HOR\u00c1RIOS-P\u00d3S-GRADUA\u00c7\u00c3O-2013-2-em-30-09-13.doc\">HOR\u00c1RIOS P\u00d3S-GRADUA\u00c7\u00c3O 2013-2<\/a><\/p>\n","protected":false},"excerpt":{"rendered":"<p>2024-1 Grade de Hor\u00e1rios Acesse aqui: Hor\u00e1rios 2024-1 2023-2 Grade de Hor\u00e1rios Acesse aqui: Hor\u00e1rios 2023-2 2023-1 Grade de Hor\u00e1rios Acesse aqui: Grade de Hor\u00e1rios. 2022-2 Grade de Hor\u00e1rios Acesse aqui. 2022-1 Grade de Hor\u00e1rios Acesse os hor\u00e1rios das disciplinas aqui. 2021-2 Grade de Hor\u00e1rios Acesse aqui. 2021-1 Grade de Hor\u00e1rios Hor\u00e1rios 2020-2 &#8211; Calend\u00e1rio [&hellip;]<\/p>\n","protected":false},"author":281,"featured_media":0,"parent":34,"menu_order":1,"comment_status":"closed","ping_status":"closed","template":"","meta":{"footnotes":""},"class_list":["post-55","page","type-page","status-publish","hentry"],"_links":{"self":[{"href":"https:\/\/wp.ufpel.edu.br\/especializacaoemartesvisuais\/wp-json\/wp\/v2\/pages\/55","targetHints":{"allow":["GET"]}}],"collection":[{"href":"https:\/\/wp.ufpel.edu.br\/especializacaoemartesvisuais\/wp-json\/wp\/v2\/pages"}],"about":[{"href":"https:\/\/wp.ufpel.edu.br\/especializacaoemartesvisuais\/wp-json\/wp\/v2\/types\/page"}],"author":[{"embeddable":true,"href":"https:\/\/wp.ufpel.edu.br\/especializacaoemartesvisuais\/wp-json\/wp\/v2\/users\/281"}],"replies":[{"embeddable":true,"href":"https:\/\/wp.ufpel.edu.br\/especializacaoemartesvisuais\/wp-json\/wp\/v2\/comments?post=55"}],"version-history":[{"count":25,"href":"https:\/\/wp.ufpel.edu.br\/especializacaoemartesvisuais\/wp-json\/wp\/v2\/pages\/55\/revisions"}],"predecessor-version":[{"id":1441,"href":"https:\/\/wp.ufpel.edu.br\/especializacaoemartesvisuais\/wp-json\/wp\/v2\/pages\/55\/revisions\/1441"}],"up":[{"embeddable":true,"href":"https:\/\/wp.ufpel.edu.br\/especializacaoemartesvisuais\/wp-json\/wp\/v2\/pages\/34"}],"wp:attachment":[{"href":"https:\/\/wp.ufpel.edu.br\/especializacaoemartesvisuais\/wp-json\/wp\/v2\/media?parent=55"}],"curies":[{"name":"wp","href":"https:\/\/api.w.org\/{rel}","templated":true}]}}