{"id":46,"date":"2013-06-26T11:02:28","date_gmt":"2013-06-26T14:02:28","guid":{"rendered":"https:\/\/wp.ufpel.edu.br\/especializacaoemartesvisuais\/?page_id=46"},"modified":"2013-07-03T12:00:22","modified_gmt":"2013-07-03T15:00:22","slug":"sobre","status":"publish","type":"page","link":"https:\/\/wp.ufpel.edu.br\/especializacaoemartesvisuais\/curso\/sobre\/","title":{"rendered":"Sobre"},"content":{"rendered":"<p>O Curso \u00e9 presencial, com carga hor\u00e1ria min\u00edma de 360 horas\/aula e as disciplinas ocorrem de segunda a sexta no turno da noite. O curso tem dura\u00e7\u00e3o de tr\u00eas semestres, sendo que no \u00a0\u00faltimo semestre o aluno tem apenas as orienta\u00e7\u00f5es para a sua monografia.<\/p>\n","protected":false},"excerpt":{"rendered":"<p>O Curso \u00e9 presencial, com carga hor\u00e1ria min\u00edma de 360 horas\/aula e as disciplinas ocorrem de segunda a sexta no turno da noite. O curso tem dura\u00e7\u00e3o de tr\u00eas semestres, sendo que no \u00a0\u00faltimo semestre o aluno tem apenas as orienta\u00e7\u00f5es para a sua monografia.<\/p>\n","protected":false},"author":281,"featured_media":0,"parent":14,"menu_order":0,"comment_status":"closed","ping_status":"closed","template":"","meta":{"footnotes":""},"class_list":["post-46","page","type-page","status-publish","hentry"],"_links":{"self":[{"href":"https:\/\/wp.ufpel.edu.br\/especializacaoemartesvisuais\/wp-json\/wp\/v2\/pages\/46","targetHints":{"allow":["GET"]}}],"collection":[{"href":"https:\/\/wp.ufpel.edu.br\/especializacaoemartesvisuais\/wp-json\/wp\/v2\/pages"}],"about":[{"href":"https:\/\/wp.ufpel.edu.br\/especializacaoemartesvisuais\/wp-json\/wp\/v2\/types\/page"}],"author":[{"embeddable":true,"href":"https:\/\/wp.ufpel.edu.br\/especializacaoemartesvisuais\/wp-json\/wp\/v2\/users\/281"}],"replies":[{"embeddable":true,"href":"https:\/\/wp.ufpel.edu.br\/especializacaoemartesvisuais\/wp-json\/wp\/v2\/comments?post=46"}],"version-history":[{"count":3,"href":"https:\/\/wp.ufpel.edu.br\/especializacaoemartesvisuais\/wp-json\/wp\/v2\/pages\/46\/revisions"}],"predecessor-version":[{"id":79,"href":"https:\/\/wp.ufpel.edu.br\/especializacaoemartesvisuais\/wp-json\/wp\/v2\/pages\/46\/revisions\/79"}],"up":[{"embeddable":true,"href":"https:\/\/wp.ufpel.edu.br\/especializacaoemartesvisuais\/wp-json\/wp\/v2\/pages\/14"}],"wp:attachment":[{"href":"https:\/\/wp.ufpel.edu.br\/especializacaoemartesvisuais\/wp-json\/wp\/v2\/media?parent=46"}],"curies":[{"name":"wp","href":"https:\/\/api.w.org\/{rel}","templated":true}]}}