{"id":1052,"date":"2021-12-03T11:22:38","date_gmt":"2021-12-03T14:22:38","guid":{"rendered":"https:\/\/wp.ufpel.edu.br\/especializacaoemartesvisuais\/?page_id=1052"},"modified":"2024-07-19T12:33:57","modified_gmt":"2024-07-19T15:33:57","slug":"2022-2","status":"publish","type":"page","link":"https:\/\/wp.ufpel.edu.br\/especializacaoemartesvisuais\/monografias\/2022-2\/","title":{"rendered":"2022"},"content":{"rendered":"<p><strong>Bruno de Oliveira da Silva.<\/strong> <span class=\"fontstyle0\">A\/R\/T\u00d3GRAFO VIAJANTE: um Conceito em Constru\u00e7\u00e3o. 2022.<br \/>\n<a href=\"https:\/\/wp.ufpel.edu.br\/especializacaoemartesvisuais\/files\/2023\/04\/Monografia-Artografia-UFPel-CORRIGIDO.pdf\">Arquivo.<\/a><br \/>\n<\/span><\/p>\n<p><strong>Cleison Rafael Goulart da Silva.\u00a0<\/strong> <span class=\"fontstyle0\">Atlas Mnemosine e Cultura Visual: Oficina de Imagens como proposta pedag\u00f3gica. 2022.<br \/>\n<\/span><a href=\"https:\/\/wp.ufpel.edu.br\/especializacaoemartesvisuais\/files\/2023\/04\/VersaoFinalMonografiaCleisonRafaelGoulartDaSilva_EspecializacaoArtesUFPel_AtlasMnemosineECultura-Visual-OficinaDeImagensComoPropostaPedagogica.pdf\">Arquivo.<\/a><\/p>\n<p><strong>Eduardo dos Santos Costa.<\/strong> <span class=\"fontstyle0\">Arranjo direcionado: o professor\/arranjador na constru\u00e7\u00e3o de um m\u00e9todo participativo. 2022.<br \/>\n<\/span><a href=\"https:\/\/wp.ufpel.edu.br\/especializacaoemartesvisuais\/files\/2023\/04\/TCC_EduardoCosta_versao_Final.pdf\">Arquivo.<\/a><\/p>\n<p><strong>Joana Schneider. <\/strong><span class=\"fontstyle0\">V\u00e3o-se os dedos e ficam os an\u00e9is: uma conversa sobre arte, morte e objetos. 2022.<br \/>\n<a href=\"https:\/\/wp.ufpel.edu.br\/especializacaoemartesvisuais\/files\/2023\/04\/TCC-Especializacao-em-Artes-Joana-Schneider-Versao-final.pdf\">Arquivo.<\/a><br \/>\n<\/span><\/p>\n<p><strong>Luccas Pires Soares.\u00a0<\/strong> <span class=\"fontstyle0\">As Trilhas Sonoras do Teatro Musical Brasileiro: Uma visita ao repert\u00f3rio gravado. 2022.<br \/>\n<\/span><a href=\"https:\/\/wp.ufpel.edu.br\/especializacaoemartesvisuais\/files\/2023\/04\/TCC-Pos-Graduacao-em-Artes-UFPel-Luccas-Pires-Soares-As-Trilhas-Sonoras-do-Teatro-Musical-Brasileiro.docx-1.pdf\">Arquivo.<\/a><\/p>\n<p><strong>Vanessa Cristina Dias.\u00a0<\/strong> <span class=\"fontstyle0\">A produ\u00e7\u00e3o da vida como obra de arte: Paola Paredes e Laurence Philom\u00e8ne. 2022.<br \/>\n<a href=\"https:\/\/wp.ufpel.edu.br\/especializacaoemartesvisuais\/files\/2023\/04\/Monografia-Especializacao-Vanessa-Cristina-Dias-Versao-corrigida-e-final.pdf\">Arquivo.<\/a><br \/>\n<\/span><\/p>\n","protected":false},"excerpt":{"rendered":"<p>Bruno de Oliveira da Silva. A\/R\/T\u00d3GRAFO VIAJANTE: um Conceito em Constru\u00e7\u00e3o. 2022. Arquivo. Cleison Rafael Goulart da Silva.\u00a0 Atlas Mnemosine e Cultura Visual: Oficina de Imagens como proposta pedag\u00f3gica. 2022. Arquivo. Eduardo dos Santos Costa. Arranjo direcionado: o professor\/arranjador na constru\u00e7\u00e3o de um m\u00e9todo participativo. 2022. Arquivo. Joana Schneider. V\u00e3o-se os dedos e ficam os [&hellip;]<\/p>\n","protected":false},"author":281,"featured_media":0,"parent":26,"menu_order":4,"comment_status":"closed","ping_status":"closed","template":"","meta":{"footnotes":""},"class_list":["post-1052","page","type-page","status-publish","hentry"],"_links":{"self":[{"href":"https:\/\/wp.ufpel.edu.br\/especializacaoemartesvisuais\/wp-json\/wp\/v2\/pages\/1052","targetHints":{"allow":["GET"]}}],"collection":[{"href":"https:\/\/wp.ufpel.edu.br\/especializacaoemartesvisuais\/wp-json\/wp\/v2\/pages"}],"about":[{"href":"https:\/\/wp.ufpel.edu.br\/especializacaoemartesvisuais\/wp-json\/wp\/v2\/types\/page"}],"author":[{"embeddable":true,"href":"https:\/\/wp.ufpel.edu.br\/especializacaoemartesvisuais\/wp-json\/wp\/v2\/users\/281"}],"replies":[{"embeddable":true,"href":"https:\/\/wp.ufpel.edu.br\/especializacaoemartesvisuais\/wp-json\/wp\/v2\/comments?post=1052"}],"version-history":[{"count":5,"href":"https:\/\/wp.ufpel.edu.br\/especializacaoemartesvisuais\/wp-json\/wp\/v2\/pages\/1052\/revisions"}],"predecessor-version":[{"id":1296,"href":"https:\/\/wp.ufpel.edu.br\/especializacaoemartesvisuais\/wp-json\/wp\/v2\/pages\/1052\/revisions\/1296"}],"up":[{"embeddable":true,"href":"https:\/\/wp.ufpel.edu.br\/especializacaoemartesvisuais\/wp-json\/wp\/v2\/pages\/26"}],"wp:attachment":[{"href":"https:\/\/wp.ufpel.edu.br\/especializacaoemartesvisuais\/wp-json\/wp\/v2\/media?parent=1052"}],"curies":[{"name":"wp","href":"https:\/\/api.w.org\/{rel}","templated":true}]}}