{"id":70,"date":"2017-07-20T10:12:10","date_gmt":"2017-07-20T13:12:10","guid":{"rendered":"https:\/\/wp.ufpel.edu.br\/especializacaoeducacaofae\/?page_id=70"},"modified":"2025-04-29T15:01:23","modified_gmt":"2025-04-29T18:01:23","slug":"contato","status":"publish","type":"page","link":"https:\/\/wp.ufpel.edu.br\/especializacaoeducacaofae\/contato\/","title":{"rendered":"CONTATO"},"content":{"rendered":"<ul>\n<li>\n<h2 class=\"corTexto\">LOCALIZE A ESPECIALIZA\u00c7\u00c3O DA FAE<\/h2>\n<div class=\"textwidget\">\n<p><b><a title=\"Localize no mapa\" href=\"http:\/\/goo.gl\/Boi7lb\" target=\"_blank\" rel=\"noopener\">CCHS &#8211; Campus da Ci\u00eancias Humanas e Sociais<\/a><\/b><\/p>\n<p>Sala 248<br \/>\nRua Alberto Rosa, n\u00ba 154 &#8211; Porto<br \/>\nPelotas &#8211; RS, Brasil &#8211; 96010-770<\/p>\n<p class=\"text12\"><strong>Atendimento da Secretaria da Faculdade de Educa\u00e7\u00e3o:<\/strong><\/p>\n<p>Segunda \u00e0 sexta-feira, das 08h \u00e0s 20h.<\/p>\n<p>&nbsp;<\/p>\n<p><strong>Atendimento Presencial da Secretaria da Especializa\u00e7\u00e3o:<\/strong><\/p>\n<p>Segundas-feiras: das 08:00 \u00e0s 12:00h<\/p>\n<p>Quintas-feiras: das 16:00 \u00e0s 20:00h<\/p>\n<p>Sextas-feiras: das 08:00 \u00e0s 12:00h<\/p>\n<p>&nbsp;<\/p>\n<p>(53) 3284-5535<\/p>\n<p>WhatsApp: (53) 3284-5535<\/p>\n<p><a href=\"mailto:educacao.especializacao.ufpel@gmail.com\"><span class=\"gI\"><span class=\"qu\" tabindex=\"-1\" role=\"gridcell\" translate=\"no\"><span class=\"go\">educacao.especializacao.ufpel@gmail.com<\/span><\/span><\/span><\/a><\/p>\n\n<div class=\"wpcf7 no-js\" id=\"wpcf7-f69-o1\" lang=\"pt-BR\" dir=\"ltr\" data-wpcf7-id=\"69\">\n<div class=\"screen-reader-response\"><p role=\"status\" aria-live=\"polite\" aria-atomic=\"true\"><\/p> <ul><\/ul><\/div>\n<form action=\"\/especializacaoeducacaofae\/wp-json\/wp\/v2\/pages\/70#wpcf7-f69-o1\" method=\"post\" class=\"wpcf7-form init\" aria-label=\"Formul\u00e1rios de contato\" novalidate=\"novalidate\" data-status=\"init\">\n<fieldset class=\"hidden-fields-container\"><input type=\"hidden\" name=\"_wpcf7\" value=\"69\" \/><input type=\"hidden\" name=\"_wpcf7_version\" value=\"6.1.4\" \/><input type=\"hidden\" name=\"_wpcf7_locale\" value=\"pt_BR\" \/><input type=\"hidden\" name=\"_wpcf7_unit_tag\" value=\"wpcf7-f69-o1\" \/><input type=\"hidden\" name=\"_wpcf7_container_post\" value=\"0\" \/><input type=\"hidden\" name=\"_wpcf7_posted_data_hash\" value=\"\" \/>\n<\/fieldset>\n<p><label> Seu nome (obrigat\u00f3rio)<br \/>\n<span class=\"wpcf7-form-control-wrap\" data-name=\"your-name\"><input size=\"40\" maxlength=\"400\" class=\"wpcf7-form-control wpcf7-text wpcf7-validates-as-required\" aria-required=\"true\" aria-invalid=\"false\" value=\"\" type=\"text\" name=\"your-name\" \/><\/span> <\/label>\n<\/p>\n<p><label> Seu e-mail (obrigat\u00f3rio)<br \/>\n<span class=\"wpcf7-form-control-wrap\" data-name=\"your-email\"><input size=\"40\" maxlength=\"400\" class=\"wpcf7-form-control wpcf7-email wpcf7-validates-as-required wpcf7-text wpcf7-validates-as-email\" aria-required=\"true\" aria-invalid=\"false\" value=\"\" type=\"email\" name=\"your-email\" \/><\/span> <\/label>\n<\/p>\n<p><label> Seu Telefone (obrigat\u00f3rio)<br \/>\n<span class=\"wpcf7-form-control-wrap\" data-name=\"Telefone\"><input size=\"40\" maxlength=\"400\" class=\"wpcf7-form-control wpcf7-tel wpcf7-validates-as-required wpcf7-text wpcf7-validates-as-tel\" aria-required=\"true\" aria-invalid=\"false\" value=\"\" type=\"tel\" name=\"Telefone\" \/><\/span> <\/label>\n<\/p>\n<p><label> Assunto<br \/>\n<span class=\"wpcf7-form-control-wrap\" data-name=\"your-subject\"><input size=\"40\" maxlength=\"400\" class=\"wpcf7-form-control wpcf7-text\" aria-invalid=\"false\" value=\"\" type=\"text\" name=\"your-subject\" \/><\/span> <\/label>\n<\/p>\n<p><label> Sua mensagem<br \/>\n<span class=\"wpcf7-form-control-wrap\" data-name=\"your-message\"><textarea cols=\"40\" rows=\"10\" maxlength=\"2000\" class=\"wpcf7-form-control wpcf7-textarea\" aria-invalid=\"false\" name=\"your-message\"><\/textarea><\/span> <\/label>\n<\/p>\n<p><input class=\"wpcf7-form-control wpcf7-submit has-spinner\" type=\"submit\" value=\"Enviar\" \/>\n<\/p><p style=\"display: none !important;\" class=\"akismet-fields-container\" data-prefix=\"_wpcf7_ak_\"><label>&#916;<textarea name=\"_wpcf7_ak_hp_textarea\" cols=\"45\" rows=\"8\" maxlength=\"100\"><\/textarea><\/label><input type=\"hidden\" id=\"ak_js_1\" name=\"_wpcf7_ak_js\" value=\"165\"\/><script>document.getElementById( \"ak_js_1\" ).setAttribute( \"value\", ( new Date() ).getTime() );<\/script><\/p><div class=\"wpcf7-response-output\" aria-hidden=\"true\"><\/div>\n<\/form>\n<\/div>\n\n<\/div>\n<\/li>\n<\/ul>\n","protected":false},"excerpt":{"rendered":"<p>LOCALIZE A ESPECIALIZA\u00c7\u00c3O DA FAE CCHS &#8211; Campus da Ci\u00eancias Humanas e Sociais Sala 248 Rua Alberto Rosa, n\u00ba 154 &#8211; Porto Pelotas &#8211; RS, Brasil &#8211; 96010-770 Atendimento da Secretaria da Faculdade de Educa\u00e7\u00e3o: Segunda \u00e0 sexta-feira, das 08h \u00e0s 20h. &nbsp; Atendimento Presencial da Secretaria da Especializa\u00e7\u00e3o: Segundas-feiras: das 08:00 \u00e0s 12:00h Quintas-feiras: [&hellip;]<\/p>\n","protected":false},"author":758,"featured_media":0,"parent":0,"menu_order":0,"comment_status":"closed","ping_status":"closed","template":"","meta":{"jetpack_post_was_ever_published":false,"footnotes":""},"class_list":["post-70","page","type-page","status-publish","hentry"],"jetpack_sharing_enabled":true,"jetpack_shortlink":"https:\/\/wp.me\/P8Srom-18","jetpack-related-posts":[],"_links":{"self":[{"href":"https:\/\/wp.ufpel.edu.br\/especializacaoeducacaofae\/wp-json\/wp\/v2\/pages\/70","targetHints":{"allow":["GET"]}}],"collection":[{"href":"https:\/\/wp.ufpel.edu.br\/especializacaoeducacaofae\/wp-json\/wp\/v2\/pages"}],"about":[{"href":"https:\/\/wp.ufpel.edu.br\/especializacaoeducacaofae\/wp-json\/wp\/v2\/types\/page"}],"author":[{"embeddable":true,"href":"https:\/\/wp.ufpel.edu.br\/especializacaoeducacaofae\/wp-json\/wp\/v2\/users\/758"}],"replies":[{"embeddable":true,"href":"https:\/\/wp.ufpel.edu.br\/especializacaoeducacaofae\/wp-json\/wp\/v2\/comments?post=70"}],"version-history":[{"count":6,"href":"https:\/\/wp.ufpel.edu.br\/especializacaoeducacaofae\/wp-json\/wp\/v2\/pages\/70\/revisions"}],"predecessor-version":[{"id":842,"href":"https:\/\/wp.ufpel.edu.br\/especializacaoeducacaofae\/wp-json\/wp\/v2\/pages\/70\/revisions\/842"}],"wp:attachment":[{"href":"https:\/\/wp.ufpel.edu.br\/especializacaoeducacaofae\/wp-json\/wp\/v2\/media?parent=70"}],"curies":[{"name":"wp","href":"https:\/\/api.w.org\/{rel}","templated":true}]}}