{"id":54,"date":"2017-07-14T12:47:58","date_gmt":"2017-07-14T15:47:58","guid":{"rendered":"https:\/\/wp.ufpel.edu.br\/especializacaoeducacaofae\/?page_id=54"},"modified":"2025-03-04T12:55:29","modified_gmt":"2025-03-04T15:55:29","slug":"documentos","status":"publish","type":"page","link":"https:\/\/wp.ufpel.edu.br\/especializacaoeducacaofae\/documentos\/","title":{"rendered":"DOCUMENTOS"},"content":{"rendered":"<p><a href=\"https:\/\/wp.ufpel.edu.br\/especializacaoeducacaofae\/files\/2025\/02\/Regimento-do-Curso-de-Pos-Graduacao-em-Educacao-\u2018lato-sensu.pdf\">Regimento do Curso de P\u00f3s-Gradua\u00e7\u00e3o em Educa\u00e7\u00e3o \u2018lato sensu\u2019<\/a><\/p>\n<p><a href=\"https:\/\/wp.ufpel.edu.br\/especializacaoeducacaofae\/files\/2017\/07\/Ficha_inscricao_Selecao_Aluno_Regular.doc\">Ficha de Inscri\u00e7\u00e3o Sele\u00e7\u00e3o Aluno Regular<\/a><\/p>\n<p><a href=\"https:\/\/wp.ufpel.edu.br\/especializacaoeducacaofae\/files\/2024\/04\/Manual-de-normas-da-UFPel-para-trabalhos-academicos.pdf\">Manual de normas da UFPel para trabalhos acad\u00eamicos<\/a><\/p>\n<p><a href=\"https:\/\/wp.ufpel.edu.br\/especializacaoeducacaofae\/files\/2017\/10\/Requerimento-Aluno-Regime-domiciliar.pdf\">Requerimento para Exerc\u00edcio Domiciliar<\/a><\/p>\n<p><a href=\"https:\/\/wp.ufpel.edu.br\/especializacaoeducacaofae\/files\/2021\/05\/Termo_de_autorizacao_TCC_e_TCCP.pdf\">Termo_de_autorizacao_TCC_e_TCCP<\/a><\/p>\n<p><a href=\"https:\/\/wp.ufpel.edu.br\/especializacaoeducacaofae\/files\/2025\/03\/Template-Artigo-Especializac\u0327a\u0303o-em-Educac\u0327a\u0303o-.doc\">Template &#8211; Artigo &#8211; Especializac\u0327a\u0303o em Educac\u0327a\u0303o<\/a><\/p>\n<p><a href=\"https:\/\/wp.ufpel.edu.br\/especializacaoeducacaofae\/files\/2025\/03\/CADASTRO-DE-PARTICIPANTE-EXTERNO-DO-CURSO.doc\">CADASTRO DE PARTICIPANTE EXTERNO DO CURSO<\/a><\/p>\n","protected":false},"excerpt":{"rendered":"<p>Regimento do Curso de P\u00f3s-Gradua\u00e7\u00e3o em Educa\u00e7\u00e3o \u2018lato sensu\u2019 Ficha de Inscri\u00e7\u00e3o Sele\u00e7\u00e3o Aluno Regular Manual de normas da UFPel para trabalhos acad\u00eamicos Requerimento para Exerc\u00edcio Domiciliar Termo_de_autorizacao_TCC_e_TCCP Template &#8211; Artigo &#8211; Especializac\u0327a\u0303o em Educac\u0327a\u0303o CADASTRO DE PARTICIPANTE EXTERNO DO CURSO<\/p>\n","protected":false},"author":758,"featured_media":0,"parent":0,"menu_order":0,"comment_status":"closed","ping_status":"closed","template":"","meta":{"jetpack_post_was_ever_published":false,"footnotes":""},"class_list":["post-54","page","type-page","status-publish","hentry"],"jetpack_sharing_enabled":true,"jetpack_shortlink":"https:\/\/wp.me\/P8Srom-S","jetpack-related-posts":[],"_links":{"self":[{"href":"https:\/\/wp.ufpel.edu.br\/especializacaoeducacaofae\/wp-json\/wp\/v2\/pages\/54","targetHints":{"allow":["GET"]}}],"collection":[{"href":"https:\/\/wp.ufpel.edu.br\/especializacaoeducacaofae\/wp-json\/wp\/v2\/pages"}],"about":[{"href":"https:\/\/wp.ufpel.edu.br\/especializacaoeducacaofae\/wp-json\/wp\/v2\/types\/page"}],"author":[{"embeddable":true,"href":"https:\/\/wp.ufpel.edu.br\/especializacaoeducacaofae\/wp-json\/wp\/v2\/users\/758"}],"replies":[{"embeddable":true,"href":"https:\/\/wp.ufpel.edu.br\/especializacaoeducacaofae\/wp-json\/wp\/v2\/comments?post=54"}],"version-history":[{"count":11,"href":"https:\/\/wp.ufpel.edu.br\/especializacaoeducacaofae\/wp-json\/wp\/v2\/pages\/54\/revisions"}],"predecessor-version":[{"id":806,"href":"https:\/\/wp.ufpel.edu.br\/especializacaoeducacaofae\/wp-json\/wp\/v2\/pages\/54\/revisions\/806"}],"wp:attachment":[{"href":"https:\/\/wp.ufpel.edu.br\/especializacaoeducacaofae\/wp-json\/wp\/v2\/media?parent=54"}],"curies":[{"name":"wp","href":"https:\/\/api.w.org\/{rel}","templated":true}]}}