{"id":89,"date":"2024-08-06T12:19:10","date_gmt":"2024-08-06T15:19:10","guid":{"rendered":"https:\/\/wp.ufpel.edu.br\/especializacaoartes\/?page_id=89"},"modified":"2024-08-06T12:19:32","modified_gmt":"2024-08-06T15:19:32","slug":"trabalhos-de-conclusao","status":"publish","type":"page","link":"https:\/\/wp.ufpel.edu.br\/especializacaoartes\/trabalhos-de-conclusao\/","title":{"rendered":"Trabalhos de Conclus\u00e3o"},"content":{"rendered":"<p>Rela\u00e7\u00e3o de monografias do curso separadas por ano de defesa.<\/p>\n","protected":false},"excerpt":{"rendered":"<p>Rela\u00e7\u00e3o de monografias do curso separadas por ano de defesa.<\/p>\n","protected":false},"author":1383,"featured_media":0,"parent":0,"menu_order":0,"comment_status":"closed","ping_status":"closed","template":"","meta":{"footnotes":""},"class_list":["post-89","page","type-page","status-publish","hentry"],"_links":{"self":[{"href":"https:\/\/wp.ufpel.edu.br\/especializacaoartes\/wp-json\/wp\/v2\/pages\/89","targetHints":{"allow":["GET"]}}],"collection":[{"href":"https:\/\/wp.ufpel.edu.br\/especializacaoartes\/wp-json\/wp\/v2\/pages"}],"about":[{"href":"https:\/\/wp.ufpel.edu.br\/especializacaoartes\/wp-json\/wp\/v2\/types\/page"}],"author":[{"embeddable":true,"href":"https:\/\/wp.ufpel.edu.br\/especializacaoartes\/wp-json\/wp\/v2\/users\/1383"}],"replies":[{"embeddable":true,"href":"https:\/\/wp.ufpel.edu.br\/especializacaoartes\/wp-json\/wp\/v2\/comments?post=89"}],"version-history":[{"count":1,"href":"https:\/\/wp.ufpel.edu.br\/especializacaoartes\/wp-json\/wp\/v2\/pages\/89\/revisions"}],"predecessor-version":[{"id":91,"href":"https:\/\/wp.ufpel.edu.br\/especializacaoartes\/wp-json\/wp\/v2\/pages\/89\/revisions\/91"}],"wp:attachment":[{"href":"https:\/\/wp.ufpel.edu.br\/especializacaoartes\/wp-json\/wp\/v2\/media?parent=89"}],"curies":[{"name":"wp","href":"https:\/\/api.w.org\/{rel}","templated":true}]}}