{"id":85,"date":"2024-08-06T12:18:19","date_gmt":"2024-08-06T15:18:19","guid":{"rendered":"https:\/\/wp.ufpel.edu.br\/especializacaoartes\/?page_id=85"},"modified":"2025-04-16T09:03:28","modified_gmt":"2025-04-16T12:03:28","slug":"editais","status":"publish","type":"page","link":"https:\/\/wp.ufpel.edu.br\/especializacaoartes\/editais\/","title":{"rendered":"Quero ser aluno(a)"},"content":{"rendered":"<p>Para ser aluno do Curso de Especializa\u00e7\u00e3o voc\u00ea precisa ser formado em uma Gradua\u00e7\u00e3o. Existem duas modalidades para ser discente do curso: aluno regular e aluno especial.<br \/>\nAmbos processos s\u00e3o realizados via edital.<\/p>\n<p>Os editais de <strong>aluno regular<\/strong> s\u00e3o divulgados entre dezembro e janeiro de cada ano, com o ingresso ainda no primeiro semestre. Ocorre uma vez por ano e o edital \u00e9 composto por duas fases: uma classificat\u00f3ria e outra eliminat\u00f3ria.<br \/>\nOs editais de <strong>aluno especial<\/strong> ocorrem na metade do ano, para quem quiser ter a oportunidade de, mesmo n\u00e3o sendo aluno, conhecer um pouco mais sobre a din\u00e2mica do curso e estar um pouco mais pr\u00f3ximo, atrav\u00e9s de matr\u00edcula em uma ou duas disciplinas. Por\u00e9m, as atividades enquanto aluno especial n\u00e3o geram v\u00ednculo do aluno com o curso, embora essas disciplinas possam ser aproveitadas quando do ingresso como aluno regular.<\/p>\n<p>Nos editais de sele\u00e7\u00e3o para <strong>aluno regular<\/strong>, uma das exig\u00eancias \u00e9 enviar o anteprojeto. O modelo para Anteprojeto de Pesquisa encontra-se aqui! (<a href=\"https:\/\/wp.ufpel.edu.br\/especializacaoartes\/files\/2024\/08\/MODELO-ANTEPROJETO-NOVO.rtf\">clique aqui<\/a>)<\/p>\n","protected":false},"excerpt":{"rendered":"<p>Para ser aluno do Curso de Especializa\u00e7\u00e3o voc\u00ea precisa ser formado em uma Gradua\u00e7\u00e3o. Existem duas modalidades para ser discente do curso: aluno regular e aluno especial. Ambos processos s\u00e3o realizados via edital. Os editais de aluno regular s\u00e3o divulgados entre dezembro e janeiro de cada ano, com o ingresso ainda no primeiro semestre. Ocorre [&hellip;]<\/p>\n","protected":false},"author":1383,"featured_media":0,"parent":0,"menu_order":0,"comment_status":"closed","ping_status":"closed","template":"","meta":{"footnotes":""},"class_list":["post-85","page","type-page","status-publish","hentry"],"_links":{"self":[{"href":"https:\/\/wp.ufpel.edu.br\/especializacaoartes\/wp-json\/wp\/v2\/pages\/85","targetHints":{"allow":["GET"]}}],"collection":[{"href":"https:\/\/wp.ufpel.edu.br\/especializacaoartes\/wp-json\/wp\/v2\/pages"}],"about":[{"href":"https:\/\/wp.ufpel.edu.br\/especializacaoartes\/wp-json\/wp\/v2\/types\/page"}],"author":[{"embeddable":true,"href":"https:\/\/wp.ufpel.edu.br\/especializacaoartes\/wp-json\/wp\/v2\/users\/1383"}],"replies":[{"embeddable":true,"href":"https:\/\/wp.ufpel.edu.br\/especializacaoartes\/wp-json\/wp\/v2\/comments?post=85"}],"version-history":[{"count":5,"href":"https:\/\/wp.ufpel.edu.br\/especializacaoartes\/wp-json\/wp\/v2\/pages\/85\/revisions"}],"predecessor-version":[{"id":222,"href":"https:\/\/wp.ufpel.edu.br\/especializacaoartes\/wp-json\/wp\/v2\/pages\/85\/revisions\/222"}],"wp:attachment":[{"href":"https:\/\/wp.ufpel.edu.br\/especializacaoartes\/wp-json\/wp\/v2\/media?parent=85"}],"curies":[{"name":"wp","href":"https:\/\/api.w.org\/{rel}","templated":true}]}}