{"id":7,"date":"2024-08-01T12:38:44","date_gmt":"2024-08-01T15:38:44","guid":{"rendered":"https:\/\/wp.ufpel.edu.br\/especializacaoartes\/?page_id=7"},"modified":"2025-12-08T09:28:31","modified_gmt":"2025-12-08T12:28:31","slug":"corpo-docente","status":"publish","type":"page","link":"https:\/\/wp.ufpel.edu.br\/especializacaoartes\/curso\/corpo-docente\/","title":{"rendered":"Corpo Docente"},"content":{"rendered":"<h2><strong>Colegiado do Curso:<br \/>\n<\/strong><\/h2>\n<p class=\"Texto_Justificado_Recuo_Primeira_Linha\"><strong>Docentes:<\/strong><\/p>\n<p class=\"Texto_Justificado_Recuo_Primeira_Linha\">Prof.\u00aa Dr.\u00aa Marina de Oliveira <em>(coordenadora)<\/em><\/p>\n<p class=\"Texto_Justificado_Recuo_Primeira_Linha\">Prof. Dr. Gustavo \u00c2ngelo Dias <em>(coordenador adjunto)<\/em><\/p>\n<p class=\"Texto_Justificado_Recuo_Primeira_Linha\">Prof.\u00aa Dr.\u00aa Maria Fonseca Falkembach<\/p>\n<p class=\"Texto_Justificado_Recuo_Primeira_Linha\">Prof. Dr. Rafael Henrique Soares Velloso<\/p>\n<p class=\"Texto_Justificado_Recuo_Primeira_Linha\">Prof.\u00aa Dr.\u00aa Rosemar Gomes Lemos<\/p>\n<p class=\"Texto_Justificado_Recuo_Primeira_Linha\"><strong><br \/>\nRepresentante T\u00e9cnico-Administrativo<\/strong><\/p>\n<p class=\"Texto_Justificado_Recuo_Primeira_Linha\">Dr.\u00aa Jordana da Silva Corr\u00eaa<\/p>\n<p class=\"Texto_Justificado_Recuo_Primeira_Linha\"><strong><br \/>\nRepresentante Discente<\/strong><\/p>\n<p class=\"Texto_Justificado_Recuo_Primeira_Linha\">Livea Luzeiro do Carmo<\/p>\n<h2><strong><br \/>\nProfessores credenciados:<\/strong><\/h2>\n<p><strong>Marina de Oliveira.\u00a0<\/strong>Graduada em Artes C\u00eanicas, UFRGS. Mestrado em Letras, PUC-RS. Doutorado em Letras, PUC-RS. Para mais informa\u00e7\u00f5es, acesse o Curr\u00edculo Lattes\u00a0<a href=\"http:\/\/lattes.cnpq.br\/4351607839545574\">aqui<\/a>.<\/p>\n<p><strong>Gustavo Angelo Dias. <\/strong>Graduado em M\u00fasica, UNICAMP. Mestre em M\u00fasica, UFPR. Doutor em M\u00fasica, UNICAMP. Para mais informa\u00e7\u00f5es, acesse o Curr\u00edculo Lattes\u00a0<a href=\"http:\/\/lattes.cnpq.br\/5475039432775076\">aqui<\/a>.<\/p>\n<p><strong>Caroline Leal Bonilha.<\/strong>\u00a0Graduada em Artes Visuais, UFPel. Mestra em Mem\u00f3ria Social e Patrim\u00f4nio Cultural, UFPel. Doutora em Educa\u00e7\u00e3o Ambiental, FURG. Para mais informa\u00e7\u00f5es, acesse o Curr\u00edculo Lattes <a href=\"http:\/\/lattes.cnpq.br\/7510255053842560\">aqui<\/a>.<\/p>\n<p><strong>Chris de Azevedo Ramil. <\/strong>Graduada em Artes Visuais, Habilita\u00e7\u00e3o Design Gr\u00e1fico, UFPel. Mestra em Educa\u00e7\u00e3o, UFPel. Doutora em Educa\u00e7\u00e3o, UFPel. Para mais informa\u00e7\u00f5es, acesse o Curr\u00edculo Lattes <a href=\"http:\/\/lattes.cnpq.br\/1250125725728029\">aqui<\/a>.<\/p>\n<p><strong>Kelly Wendt.<\/strong> Graduada em Artes Visuais, UFPel. Especialista em Mem\u00f3ria, Identidade e Cultura Material, UFPel. Mestra em Artes Visuais, UFSM. Doutora em Artes Visuais, UFRGS. Para mais informa\u00e7\u00f5es, acesse o Curr\u00edculo Lattes <a href=\"http:\/\/lattes.cnpq.br\/9870907593588455\">aqui<\/a>.<\/p>\n<p><strong>Leandro Ernesto Maia.<\/strong>\u00a0Graduado em Educa\u00e7\u00e3o Art\u00edstica, habilita\u00e7\u00e3o em M\u00fasica, UFRGS. Especializa\u00e7\u00e3o em Pr\u00e1xis da Cria\u00e7\u00e3o Textual, UniRITTER. Mestrado em Letras, UFRGS. Doutorado em Songwriting, Bath Spa University, Bathspa, Inglaterra. Para mais informa\u00e7\u00f5es, acesse o Curr\u00edculo Lattes\u00a0<a href=\"http:\/\/lattes.cnpq.br\/9840534763456277\">aqui<\/a>.<\/p>\n<p><strong>Liz\u00e2ngela Torres da Silva Martins Costa.\u00a0<\/strong>Gradua\u00e7\u00e3o em Artes Pl\u00e1sticas, UFRGS. Mestrado em Po\u00e9ticas Visuais, UFRGS. Doutorado em Artes Visuais, UFRGS. Para mais informa\u00e7\u00f5es, acesse o Curr\u00edculo Lattes\u00a0<a href=\"http:\/\/lattes.cnpq.br\/0711245469831249\">aqui<\/a>.<br \/>\n<strong><br \/>\nLuciana Athayde Paz. <\/strong>Graduada em Teatro, UFRGS. Mestra em Educa\u00e7\u00e3o, UFRGS. Doutora em Educa\u00e7\u00e3o, UFRGS. Para mais informa\u00e7\u00f5es, acesse o Curr\u00edculo Lattes <a href=\"http:\/\/lattes.cnpq.br\/1764926678325574\">aqui<\/a>.<\/p>\n<p><strong>Maria Fonseca Falkembach.<\/strong> Graduada em Artes c\u00eanicas, UFRGS. Mestre em Teatro, UDESC. Doutora em Educa\u00e7\u00e3o, UFRGS. Para mais informa\u00e7\u00f5es, acesse o Curr\u00edculo Lattes\u00a0<a href=\"http:\/\/lattes.cnpq.br\/3998116807262286\">aqui<\/a>.<\/p>\n<p><strong>M\u00f4nica Lima de Faria.\u00a0<\/strong>Graduada em Artes Visuais com habilita\u00e7\u00e3o em Design Gr\u00e1fico, UFPel. Especialista em Express\u00e3o Gr\u00e1fica, PUCRS. Mestra em Comunica\u00e7\u00e3o Social, PUCRS. Doutora em Comunica\u00e7\u00e3o Social, PUCRS. Para mais informa\u00e7\u00f5es, acesse o Curr\u00edculo Lattes\u00a0<a href=\"http:\/\/lattes.cnpq.br\/9192622000218693\">aqui<\/a>.<\/p>\n<p><strong>Paula Garcia Lima<\/strong>. Graduada em Artes Visuais, UFPel. Licenciada em Design, IFSUL. Mestre em Mem\u00f3ria Social e Patrim\u00f4nio Cultural, UFPel. Doutora em Mem\u00f3ria Social e Patrim\u00f4nio Cultural, UFPel.\u00a0Para mais informa\u00e7\u00f5es, acesse o Curr\u00edculo Lattes\u00a0<a href=\"http:\/\/lattes.cnpq.br\/6907741358466235\">aqui<\/a>.<\/p>\n<p><strong>Rafael Henrique Soares Velloso.<\/strong>\u00a0Graduado em M\u00fasica, UNESA e UFRJ. Mestrado em M\u00fasica, UFRJ. Doutorado em M\u00fasica, UFRGS. Para mais informa\u00e7\u00f5es, acesse o Curr\u00edculo Lattes\u00a0<a href=\"http:\/\/lattes.cnpq.br\/4037465949813784\">aqui<\/a>.<\/p>\n<p><strong>Ricardo Henrique Ayres Alves.<\/strong> Graduado em Artes Visuais, FURG. Mestre em Artes Visuais, UFRGS. Doutor em Artes Visuais, UFRGS. Para maiores informa\u00e7\u00f5es, acesse o Curriculo Lattes <a href=\"http:\/\/lattes.cnpq.br\/7515345224876748\">aqui<\/a>.<\/p>\n<p><strong>Roberta Coelho Barros<\/strong>. Graduada em Comunica\u00e7\u00e3o Social, UCPel. Graduada em Artes Visuais, UFPel. Mestre em Sociologia das Sociedades Contempor\u00e2neas, Sorbonne. Doutora em Comunica\u00e7\u00e3o Social, PUCRS. Para mais informa\u00e7\u00f5es, acesse o Curr\u00edculo Lattes\u00a0<a href=\"http:\/\/lattes.cnpq.br\/9583509400822379\">aqui<\/a>.<\/p>\n<p><strong>Rosemar Gomes Lemos.<\/strong> Graduada em Arquitetura e Urbanismo, UFPel. Professora Graduada Esquema 1, UCPel. Mestra em Qu\u00edmica, UFPel. Doutora em Engenharia Civil, UFRGS. PhD em Novos Materiais, Universidade de Aveiro \u2013 Portugal. PhD \u00a0em Ci\u00eancias da Arte e do Patrim\u00f3nio, Universidade de Lisboa \u2013 Portugal. Para mais informa\u00e7\u00f5es, acesse o Curr\u00edculo Lattes <a href=\"http:\/\/lattes.cnpq.br\/2533906161145789\">aqui<\/a>.<\/p>\n","protected":false},"excerpt":{"rendered":"<p>Colegiado do Curso: Docentes: Prof.\u00aa Dr.\u00aa Marina de Oliveira (coordenadora) Prof. Dr. Gustavo \u00c2ngelo Dias (coordenador adjunto) Prof.\u00aa Dr.\u00aa Maria Fonseca Falkembach Prof. Dr. Rafael Henrique Soares Velloso Prof.\u00aa Dr.\u00aa Rosemar Gomes Lemos Representante T\u00e9cnico-Administrativo Dr.\u00aa Jordana da Silva Corr\u00eaa Representante Discente Livea Luzeiro do Carmo Professores credenciados: Marina de Oliveira.\u00a0Graduada em Artes C\u00eanicas, UFRGS. [&hellip;]<\/p>\n","protected":false},"author":1383,"featured_media":0,"parent":4,"menu_order":2,"comment_status":"closed","ping_status":"closed","template":"","meta":{"footnotes":""},"class_list":["post-7","page","type-page","status-publish","hentry"],"_links":{"self":[{"href":"https:\/\/wp.ufpel.edu.br\/especializacaoartes\/wp-json\/wp\/v2\/pages\/7","targetHints":{"allow":["GET"]}}],"collection":[{"href":"https:\/\/wp.ufpel.edu.br\/especializacaoartes\/wp-json\/wp\/v2\/pages"}],"about":[{"href":"https:\/\/wp.ufpel.edu.br\/especializacaoartes\/wp-json\/wp\/v2\/types\/page"}],"author":[{"embeddable":true,"href":"https:\/\/wp.ufpel.edu.br\/especializacaoartes\/wp-json\/wp\/v2\/users\/1383"}],"replies":[{"embeddable":true,"href":"https:\/\/wp.ufpel.edu.br\/especializacaoartes\/wp-json\/wp\/v2\/comments?post=7"}],"version-history":[{"count":3,"href":"https:\/\/wp.ufpel.edu.br\/especializacaoartes\/wp-json\/wp\/v2\/pages\/7\/revisions"}],"predecessor-version":[{"id":284,"href":"https:\/\/wp.ufpel.edu.br\/especializacaoartes\/wp-json\/wp\/v2\/pages\/7\/revisions\/284"}],"up":[{"embeddable":true,"href":"https:\/\/wp.ufpel.edu.br\/especializacaoartes\/wp-json\/wp\/v2\/pages\/4"}],"wp:attachment":[{"href":"https:\/\/wp.ufpel.edu.br\/especializacaoartes\/wp-json\/wp\/v2\/media?parent=7"}],"curies":[{"name":"wp","href":"https:\/\/api.w.org\/{rel}","templated":true}]}}