{"id":69,"date":"2024-08-06T11:16:52","date_gmt":"2024-08-06T14:16:52","guid":{"rendered":"https:\/\/wp.ufpel.edu.br\/especializacaoartes\/?page_id=69"},"modified":"2024-08-06T11:16:52","modified_gmt":"2024-08-06T14:16:52","slug":"como-ingressar","status":"publish","type":"page","link":"https:\/\/wp.ufpel.edu.br\/especializacaoartes\/curso\/como-ingressar\/","title":{"rendered":"Como ingressar?"},"content":{"rendered":"<p>O ingresso no Curso de Especializa\u00e7\u00e3o em Artes ocorre no in\u00edcio de cada ano, por meio de Edital de Sele\u00e7\u00e3o. Os editais s\u00e3o divulgados na p\u00e1gina e a inscri\u00e7\u00e3o \u00e9 realizada via Formul\u00e1rio Google, onde voc\u00ea anexa todos os documentos exigidos no Edital.<br \/>\nA sele\u00e7\u00e3o possui duas etapas: uma classificat\u00f3ria, com a an\u00e1lise do curr\u00edculo Lattes; e outra classificat\u00f3ria e eliminat\u00f3ria, com entrevista e defesa do anteprojeto.<\/p>\n","protected":false},"excerpt":{"rendered":"<p>O ingresso no Curso de Especializa\u00e7\u00e3o em Artes ocorre no in\u00edcio de cada ano, por meio de Edital de Sele\u00e7\u00e3o. Os editais s\u00e3o divulgados na p\u00e1gina e a inscri\u00e7\u00e3o \u00e9 realizada via Formul\u00e1rio Google, onde voc\u00ea anexa todos os documentos exigidos no Edital. A sele\u00e7\u00e3o possui duas etapas: uma classificat\u00f3ria, com a an\u00e1lise do curr\u00edculo [&hellip;]<\/p>\n","protected":false},"author":1383,"featured_media":0,"parent":4,"menu_order":4,"comment_status":"closed","ping_status":"closed","template":"","meta":{"footnotes":""},"class_list":["post-69","page","type-page","status-publish","hentry"],"_links":{"self":[{"href":"https:\/\/wp.ufpel.edu.br\/especializacaoartes\/wp-json\/wp\/v2\/pages\/69","targetHints":{"allow":["GET"]}}],"collection":[{"href":"https:\/\/wp.ufpel.edu.br\/especializacaoartes\/wp-json\/wp\/v2\/pages"}],"about":[{"href":"https:\/\/wp.ufpel.edu.br\/especializacaoartes\/wp-json\/wp\/v2\/types\/page"}],"author":[{"embeddable":true,"href":"https:\/\/wp.ufpel.edu.br\/especializacaoartes\/wp-json\/wp\/v2\/users\/1383"}],"replies":[{"embeddable":true,"href":"https:\/\/wp.ufpel.edu.br\/especializacaoartes\/wp-json\/wp\/v2\/comments?post=69"}],"version-history":[{"count":1,"href":"https:\/\/wp.ufpel.edu.br\/especializacaoartes\/wp-json\/wp\/v2\/pages\/69\/revisions"}],"predecessor-version":[{"id":71,"href":"https:\/\/wp.ufpel.edu.br\/especializacaoartes\/wp-json\/wp\/v2\/pages\/69\/revisions\/71"}],"up":[{"embeddable":true,"href":"https:\/\/wp.ufpel.edu.br\/especializacaoartes\/wp-json\/wp\/v2\/pages\/4"}],"wp:attachment":[{"href":"https:\/\/wp.ufpel.edu.br\/especializacaoartes\/wp-json\/wp\/v2\/media?parent=69"}],"curies":[{"name":"wp","href":"https:\/\/api.w.org\/{rel}","templated":true}]}}