{"id":4,"date":"2024-08-01T12:37:56","date_gmt":"2024-08-01T15:37:56","guid":{"rendered":"https:\/\/wp.ufpel.edu.br\/especializacaoartes\/?page_id=4"},"modified":"2024-08-01T12:37:56","modified_gmt":"2024-08-01T15:37:56","slug":"curso","status":"publish","type":"page","link":"https:\/\/wp.ufpel.edu.br\/especializacaoartes\/curso\/","title":{"rendered":"Curso"},"content":{"rendered":"<p>Aqui voc\u00ea ir\u00e1 encontrar informa\u00e7\u00f5es sobre a hist\u00f3ria do curso, seu funcionamento, o corpo docente e as disciplinas dispon\u00edveis com ementas e grade curricular.<\/p>\n","protected":false},"excerpt":{"rendered":"<p>Aqui voc\u00ea ir\u00e1 encontrar informa\u00e7\u00f5es sobre a hist\u00f3ria do curso, seu funcionamento, o corpo docente e as disciplinas dispon\u00edveis com ementas e grade curricular.<\/p>\n","protected":false},"author":1383,"featured_media":0,"parent":0,"menu_order":0,"comment_status":"closed","ping_status":"closed","template":"","meta":{"footnotes":""},"class_list":["post-4","page","type-page","status-publish","hentry"],"_links":{"self":[{"href":"https:\/\/wp.ufpel.edu.br\/especializacaoartes\/wp-json\/wp\/v2\/pages\/4","targetHints":{"allow":["GET"]}}],"collection":[{"href":"https:\/\/wp.ufpel.edu.br\/especializacaoartes\/wp-json\/wp\/v2\/pages"}],"about":[{"href":"https:\/\/wp.ufpel.edu.br\/especializacaoartes\/wp-json\/wp\/v2\/types\/page"}],"author":[{"embeddable":true,"href":"https:\/\/wp.ufpel.edu.br\/especializacaoartes\/wp-json\/wp\/v2\/users\/1383"}],"replies":[{"embeddable":true,"href":"https:\/\/wp.ufpel.edu.br\/especializacaoartes\/wp-json\/wp\/v2\/comments?post=4"}],"version-history":[{"count":1,"href":"https:\/\/wp.ufpel.edu.br\/especializacaoartes\/wp-json\/wp\/v2\/pages\/4\/revisions"}],"predecessor-version":[{"id":6,"href":"https:\/\/wp.ufpel.edu.br\/especializacaoartes\/wp-json\/wp\/v2\/pages\/4\/revisions\/6"}],"wp:attachment":[{"href":"https:\/\/wp.ufpel.edu.br\/especializacaoartes\/wp-json\/wp\/v2\/media?parent=4"}],"curies":[{"name":"wp","href":"https:\/\/api.w.org\/{rel}","templated":true}]}}