{"id":179,"date":"2024-10-04T11:00:55","date_gmt":"2024-10-04T14:00:55","guid":{"rendered":"https:\/\/wp.ufpel.edu.br\/especializacaoartes\/?page_id=179"},"modified":"2025-07-28T08:07:05","modified_gmt":"2025-07-28T11:07:05","slug":"2024-2","status":"publish","type":"page","link":"https:\/\/wp.ufpel.edu.br\/especializacaoartes\/trabalhos-de-conclusao\/2024-2\/","title":{"rendered":"2024"},"content":{"rendered":"<p><strong>J\u00f4nas Eliasar Gon\u00e7alves Meireles. <\/strong>A aprecia\u00e7\u00e3o musical do choro como uma experi\u00eancia de ensino-aprendizagem na inicia\u00e7\u00e3o musical<\/p>\n<p><strong>Marcus Mattos Portella Gargioni.<\/strong> <a href=\"https:\/\/wp.ufpel.edu.br\/especializacaoartes\/files\/2025\/06\/Monografia-Processo-de-criacao-da-trilha-sonora-de-Besta-do-Ventre-BIBLIOTECA.pdf\">Besta do Ventre: percurso de cria\u00e7\u00e3o da trilha sonora.<\/a><\/p>\n<p><strong>Rangel Carraro Toledo Borges.<\/strong><a href=\"https:\/\/wp.ufpel.edu.br\/especializacaoartes\/files\/2024\/11\/Versao-Comprimida-Monografia-Especializacao-Rangel.pdf\"> Linguagem Visual em Empratamentos: Considera\u00e7\u00f5es de Arte e Design em Processos de Cria\u00e7\u00e3o na Gastronomia<\/a><strong><br \/>\n<\/strong><\/p>\n<p><strong>Yane Bueno Caetano. <\/strong><a href=\"https:\/\/pergamum.ufpel.edu.br\/acervo\/128205\"><span class=\"fontstyle0\">A constru\u00e7\u00e3o do feminino na arte de mulheres da dan\u00e7a: trajet\u00f3ria de egressas do curso de Dan\u00e7a-Licenciatura UFPEL.<\/span><\/a><\/p>\n","protected":false},"excerpt":{"rendered":"<p>J\u00f4nas Eliasar Gon\u00e7alves Meireles. A aprecia\u00e7\u00e3o musical do choro como uma experi\u00eancia de ensino-aprendizagem na inicia\u00e7\u00e3o musical Marcus Mattos Portella Gargioni. Besta do Ventre: percurso de cria\u00e7\u00e3o da trilha sonora. Rangel Carraro Toledo Borges. Linguagem Visual em Empratamentos: Considera\u00e7\u00f5es de Arte e Design em Processos de Cria\u00e7\u00e3o na Gastronomia Yane Bueno Caetano. A constru\u00e7\u00e3o do [&hellip;]<\/p>\n","protected":false},"author":1383,"featured_media":0,"parent":89,"menu_order":5,"comment_status":"closed","ping_status":"closed","template":"","meta":{"footnotes":""},"class_list":["post-179","page","type-page","status-publish","hentry"],"_links":{"self":[{"href":"https:\/\/wp.ufpel.edu.br\/especializacaoartes\/wp-json\/wp\/v2\/pages\/179","targetHints":{"allow":["GET"]}}],"collection":[{"href":"https:\/\/wp.ufpel.edu.br\/especializacaoartes\/wp-json\/wp\/v2\/pages"}],"about":[{"href":"https:\/\/wp.ufpel.edu.br\/especializacaoartes\/wp-json\/wp\/v2\/types\/page"}],"author":[{"embeddable":true,"href":"https:\/\/wp.ufpel.edu.br\/especializacaoartes\/wp-json\/wp\/v2\/users\/1383"}],"replies":[{"embeddable":true,"href":"https:\/\/wp.ufpel.edu.br\/especializacaoartes\/wp-json\/wp\/v2\/comments?post=179"}],"version-history":[{"count":8,"href":"https:\/\/wp.ufpel.edu.br\/especializacaoartes\/wp-json\/wp\/v2\/pages\/179\/revisions"}],"predecessor-version":[{"id":252,"href":"https:\/\/wp.ufpel.edu.br\/especializacaoartes\/wp-json\/wp\/v2\/pages\/179\/revisions\/252"}],"up":[{"embeddable":true,"href":"https:\/\/wp.ufpel.edu.br\/especializacaoartes\/wp-json\/wp\/v2\/pages\/89"}],"wp:attachment":[{"href":"https:\/\/wp.ufpel.edu.br\/especializacaoartes\/wp-json\/wp\/v2\/media?parent=179"}],"curies":[{"name":"wp","href":"https:\/\/api.w.org\/{rel}","templated":true}]}}