{"id":170,"date":"2024-09-30T10:59:07","date_gmt":"2024-09-30T13:59:07","guid":{"rendered":"https:\/\/wp.ufpel.edu.br\/especializacaoartes\/?page_id=170"},"modified":"2024-10-04T11:11:11","modified_gmt":"2024-10-04T14:11:11","slug":"2021-2","status":"publish","type":"page","link":"https:\/\/wp.ufpel.edu.br\/especializacaoartes\/trabalhos-de-conclusao\/2021-2\/","title":{"rendered":"2021"},"content":{"rendered":"<p><strong>Alan Caetano C\u00e2ndido.<\/strong> <a href=\"https:\/\/pergamum.ufpel.edu.br\/acervo\/122050\"><span class=\"f500 false\">O negro e o carnaval <\/span><span class=\"f500 l5\">[recurso eletr\u00f4nico] : <\/span><span class=\"f500 l5\">as representa\u00e7\u00f5es imag\u00e9ticas e as rela\u00e7\u00f5es de verticalidade no cotidiano<br \/>\n<\/span><\/a><\/p>\n<p><strong>Andr\u00e9ia Vargas Bartel.<\/strong> <a href=\"https:\/\/pergamum.ufpel.edu.br\/acervo\/122057\"><span class=\"f500 false\">Arte como inspira\u00e7\u00e3o em tempos de distanciamento social <\/span><span class=\"f500 l5\">[recurso eletr\u00f4nico]<br \/>\n<\/span><\/a><\/p>\n<p><strong>Guilherme Susin Sirtoli. <\/strong><a href=\"https:\/\/pergamum.ufpel.edu.br\/acervo\/122061\"><span class=\"f500 false\">A experi\u00eancia est\u00e9tica e a participa\u00e7\u00e3o ativa do espectador <\/span><span class=\"f500 l5\">[recurso eletr\u00f4nico] : <\/span><span class=\"f500 l5\">entre a po\u00e9tica e o ensino de Artes Visuais.<\/span><\/a><\/p>\n<p><strong>J\u00falia Petiz Porto.<\/strong> <a href=\"https:\/\/pergamum.ufpel.edu.br\/acervo\/122062\"><span class=\"f500 false\">Bordar e fofocar <\/span><span class=\"f500 l5\">[recurso eletr\u00f4nico] : <\/span><span class=\"f500 l5\">oficinas de artes t\u00eaxteis e a cria\u00e7\u00e3o de lugares de cultivo feminista.<\/span><\/a><\/p>\n<p><strong>Robson Teixeira Porto.<\/strong> <a href=\"https:\/\/pergamum.ufpel.edu.br\/acervo\/122079\"><span class=\"f500 false\">Problematiza\u00e7\u00f5es acerca das estrat\u00e9gias de ensino de samba de sal\u00e3o <\/span><span class=\"f500 l5\">[recurso eletr\u00f4nico] : <\/span><span class=\"f500 l5\">uma pesquisa-a\u00e7\u00e3o no Tat\u00e1 N\u00facleo de Dan\u00e7a-Teatro.<\/span><\/a><\/p>\n<p><strong>Tais Dias Galindo.<\/strong> <span class=\"fontstyle0\">Quando este corpo ser\u00e1 meu? <\/span><span class=\"fontstyle0\">Desdobramentos po\u00e9ticos do cuidado de si.<br \/>\n<\/span><\/p>\n<p><strong>Thalles Echeverry Feij\u00f3.<\/strong> <a href=\"https:\/\/pergamum.ufpel.edu.br\/acervo\/122088\"><span class=\"f500 false\">A Constru\u00e7\u00e3o do texto performativo do espet\u00e1culo &#8220;Cad\u00e1ver&#8221; <\/span><span class=\"f500 l5\">[recurso eletr\u00f4nico].<\/span><\/a><\/p>\n<p><strong>Vanessa Martins da Silva.<\/strong> <a href=\"https:\/\/pergamum.ufpel.edu.br\/acervo\/122090\"><span class=\"f500 false\">Jogos e brincadeiras das crian\u00e7as na perspectiva da performance <\/span><span class=\"f500 l5\">[recurso eletr\u00f4nico].<\/span><\/a><\/p>\n","protected":false},"excerpt":{"rendered":"<p>Alan Caetano C\u00e2ndido. O negro e o carnaval [recurso eletr\u00f4nico] : as representa\u00e7\u00f5es imag\u00e9ticas e as rela\u00e7\u00f5es de verticalidade no cotidiano Andr\u00e9ia Vargas Bartel. Arte como inspira\u00e7\u00e3o em tempos de distanciamento social [recurso eletr\u00f4nico] Guilherme Susin Sirtoli. A experi\u00eancia est\u00e9tica e a participa\u00e7\u00e3o ativa do espectador [recurso eletr\u00f4nico] : entre a po\u00e9tica e o ensino [&hellip;]<\/p>\n","protected":false},"author":1383,"featured_media":0,"parent":89,"menu_order":3,"comment_status":"closed","ping_status":"closed","template":"","meta":{"footnotes":""},"class_list":["post-170","page","type-page","status-publish","hentry"],"_links":{"self":[{"href":"https:\/\/wp.ufpel.edu.br\/especializacaoartes\/wp-json\/wp\/v2\/pages\/170","targetHints":{"allow":["GET"]}}],"collection":[{"href":"https:\/\/wp.ufpel.edu.br\/especializacaoartes\/wp-json\/wp\/v2\/pages"}],"about":[{"href":"https:\/\/wp.ufpel.edu.br\/especializacaoartes\/wp-json\/wp\/v2\/types\/page"}],"author":[{"embeddable":true,"href":"https:\/\/wp.ufpel.edu.br\/especializacaoartes\/wp-json\/wp\/v2\/users\/1383"}],"replies":[{"embeddable":true,"href":"https:\/\/wp.ufpel.edu.br\/especializacaoartes\/wp-json\/wp\/v2\/comments?post=170"}],"version-history":[{"count":1,"href":"https:\/\/wp.ufpel.edu.br\/especializacaoartes\/wp-json\/wp\/v2\/pages\/170\/revisions"}],"predecessor-version":[{"id":172,"href":"https:\/\/wp.ufpel.edu.br\/especializacaoartes\/wp-json\/wp\/v2\/pages\/170\/revisions\/172"}],"up":[{"embeddable":true,"href":"https:\/\/wp.ufpel.edu.br\/especializacaoartes\/wp-json\/wp\/v2\/pages\/89"}],"wp:attachment":[{"href":"https:\/\/wp.ufpel.edu.br\/especializacaoartes\/wp-json\/wp\/v2\/media?parent=170"}],"curies":[{"name":"wp","href":"https:\/\/api.w.org\/{rel}","templated":true}]}}