{"id":16,"date":"2024-08-01T12:42:23","date_gmt":"2024-08-01T15:42:23","guid":{"rendered":"https:\/\/wp.ufpel.edu.br\/especializacaoartes\/?page_id=16"},"modified":"2024-08-05T13:35:51","modified_gmt":"2024-08-05T16:35:51","slug":"sobre","status":"publish","type":"page","link":"https:\/\/wp.ufpel.edu.br\/especializacaoartes\/curso\/sobre\/","title":{"rendered":"Sobre"},"content":{"rendered":"<p>O Curso \u00e9 presencial, com carga hor\u00e1ria m\u00ednima de 360 horas\/aula, sendo um m\u00ednimo de tr\u00eas disciplinas obrigat\u00f3rias, tr\u00eas disciplinas optativas e 54h em atividades complementares. As disciplinas podem ocorrer entre segunda e sexta no per\u00edodo noturno. O curso tem dura\u00e7\u00e3o de tr\u00eas semestres, sendo que no \u00faltimo semestre, preferencialmente, o aluno tem apenas as orienta\u00e7\u00f5es para a sua monografia.<\/p>\n","protected":false},"excerpt":{"rendered":"<p>O Curso \u00e9 presencial, com carga hor\u00e1ria m\u00ednima de 360 horas\/aula, sendo um m\u00ednimo de tr\u00eas disciplinas obrigat\u00f3rias, tr\u00eas disciplinas optativas e 54h em atividades complementares. As disciplinas podem ocorrer entre segunda e sexta no per\u00edodo noturno. O curso tem dura\u00e7\u00e3o de tr\u00eas semestres, sendo que no \u00faltimo semestre, preferencialmente, o aluno tem apenas as [&hellip;]<\/p>\n","protected":false},"author":1383,"featured_media":0,"parent":4,"menu_order":4,"comment_status":"closed","ping_status":"closed","template":"","meta":{"footnotes":""},"class_list":["post-16","page","type-page","status-publish","hentry"],"_links":{"self":[{"href":"https:\/\/wp.ufpel.edu.br\/especializacaoartes\/wp-json\/wp\/v2\/pages\/16","targetHints":{"allow":["GET"]}}],"collection":[{"href":"https:\/\/wp.ufpel.edu.br\/especializacaoartes\/wp-json\/wp\/v2\/pages"}],"about":[{"href":"https:\/\/wp.ufpel.edu.br\/especializacaoartes\/wp-json\/wp\/v2\/types\/page"}],"author":[{"embeddable":true,"href":"https:\/\/wp.ufpel.edu.br\/especializacaoartes\/wp-json\/wp\/v2\/users\/1383"}],"replies":[{"embeddable":true,"href":"https:\/\/wp.ufpel.edu.br\/especializacaoartes\/wp-json\/wp\/v2\/comments?post=16"}],"version-history":[{"count":1,"href":"https:\/\/wp.ufpel.edu.br\/especializacaoartes\/wp-json\/wp\/v2\/pages\/16\/revisions"}],"predecessor-version":[{"id":18,"href":"https:\/\/wp.ufpel.edu.br\/especializacaoartes\/wp-json\/wp\/v2\/pages\/16\/revisions\/18"}],"up":[{"embeddable":true,"href":"https:\/\/wp.ufpel.edu.br\/especializacaoartes\/wp-json\/wp\/v2\/pages\/4"}],"wp:attachment":[{"href":"https:\/\/wp.ufpel.edu.br\/especializacaoartes\/wp-json\/wp\/v2\/media?parent=16"}],"curies":[{"name":"wp","href":"https:\/\/api.w.org\/{rel}","templated":true}]}}