{"id":147,"date":"2024-08-28T09:21:46","date_gmt":"2024-08-28T12:21:46","guid":{"rendered":"https:\/\/wp.ufpel.edu.br\/especializacaoartes\/?page_id=147"},"modified":"2024-10-08T10:07:19","modified_gmt":"2024-10-08T13:07:19","slug":"2023-2","status":"publish","type":"page","link":"https:\/\/wp.ufpel.edu.br\/especializacaoartes\/trabalhos-de-conclusao\/2023-2\/","title":{"rendered":"2023"},"content":{"rendered":"<p><strong>Adi Berenice G\u00fcez e Silva<\/strong>. <a href=\"https:\/\/pergamum.ufpel.edu.br\/acervo\/127398\"><em><span class=\"f500 false\">Em cena <\/span><span class=\"f500 l5\">[recurso eletr\u00f4nico] : <\/span><span class=\"f500 l5\">a miniatura como protagonista em narrativas visuais<\/span><\/em><\/a><\/p>\n<p><strong>Adriene Coelho Ferreira Jerozolimski. <\/strong><a href=\"https:\/\/pergamum.ufpel.edu.br\/acervo\/127399\"><span class=\"fontstyle0\">CARTOGRAFIA DE UMA EXPERI\u00caNCIA DE ARTE T\u00caXTIL CONTEMPOR\u00c2NEA EM BAYAUCA, ARGENTINA &#8211; RELA\u00c7\u00d5ES COM AS QUEST\u00d5ES DE G\u00caNERO NA PAMPA<\/span><\/a><\/p>\n<p><strong>Davi Raubach Tuchtenhagen. <\/strong><a href=\"https:\/\/pergamum.ufpel.edu.br\/acervo\/128207\"><span class=\"fontstyle0\">Devaneios da \u00e1gua no processo criativo da can\u00e7\u00e3o <\/span><span class=\"fontstyle2\">A Sanga e os Sonhos.<\/span><\/a><\/p>\n<p><strong>Dayanna Michelle Canon Perez.\u00a0<\/strong> <a href=\"https:\/\/pergamum.ufpel.edu.br\/acervo\/128203\"><span class=\"fontstyle0\">DRAMATURGIA E G\u00caNERO: EXPERI\u00caNCIAS E PERCURSOS DE UMA ALUNA, PESQUISADORA E PROFESSORA.<\/span><\/a><\/p>\n<p><strong>Denner Rodrigues Goulart. <\/strong><span class=\"fontstyle0\">Arte-educa\u00e7\u00e3o: A rua como lugar para a forma\u00e7\u00e3o docente.<\/span><\/p>\n<p><strong>Gabriela Paludo Sulczinski. <\/strong><a href=\"https:\/\/pergamum.ufpel.edu.br\/acervo\/127416\"><em><span class=\"f500 false\">Arte, pol\u00edtica e sa\u00fade mental <\/span><span class=\"f500 l5\">[recurso eletr\u00f4nico] : <\/span><span class=\"f500 l5\">travessias de uma experi\u00eancia profissional e pedag\u00f3gica como oficineira de CAPS.<\/span><\/em><\/a><\/p>\n<p><strong>Josiane Medeiros Gomes. <\/strong><a href=\"https:\/\/pergamum.ufpel.edu.br\/acervo\/128204\"><span class=\"fontstyle0\">Cultura na favela: processo de cria\u00e7\u00e3o do document\u00e1rio \u2018<\/span><span class=\"fontstyle2\">Apresentando a biblioteca comunit\u00e1ria da CUFA &#8211; Pelotas no bairro Navegantes\u2019<\/span><\/a><\/p>\n<p><strong>J\u00e9ferson Lu\u00eds Dias da Silva. <\/strong><span class=\"fontstyle0\">Entre o anacronismo das imagens e os saberes da arkh\u00e9 na pintura de Maria Auxiliadora da Silva.<\/span><\/p>\n<p><strong>Roberta Domingues Machado. <\/strong><span class=\"fontstyle0\">Oficinas de viol\u00e3o e musicaliza\u00e7\u00e3o para professores de educa\u00e7\u00e3o infantil: Um estudo sobre os resultados na forma\u00e7\u00e3o e atua\u00e7\u00e3o de professores de\u00a0 educa\u00e7\u00e3o infantil na rede municipal de Rio Grande-RS.<\/span><\/p>\n","protected":false},"excerpt":{"rendered":"<p>Adi Berenice G\u00fcez e Silva. Em cena [recurso eletr\u00f4nico] : a miniatura como protagonista em narrativas visuais Adriene Coelho Ferreira Jerozolimski. CARTOGRAFIA DE UMA EXPERI\u00caNCIA DE ARTE T\u00caXTIL CONTEMPOR\u00c2NEA EM BAYAUCA, ARGENTINA &#8211; RELA\u00c7\u00d5ES COM AS QUEST\u00d5ES DE G\u00caNERO NA PAMPA Davi Raubach Tuchtenhagen. Devaneios da \u00e1gua no processo criativo da can\u00e7\u00e3o A Sanga e [&hellip;]<\/p>\n","protected":false},"author":1383,"featured_media":0,"parent":89,"menu_order":0,"comment_status":"closed","ping_status":"closed","template":"","meta":{"footnotes":""},"class_list":["post-147","page","type-page","status-publish","hentry"],"_links":{"self":[{"href":"https:\/\/wp.ufpel.edu.br\/especializacaoartes\/wp-json\/wp\/v2\/pages\/147","targetHints":{"allow":["GET"]}}],"collection":[{"href":"https:\/\/wp.ufpel.edu.br\/especializacaoartes\/wp-json\/wp\/v2\/pages"}],"about":[{"href":"https:\/\/wp.ufpel.edu.br\/especializacaoartes\/wp-json\/wp\/v2\/types\/page"}],"author":[{"embeddable":true,"href":"https:\/\/wp.ufpel.edu.br\/especializacaoartes\/wp-json\/wp\/v2\/users\/1383"}],"replies":[{"embeddable":true,"href":"https:\/\/wp.ufpel.edu.br\/especializacaoartes\/wp-json\/wp\/v2\/comments?post=147"}],"version-history":[{"count":5,"href":"https:\/\/wp.ufpel.edu.br\/especializacaoartes\/wp-json\/wp\/v2\/pages\/147\/revisions"}],"predecessor-version":[{"id":192,"href":"https:\/\/wp.ufpel.edu.br\/especializacaoartes\/wp-json\/wp\/v2\/pages\/147\/revisions\/192"}],"up":[{"embeddable":true,"href":"https:\/\/wp.ufpel.edu.br\/especializacaoartes\/wp-json\/wp\/v2\/pages\/89"}],"wp:attachment":[{"href":"https:\/\/wp.ufpel.edu.br\/especializacaoartes\/wp-json\/wp\/v2\/media?parent=147"}],"curies":[{"name":"wp","href":"https:\/\/api.w.org\/{rel}","templated":true}]}}