{"id":118,"date":"2024-08-07T13:51:11","date_gmt":"2024-08-07T16:51:11","guid":{"rendered":"https:\/\/wp.ufpel.edu.br\/especializacaoartes\/?page_id=118"},"modified":"2024-08-09T13:25:44","modified_gmt":"2024-08-09T16:25:44","slug":"aproveitamento-de-disciplina","status":"publish","type":"page","link":"https:\/\/wp.ufpel.edu.br\/especializacaoartes\/documentos\/procedimentos\/aproveitamento-de-disciplina\/","title":{"rendered":"Aproveitamento de disciplina"},"content":{"rendered":"<p class=\"has-text-align-justify\"><strong>Defini\u00e7\u00e3o<\/strong><\/p>\n<p class=\"has-text-align-justify\">Discente que cursou com aprova\u00e7\u00e3o componente curricular de curso de p\u00f3s-gradua\u00e7\u00e3o poder\u00e1 solicitar aproveitamento de estudos, dentro dos prazos previstos no calend\u00e1rio acad\u00eamico.<br \/>\nPara obter o aproveitamento, a atividade curricular cursada dever\u00e1 contemplar, no m\u00ednimo, 75% da carga hor\u00e1ria e do conte\u00fado da atividade curricular pretendida, sendo facultada ao professor respons\u00e1vel pelo componente curricular a realiza\u00e7\u00e3o de avalia\u00e7\u00e3o especial para eventual complementa\u00e7\u00e3o.<\/p>\n<p class=\"has-text-align-justify\"><strong><br \/>\nComo Solicitar<\/strong><\/p>\n<p>O(a) aluno(a) dever\u00e1 preencher o formul\u00e1rio de aproveitamento de estudos (<a href=\"https:\/\/wp.ufpel.edu.br\/especializacaoartes\/files\/2024\/08\/Formulario-6-\u2013-Aproveitamento-de-Creditos-2.doc\">clique aqui<\/a>) e enviar em PDF para o e-mail do Colegiado (posgraduacao.artes@gmail.com), juntamente com o hist\u00f3rico escolar e ementa da disciplina. O pedido ser\u00e1 apreciado em reuni\u00e3o de Colegiado e o(a) discente ser\u00e1 avisado por e-mail.<\/p>\n","protected":false},"excerpt":{"rendered":"<p>Defini\u00e7\u00e3o Discente que cursou com aprova\u00e7\u00e3o componente curricular de curso de p\u00f3s-gradua\u00e7\u00e3o poder\u00e1 solicitar aproveitamento de estudos, dentro dos prazos previstos no calend\u00e1rio acad\u00eamico. Para obter o aproveitamento, a atividade curricular cursada dever\u00e1 contemplar, no m\u00ednimo, 75% da carga hor\u00e1ria e do conte\u00fado da atividade curricular pretendida, sendo facultada ao professor respons\u00e1vel pelo componente curricular [&hellip;]<\/p>\n","protected":false},"author":1383,"featured_media":0,"parent":81,"menu_order":0,"comment_status":"closed","ping_status":"closed","template":"","meta":{"footnotes":""},"class_list":["post-118","page","type-page","status-publish","hentry"],"_links":{"self":[{"href":"https:\/\/wp.ufpel.edu.br\/especializacaoartes\/wp-json\/wp\/v2\/pages\/118","targetHints":{"allow":["GET"]}}],"collection":[{"href":"https:\/\/wp.ufpel.edu.br\/especializacaoartes\/wp-json\/wp\/v2\/pages"}],"about":[{"href":"https:\/\/wp.ufpel.edu.br\/especializacaoartes\/wp-json\/wp\/v2\/types\/page"}],"author":[{"embeddable":true,"href":"https:\/\/wp.ufpel.edu.br\/especializacaoartes\/wp-json\/wp\/v2\/users\/1383"}],"replies":[{"embeddable":true,"href":"https:\/\/wp.ufpel.edu.br\/especializacaoartes\/wp-json\/wp\/v2\/comments?post=118"}],"version-history":[{"count":3,"href":"https:\/\/wp.ufpel.edu.br\/especializacaoartes\/wp-json\/wp\/v2\/pages\/118\/revisions"}],"predecessor-version":[{"id":131,"href":"https:\/\/wp.ufpel.edu.br\/especializacaoartes\/wp-json\/wp\/v2\/pages\/118\/revisions\/131"}],"up":[{"embeddable":true,"href":"https:\/\/wp.ufpel.edu.br\/especializacaoartes\/wp-json\/wp\/v2\/pages\/81"}],"wp:attachment":[{"href":"https:\/\/wp.ufpel.edu.br\/especializacaoartes\/wp-json\/wp\/v2\/media?parent=118"}],"curies":[{"name":"wp","href":"https:\/\/api.w.org\/{rel}","templated":true}]}}