{"id":111,"date":"2024-08-07T13:30:37","date_gmt":"2024-08-07T16:30:37","guid":{"rendered":"https:\/\/wp.ufpel.edu.br\/especializacaoartes\/?page_id=111"},"modified":"2024-08-07T13:49:40","modified_gmt":"2024-08-07T16:49:40","slug":"diploma-segunda-via","status":"publish","type":"page","link":"https:\/\/wp.ufpel.edu.br\/especializacaoartes\/documentos\/procedimentos\/diploma-segunda-via\/","title":{"rendered":"Diploma &#8211; segunda via"},"content":{"rendered":"<p>Para informa\u00e7\u00f5es a respeito da solicita\u00e7\u00e3o da segunda via do diploma, acesse o link abaixo:<br \/>\n<a href=\"https:\/\/wp.ufpel.edu.br\/cra\/informacoes-academicas\/solicitacao-de-2a-via\/\">https:\/\/wp.ufpel.edu.br\/cra\/informacoes-academicas\/solicitacao-de-2a-via\/<\/a><\/p>\n","protected":false},"excerpt":{"rendered":"<p>Para informa\u00e7\u00f5es a respeito da solicita\u00e7\u00e3o da segunda via do diploma, acesse o link abaixo: https:\/\/wp.ufpel.edu.br\/cra\/informacoes-academicas\/solicitacao-de-2a-via\/<\/p>\n","protected":false},"author":1383,"featured_media":0,"parent":81,"menu_order":1,"comment_status":"closed","ping_status":"closed","template":"","meta":{"footnotes":""},"class_list":["post-111","page","type-page","status-publish","hentry"],"_links":{"self":[{"href":"https:\/\/wp.ufpel.edu.br\/especializacaoartes\/wp-json\/wp\/v2\/pages\/111","targetHints":{"allow":["GET"]}}],"collection":[{"href":"https:\/\/wp.ufpel.edu.br\/especializacaoartes\/wp-json\/wp\/v2\/pages"}],"about":[{"href":"https:\/\/wp.ufpel.edu.br\/especializacaoartes\/wp-json\/wp\/v2\/types\/page"}],"author":[{"embeddable":true,"href":"https:\/\/wp.ufpel.edu.br\/especializacaoartes\/wp-json\/wp\/v2\/users\/1383"}],"replies":[{"embeddable":true,"href":"https:\/\/wp.ufpel.edu.br\/especializacaoartes\/wp-json\/wp\/v2\/comments?post=111"}],"version-history":[{"count":1,"href":"https:\/\/wp.ufpel.edu.br\/especializacaoartes\/wp-json\/wp\/v2\/pages\/111\/revisions"}],"predecessor-version":[{"id":113,"href":"https:\/\/wp.ufpel.edu.br\/especializacaoartes\/wp-json\/wp\/v2\/pages\/111\/revisions\/113"}],"up":[{"embeddable":true,"href":"https:\/\/wp.ufpel.edu.br\/especializacaoartes\/wp-json\/wp\/v2\/pages\/81"}],"wp:attachment":[{"href":"https:\/\/wp.ufpel.edu.br\/especializacaoartes\/wp-json\/wp\/v2\/media?parent=111"}],"curies":[{"name":"wp","href":"https:\/\/api.w.org\/{rel}","templated":true}]}}