{"id":108,"date":"2024-08-07T13:28:32","date_gmt":"2024-08-07T16:28:32","guid":{"rendered":"https:\/\/wp.ufpel.edu.br\/especializacaoartes\/?page_id=108"},"modified":"2024-08-07T13:28:32","modified_gmt":"2024-08-07T16:28:32","slug":"diploma","status":"publish","type":"page","link":"https:\/\/wp.ufpel.edu.br\/especializacaoartes\/documentos\/procedimentos\/diploma\/","title":{"rendered":"Diploma"},"content":{"rendered":"<p>Os documentos necess\u00e1rios para confec\u00e7\u00e3o do diploma s\u00e3o os seguintes:<\/p>\n<p>&#8211; c\u00f3pia do RG autenticada (PDF) ou entregue no Colegiado, frente e verso;<br \/>\n&#8211; c\u00f3pia da Certid\u00e3o de Nascimento ou casamento autenticada (PDF) ou entregue no Colegiado;<br \/>\n&#8211; c\u00f3pia do Diploma da Gradua\u00e7\u00e3o autenticada ou entregue no Colegiado, frente e verso;<\/p>\n<p>A secretaria providencia o hist\u00f3rico escolar final do aluno pelo Cobalto e a ata de homologa\u00e7\u00e3o da defesa emitida em reuni\u00e3o de Colegiado.<\/p>\n","protected":false},"excerpt":{"rendered":"<p>Os documentos necess\u00e1rios para confec\u00e7\u00e3o do diploma s\u00e3o os seguintes: &#8211; c\u00f3pia do RG autenticada (PDF) ou entregue no Colegiado, frente e verso; &#8211; c\u00f3pia da Certid\u00e3o de Nascimento ou casamento autenticada (PDF) ou entregue no Colegiado; &#8211; c\u00f3pia do Diploma da Gradua\u00e7\u00e3o autenticada ou entregue no Colegiado, frente e verso; A secretaria providencia o [&hellip;]<\/p>\n","protected":false},"author":1383,"featured_media":0,"parent":81,"menu_order":0,"comment_status":"closed","ping_status":"closed","template":"","meta":{"footnotes":""},"class_list":["post-108","page","type-page","status-publish","hentry"],"_links":{"self":[{"href":"https:\/\/wp.ufpel.edu.br\/especializacaoartes\/wp-json\/wp\/v2\/pages\/108","targetHints":{"allow":["GET"]}}],"collection":[{"href":"https:\/\/wp.ufpel.edu.br\/especializacaoartes\/wp-json\/wp\/v2\/pages"}],"about":[{"href":"https:\/\/wp.ufpel.edu.br\/especializacaoartes\/wp-json\/wp\/v2\/types\/page"}],"author":[{"embeddable":true,"href":"https:\/\/wp.ufpel.edu.br\/especializacaoartes\/wp-json\/wp\/v2\/users\/1383"}],"replies":[{"embeddable":true,"href":"https:\/\/wp.ufpel.edu.br\/especializacaoartes\/wp-json\/wp\/v2\/comments?post=108"}],"version-history":[{"count":1,"href":"https:\/\/wp.ufpel.edu.br\/especializacaoartes\/wp-json\/wp\/v2\/pages\/108\/revisions"}],"predecessor-version":[{"id":110,"href":"https:\/\/wp.ufpel.edu.br\/especializacaoartes\/wp-json\/wp\/v2\/pages\/108\/revisions\/110"}],"up":[{"embeddable":true,"href":"https:\/\/wp.ufpel.edu.br\/especializacaoartes\/wp-json\/wp\/v2\/pages\/81"}],"wp:attachment":[{"href":"https:\/\/wp.ufpel.edu.br\/especializacaoartes\/wp-json\/wp\/v2\/media?parent=108"}],"curies":[{"name":"wp","href":"https:\/\/api.w.org\/{rel}","templated":true}]}}