{"id":54,"date":"2020-12-11T11:28:33","date_gmt":"2020-12-11T14:28:33","guid":{"rendered":"https:\/\/wp.ufpel.edu.br\/especializacaoaeeufpel\/?page_id=54"},"modified":"2021-02-12T18:55:03","modified_gmt":"2021-02-12T21:55:03","slug":"disciplinas","status":"publish","type":"page","link":"https:\/\/wp.ufpel.edu.br\/especializacaoaeeufpel\/disciplinas\/","title":{"rendered":"Disciplinas"},"content":{"rendered":"<p><strong>M\u00d3DULO I \u2013 total 140 horas<\/strong><\/p>\n<p><strong>Eixo A: FUNDAMENTOS S\u00d3CIO-HIST\u00d3RICOS E POL\u00cdTICOS DA EDUCA\u00c7\u00c3O<\/strong><br \/>\n<strong>INCLUSIVA\u00a0<\/strong><\/p>\n<p><strong><em>Disciplina 1<\/em><\/strong> \u2013 Percurso s\u00f3cio hist\u00f3rico e pol\u00edticas p\u00fablicas<br \/>\nda Educa\u00e7\u00e3o Inclusiva e o campo das defici\u00eancias. C.H. 20h<br \/>\nFormadoras: Rita C\u00f3ssio e Francele Carlan<\/p>\n<p><strong>Eixo B: TRABALHO CIENT\u00cdFICO<\/strong><\/p>\n<p><em><strong>Disciplina 1 &#8211;<\/strong> <\/em>Metodologia do Trabalho Cient\u00edfico. C.H.20h<br \/>\nFormador: Robledo L. Gil<\/p>\n<p><strong>Eixo C: TEORIAS DO CONHECIMENTO E DE APRENDIZAGEM E3<\/strong><\/p>\n<p><em><strong>Disciplina 1 &#8211;<\/strong><\/em> Processos mentais e de aprendizagem de<br \/>\npessoas com defici\u00eancia, transtornos, altas habilidades e superdota\u00e7\u00e3o. C.H. 20h<br \/>\nFormadoras: Rita C\u00f3ssio e Giovana C. Rodriguez<\/p>\n<p><em><strong>Disciplina 2-<\/strong><\/em> Desenvolvimento da Aprendizagem. C.H 20h<br \/>\nFormadora: Maria da Gra\u00e7a C. Neves<\/p>\n<p><strong><em>Disciplina 3 &#8211;<\/em><\/strong> Desenho Universal da Aprendizagem. C.H.20h<br \/>\nFormadora: Anelise C\u00f3ssio<\/p>\n<p><strong>Eixo D: PRINC\u00cdPIOS DA EDUCA\u00c7\u00c3O ESPECIAL<\/strong><\/p>\n<p><strong><em>Disciplina 1 &#8211;<\/em><\/strong> Pr\u00e1ticas em Educa\u00e7\u00e3o Especial e Educa\u00e7\u00e3o<br \/>\nInclusiva: salas de recursos, centros de refer\u00eancia, apoios especializados. C.H 20h<br \/>\nFormadora: Franceli Brizolla<\/p>\n<p><strong><em>Disciplina 2 &#8211;<\/em><\/strong> Interven\u00e7\u00e3o precoce. C.H 20h \u2013 Formadora:<br \/>\nAnelise C\u00f3ssio<\/p>\n<p>&nbsp;<\/p>\n<p><strong>M\u00d3DULO 2 &#8211; ATENDIMENTO EDUCACIONAL ESPECIALIZADO<\/strong><\/p>\n<p><strong>EIXO A: Organiza\u00e7\u00e3o, princ\u00edpios e pr\u00e1ticas do Atendimento Educacional<\/strong><br \/>\n<strong>Especializado &#8211; total \u2013 190 horas<\/strong><\/p>\n<p><em><strong>Disciplina 1 \u2013<\/strong> <\/em>Organiza\u00e7\u00e3o, planejamento e avalia\u00e7\u00e3o do<br \/>\natendimento educacional especializado. C.H.30h<br \/>\nFormadora: D\u00e9bora S. Jacks<\/p>\n<p><em><strong>Disciplina 2 &#8211;<\/strong><\/em> Flexibiliza\u00e7\u00e3o curricular, adapta\u00e7\u00f5es<br \/>\ncurriculares, PEI, Terminalidade Espec\u00edfica, avan\u00e7o s\u00e9rie\\ano\\conte\u00fados. C.H.20h<br \/>\nFormadora: Rita C\u00f3ssio<\/p>\n<p><strong>EIXO B: Atendimento educacional especializado e p\u00fablico da educa\u00e7\u00e3o<\/strong><br \/>\n<strong>especial<\/strong><\/p>\n<p><em><strong>Disciplina 1 &#8211;<\/strong> <\/em>SAEE \u2013 Defici\u00eancia Intelectual. C.H. 20h<br \/>\nFormadora: Gilsenira Rangel<\/p>\n<p><em><strong>Disciplina 2 &#8211;<\/strong><\/em> AEE- Transtorno de Espectro Autista. C.H.20h<br \/>\nFormadora: Rita C\u00f3ssio<\/p>\n<p><em><strong>Disciplina 3 &#8211;<\/strong><\/em> AEE- Defici\u00eancia Visual, surdo-cegueira e AEE \u2013Defici\u00eancia Auditiva. C.H.20h<br \/>\nFormadoras: \u00c2ngela Soares; N\u00e1dia Porto e Tatiana Lebedeff<\/p>\n<p><em><strong>Disciplina 4 &#8211;<\/strong><\/em> AEE-Defici\u00eancia F\u00edsica e AEE- Paralisia Cerebral. C.H. 20h<br \/>\nFormadora: Desir\u00e9e Nobre<\/p>\n<p><em><strong>Disciplina 5 &#8211;<\/strong> <\/em>AEE- Transtornos de Aprendizagem. C.H.20h<br \/>\nFormadora: Maria da Gra\u00e7a C. Neves<\/p>\n<p><strong>ESTUDO DE CASO, PLANEJAMENTO E INTERVEN\u00c7\u00c3O NO AEE<\/strong><br \/>\nFormadoras: Debora e Rita<\/p>\n<p><strong>Disciplina 6 \u2013<\/strong> AEE \u2013 Altas Habilidades\\Superdota\u00e7\u00e3o. C.H.20h<br \/>\nFormadora: Francele Carlan<\/p>\n<p><strong>Disciplina 7 &#8211;<\/strong> Tecnologia Assistiva. C.H. 20h<br \/>\nFormadora: Alline Bettin<\/p>\n<p>&nbsp;<\/p>\n<p><strong>M\u00d3DULO 3 &#8211; TRABALHO FINAL DE CURSO<\/strong><br \/>\nDisciplina: Orienta\u00e7\u00e3o de Trabalho Final de Curso &#8211; C.H. 30h.<\/p>\n","protected":false},"excerpt":{"rendered":"<p>M\u00d3DULO I \u2013 total 140 horas Eixo A: FUNDAMENTOS S\u00d3CIO-HIST\u00d3RICOS E POL\u00cdTICOS DA EDUCA\u00c7\u00c3O INCLUSIVA\u00a0 Disciplina 1 \u2013 Percurso s\u00f3cio hist\u00f3rico e pol\u00edticas p\u00fablicas da Educa\u00e7\u00e3o Inclusiva e o campo das defici\u00eancias. C.H. 20h Formadoras: Rita C\u00f3ssio e Francele Carlan Eixo B: TRABALHO CIENT\u00cdFICO Disciplina 1 &#8211; Metodologia do Trabalho Cient\u00edfico. C.H.20h Formador: Robledo L. [&hellip;]<\/p>\n","protected":false},"author":1016,"featured_media":0,"parent":0,"menu_order":0,"comment_status":"closed","ping_status":"closed","template":"","meta":{"footnotes":""},"class_list":["post-54","page","type-page","status-publish","hentry"],"_links":{"self":[{"href":"https:\/\/wp.ufpel.edu.br\/especializacaoaeeufpel\/wp-json\/wp\/v2\/pages\/54","targetHints":{"allow":["GET"]}}],"collection":[{"href":"https:\/\/wp.ufpel.edu.br\/especializacaoaeeufpel\/wp-json\/wp\/v2\/pages"}],"about":[{"href":"https:\/\/wp.ufpel.edu.br\/especializacaoaeeufpel\/wp-json\/wp\/v2\/types\/page"}],"author":[{"embeddable":true,"href":"https:\/\/wp.ufpel.edu.br\/especializacaoaeeufpel\/wp-json\/wp\/v2\/users\/1016"}],"replies":[{"embeddable":true,"href":"https:\/\/wp.ufpel.edu.br\/especializacaoaeeufpel\/wp-json\/wp\/v2\/comments?post=54"}],"version-history":[{"count":3,"href":"https:\/\/wp.ufpel.edu.br\/especializacaoaeeufpel\/wp-json\/wp\/v2\/pages\/54\/revisions"}],"predecessor-version":[{"id":67,"href":"https:\/\/wp.ufpel.edu.br\/especializacaoaeeufpel\/wp-json\/wp\/v2\/pages\/54\/revisions\/67"}],"wp:attachment":[{"href":"https:\/\/wp.ufpel.edu.br\/especializacaoaeeufpel\/wp-json\/wp\/v2\/media?parent=54"}],"curies":[{"name":"wp","href":"https:\/\/api.w.org\/{rel}","templated":true}]}}