{"id":51,"date":"2020-12-11T11:28:22","date_gmt":"2020-12-11T14:28:22","guid":{"rendered":"https:\/\/wp.ufpel.edu.br\/especializacaoaeeufpel\/?page_id=51"},"modified":"2021-02-12T19:01:32","modified_gmt":"2021-02-12T22:01:32","slug":"sobre-o-programa","status":"publish","type":"page","link":"https:\/\/wp.ufpel.edu.br\/especializacaoaeeufpel\/sobre-o-programa\/","title":{"rendered":"Sobre o programa"},"content":{"rendered":"<p style=\"text-align: justify\">O curso de Especializa\u00e7\u00e3o em Servi\u00e7o de Atendimento Educacional Especializado (SAEE) conta com Projeto Pedag\u00f3gico e Regimento pr\u00f3prios, cujo objeto tramitou nas inst\u00e2ncias superiores da Universidade, sendo aprovado pela Resolu\u00e7\u00e3o n\u00ba 36 do CONSUN em 26 de agosto de 2020.<\/p>\n<p style=\"text-align: justify\">De acordo com este documento, o curso objetiva proporcionar ao acad\u00eamico conhecimentos atualizados e contextualizados, visando conferir um n\u00edvel de ensino de elevado padr\u00e3o t\u00e9cnico, cient\u00edfico e profissional em n\u00edvel de especializa\u00e7\u00e3o em SAEE; Todas as aulas ser\u00e3o ministradas na modalidade EAD, atrav\u00e9s de m\u00f3dulos, de<br \/>\nacordo com o cronograma.<\/p>\n<p style=\"text-align: justify\">Os alunos do curso de especializa\u00e7\u00e3o foram matriculados no sistema cobalto da UFPEL, passando a constar como alunos regulares da Universidade pelo per\u00edodo em que estar\u00e3o vinculados ao programa de p\u00f3s-gradua\u00e7\u00e3o, com acesso ao sistema, atestados, registros, aulas, bibliotecas e demais servi\u00e7os.<\/p>\n<p>&nbsp;<\/p>\n<p style=\"text-align: justify\"><strong>ESPECIALIZA\u00c7\u00c3O EM SAEE &#8211; 360 horas &#8211; 350 vagas<\/strong><\/p>\n<p style=\"text-align: justify\">O curso \u00e9 organizado em m\u00f3dulos, \u00e0 dist\u00e2ncia, utilizando, para tal o Ambiente Virtual de Aprendizagem (AVA) que no caso da UFPel consiste no Moodle.<\/p>\n<p style=\"text-align: justify\">O desenvolvimento do curso abrange:<br \/>\nSemin\u00e1rio de abertura: pretende-se realizar, dentro do poss\u00edvel, um semin\u00e1rio de abertura e um de encerramento;<br \/>\nEstudo, reflex\u00e3o e an\u00e1lise das pr\u00e1ticas, bem como leitura de referenciais te\u00f3ricos;<br \/>\nResolu\u00e7\u00e3o de problemas a partir de simula\u00e7\u00f5es do real;<br \/>\nInvestiga\u00e7\u00e3o\/reflex\u00e3o por meio da cria\u00e7\u00e3o, aplica\u00e7\u00e3o e an\u00e1lise de instrumentos de coleta de dados;<br \/>\nRealiza\u00e7\u00e3o de atividades nas escolas de atua\u00e7\u00e3o dos cursistas;<br \/>\nSemin\u00e1rio de encerramento, avalia\u00e7\u00e3o e apresenta\u00e7\u00e3o dos resultados das propostas desenvolvidas no decorrer do curso;<br \/>\nParticipa\u00e7\u00e3o nos chats e bate-papo virtual;<br \/>\nTutoria virtual;<br \/>\nSemin\u00e1rios de discuss\u00e3o;<br \/>\nPostagem de tarefas para realiza\u00e7\u00e3o \u00e0 dist\u00e2ncia;<br \/>\nAulas online, postadas no Moodle, em v\u00eddeo;<br \/>\nPostagem de material instrucional para estudo e reflex\u00e3o.<\/p>\n","protected":false},"excerpt":{"rendered":"<p>O curso de Especializa\u00e7\u00e3o em Servi\u00e7o de Atendimento Educacional Especializado (SAEE) conta com Projeto Pedag\u00f3gico e Regimento pr\u00f3prios, cujo objeto tramitou nas inst\u00e2ncias superiores da Universidade, sendo aprovado pela Resolu\u00e7\u00e3o n\u00ba 36 do CONSUN em 26 de agosto de 2020. De acordo com este documento, o curso objetiva proporcionar ao acad\u00eamico conhecimentos atualizados e contextualizados, [&hellip;]<\/p>\n","protected":false},"author":1016,"featured_media":0,"parent":0,"menu_order":0,"comment_status":"closed","ping_status":"closed","template":"","meta":{"footnotes":""},"class_list":["post-51","page","type-page","status-publish","hentry"],"_links":{"self":[{"href":"https:\/\/wp.ufpel.edu.br\/especializacaoaeeufpel\/wp-json\/wp\/v2\/pages\/51","targetHints":{"allow":["GET"]}}],"collection":[{"href":"https:\/\/wp.ufpel.edu.br\/especializacaoaeeufpel\/wp-json\/wp\/v2\/pages"}],"about":[{"href":"https:\/\/wp.ufpel.edu.br\/especializacaoaeeufpel\/wp-json\/wp\/v2\/types\/page"}],"author":[{"embeddable":true,"href":"https:\/\/wp.ufpel.edu.br\/especializacaoaeeufpel\/wp-json\/wp\/v2\/users\/1016"}],"replies":[{"embeddable":true,"href":"https:\/\/wp.ufpel.edu.br\/especializacaoaeeufpel\/wp-json\/wp\/v2\/comments?post=51"}],"version-history":[{"count":3,"href":"https:\/\/wp.ufpel.edu.br\/especializacaoaeeufpel\/wp-json\/wp\/v2\/pages\/51\/revisions"}],"predecessor-version":[{"id":69,"href":"https:\/\/wp.ufpel.edu.br\/especializacaoaeeufpel\/wp-json\/wp\/v2\/pages\/51\/revisions\/69"}],"wp:attachment":[{"href":"https:\/\/wp.ufpel.edu.br\/especializacaoaeeufpel\/wp-json\/wp\/v2\/media?parent=51"}],"curies":[{"name":"wp","href":"https:\/\/api.w.org\/{rel}","templated":true}]}}