{"id":22,"date":"2020-12-01T15:54:02","date_gmt":"2020-12-01T18:54:02","guid":{"rendered":"https:\/\/wp.ufpel.edu.br\/especializacaoaeeufpel\/?page_id=22"},"modified":"2021-03-04T20:37:03","modified_gmt":"2021-03-04T23:37:03","slug":"docentes","status":"publish","type":"page","link":"https:\/\/wp.ufpel.edu.br\/especializacaoaeeufpel\/docentes\/","title":{"rendered":"Docentes"},"content":{"rendered":"<p>1) <a href=\"http:\/\/lattes.cnpq.br\/9199716328773316\">Rita de C\u00e1ssia Morem Cossio Rodriguez<\/a><\/p>\n<p style=\"text-align: justify\">Possui gradua\u00e7\u00e3o em Ci\u00eancias Biol\u00f3gicas pela Universidade da Regi\u00e3o da Campanha (1990), Especializa\u00e7\u00e3o em Psicopedagogia cl\u00ednica e institucional (1994), Mestrado em Educa\u00e7\u00e3o pela Universidade Federal do Rio Grande do Sul (1999), Doutorado em Educa\u00e7\u00e3o pela Universidade Federal do Rio Grande do Sul (2006) e P\u00f3s-doutorado em Estudos da Crian\u00e7a &#8211; modalidade Educa\u00e7\u00e3o Especial, pelo Instituto de Educa\u00e7\u00e3o da Universidade do Minho, Portugal (2014). Docente da Universidade Federal de Pelotas no curso de Ci\u00eancias Biol\u00f3gicas e no Programa de Mestrado em Educa\u00e7\u00e3o em Ci\u00eancias e Matem\u00e1tica\/FAE\/UFPEL Coordenadora adjunta da especializa\u00e7\u00e3o em Atendimento Educacional Especializado. Coordenadora do N\u00facleo de Estudos e Pesquisas em Cogni\u00e7\u00e3o e Aprendizagem e do N\u00facleo de Pesquisas em Ensino de Ci\u00eancias e Biologia&#8230; Desenvolve pesquisas na \u00e1rea de Neuroci\u00eancias, Necessidades Educativas Especificas, Desenvolvimento Humano, Cogni\u00e7\u00e3o e Aprendizagem, Transtorno do Espectro Autista, Ensino e Aprendizagem, Pol\u00edticas p\u00fablicas e de inclus\u00e3o, Forma\u00e7\u00e3o de Professores, Ensino de Ci\u00eancias e Biologia<\/p>\n<p style=\"text-align: justify\">2) <a href=\"http:\/\/lattes.cnpq.br\/9327222157358583\">Francele de Abreu Carlan<\/a><\/p>\n<p style=\"text-align: justify\">Licenciada em Ci\u00eancias Biol\u00f3gicas pela Universidade Federal de Santa Maria (UFSM), Mestre em Educa\u00e7\u00e3o em Ci\u00eancias pela Universidade Federal do Rio Grande do Sul (UFRGS) e Doutora em Educa\u00e7\u00e3o em Ci\u00eancias pelo Programa de P\u00f3s-Gradua\u00e7\u00e3o em Educa\u00e7\u00e3o em Ci\u00eancias pela (UFSM). Atualmente \u00e9 professora Adjunta da Universidade Federal de Pelotas (UFPel) &#8211; atuando no curso de Ci\u00eancias Biol\u00f3gicas \/ Licenciatura. Tem experi\u00eancia na \u00e1rea da Educa\u00e7\u00e3o com \u00eanfase no ensino de Ci\u00eancias e Biologia, em ensino e aprendizagem e forma\u00e7\u00e3o de professores. Atualmente \u00e9 professora permanente do Mestrado em Ensino de Ci\u00eancias e Matem\u00e1tica da Universidade Federal de Pelotas e professora na especializa\u00e7\u00e3o em Educa\u00e7\u00e3o Ambiental &#8211; espa\u00e7os educadores sustent\u00e1veis desta mesma institui\u00e7\u00e3o.<\/p>\n<p style=\"text-align: justify\">3) <a href=\"http:\/\/lattes.cnpq.br\/9872205246114517\">Giovana Rodriguez<\/a><\/p>\n<p style=\"text-align: justify\">Enfermeira da rede municipal de Santa Maria\/RS. P\u00f3s-graduanda em Enfermagem Obst\u00e9trica e Ginecol\u00f3gica pela Faculdade Censupeg (2020 &#8211; atual). Mestra em Ci\u00eancias (2017 &#8211; 2019), bolsista CAPES (Demanda Social) na Universidade Federal de Pelotas. Especialista em Sa\u00fade Coletiva, pela Faculdade Futura (2018). Graduada em Enfermagem (2015\/2), pela Faculdade de Enfermagem da Universidade Federal de Pelotas. Integrante como pesquisadora colaboradora do N\u00facleo de Estudos e Pesquisas em Cogni\u00e7\u00e3o e Aprendizagem (NEPCA), da Universidade Federal de Pelotas. Integrante do N\u00facleo de Estudos e Pesquisas em Perinatalidade, Parentalidade e Primeira Inf\u00e2ncia (NEPPRI), da Universidade Franciscana. Em 2013, fora aprovada em interc\u00e2mbio para a Concordia University, nos Estados Unidos.<\/p>\n<p style=\"text-align: justify\">4) <a href=\"http:\/\/lattes.cnpq.br\/1822354320609261\">Franc\u00e9li Brizolla<\/a><\/p>\n<p style=\"text-align: justify\">Sou educadora, licenciada em Educa\u00e7\u00e3o Especial pela Universidade Federal de Santa Maria (1997) e realizei Mestrado e Doutorado em Educa\u00e7\u00e3o (2000 e 2007, respectivamente) &#8211; \u00e1rea de pol\u00edtica e gest\u00e3o da educa\u00e7\u00e3o &#8211; no Programa de P\u00f3s Gradua\u00e7\u00e3o em Educa\u00e7\u00e3o pela Universidade Federal do Rio Grande do Sul (UFRGS-RS).\u00a0 Tamb\u00e9m atuei como Coordenadora do NInA &#8211; N\u00facleo de Inclus\u00e3o e Acessibilidade da UNIPAMPA e participei da gest\u00e3o da Universidade como Pr\u00f3-Reitora Adjunta de Gradua\u00e7\u00e3o (2013-2015). Atualmente, exer\u00e7o doc\u00eancia: (1) no Mestrado Acad\u00eamico em Ensino (MAE\/campus Bag\u00e9, RS), assim como em Especializa\u00e7\u00f5es com tem\u00e1ticas na educa\u00e7\u00e3o, diversidade cultural e forma\u00e7\u00e3o de educadores e (2) na Universidade Federal do Paran\u00e1 &#8211; Setor Litoral (Matinhos, PR), com atua\u00e7\u00e3o na \u00e1rea da Educa\u00e7\u00e3o Inclusiva. Tamb\u00e9m integro a equipe SEPOL &#8211; Setor de Pol\u00edticas Afirmativas do Setor Litoral, atuando no Atendimento Educacional Especializado (AEE). L\u00edder do Grupo INCLUSIVE &#8211; Grupo de Estudos e Pesquisa em Inclus\u00e3o e Diversidade na Educa\u00e7\u00e3o B\u00e1sica e no Ensino Superior, que atua com estudos e pesquisas na \u00e1rea da diversidade e inclus\u00e3o e acessibilidade pedag\u00f3gica na perspectiva da Educa\u00e7\u00e3o para Todos.<\/p>\n<p style=\"text-align: justify\">5) <a href=\"http:\/\/lattes.cnpq.br\/4683964553106082\">Anelise do Pinho Cossio<\/a><\/p>\n<p style=\"text-align: justify\">Doutoranda em Estudos da Crian\u00e7a com Especializa\u00e7\u00e3o em Educa\u00e7\u00e3o Especial, pela Universidade do Minho. Mestre em Educa\u00e7\u00e3o Especial com Especializa\u00e7\u00e3o em Interven\u00e7\u00e3o Precoce, pela Universidade do Minho. Especialista em Educa\u00e7\u00e3o Especial Inclusiva com \u00canfase em Estimula\u00e7\u00e3o Precoce, pela Faculdade de Administra\u00e7\u00e3o, Ci\u00eancias, Educa\u00e7\u00e3o e Letras. Bacharel em Psicologia, pela Universidade do Planalto Catarinense. Investigadora do Centro de Investiga\u00e7\u00e3o em Educa\u00e7\u00e3o (CIEd \/ UM); Membro do N\u00facleo de Estudos e Pesquisas em Cogni\u00e7\u00e3o e Aprendizagem (NEPCA \/CNPq\/ UFPel). Tem como principais interesses de investiga\u00e7\u00e3o cient\u00edfica as \u00e1reas da Interven\u00e7\u00e3o Precoce e Necessidades Educativas Especiais.<\/p>\n<p style=\"text-align: justify\">6) <a href=\"http:\/\/lattes.cnpq.br\/3025226898731035\">Robledo Lima Gil<\/a><\/p>\n<p style=\"text-align: justify\">Bacharel e Licenciado em Ci\u00eancias Biol\u00f3gicas pela Universidade Federal de Pelotas (UFPel). Possui Especializa\u00e7\u00e3o e Mestrado conferidos pelo Programa de P\u00f3s-Gradua\u00e7\u00e3o em Educa\u00e7\u00e3o (PPGE) da UFPel. Durante esse per\u00edodo, foi Professor Substituto da Faculdade de Educa\u00e7\u00e3o (FaE\/UFPel), Estatut\u00e1rio da Secretaria Municipal de Educa\u00e7\u00e3o (SME) de Pelotas e da Secretaria da Educa\u00e7\u00e3o do Estado do Rio Grande do Sul (5\u00aa CRE), exercendo suas fun\u00e7\u00f5es docentes, respectivamente, nos cursos de Ci\u00eancias Biol\u00f3gicas e de Pedagogia, no Ensino de Ci\u00eancias (s\u00e9ries finais do Ensino Fundamental) e no Ensino de Biologia (Ensino M\u00e9dio). Foi Professor Assistente da Universidade Federal de Goi\u00e1s (UFG). Atualmente, \u00e9 doutor pelo Programa de P\u00f3s-Gradua\u00e7\u00e3o em Educa\u00e7\u00e3o Ambiental (PPGEA) da Universidade Federal do Rio Grande (FURG), Professor Adjunto III da Universidade Federal de Pelotas (UFPel), atuando no Curso de Ci\u00eancias Biol\u00f3gicas &#8211; Licenciatura e Professor do Programa de P\u00f3s-Gradua\u00e7\u00e3o no Ensino de Ci\u00eancias e Matem\u00e1tica (PPGECM\/UFPEL). Tem experi\u00eancia na \u00e1rea de Educa\u00e7\u00e3o, com \u00eanfase na Forma\u00e7\u00e3o Inicial de Professores de Ci\u00eancias e Biologia e Educa\u00e7\u00e3o Ambiental.<\/p>\n<p style=\"text-align: justify\">7) <a href=\"http:\/\/lattes.cnpq.br\/8337958710401280\">D\u00e9bora Schuck Jacks<\/a><\/p>\n<p style=\"text-align: justify\">Possui gradua\u00e7\u00e3o em Pedagogia pela Universidade Federal de Pelotas (2001) , Psicopedagogia Clinica e Escolar, Capacita\u00e7\u00e3o em DM , Especializa\u00e7\u00e3o em AEE. Atuou 3 anos como supervisora das bolsistas da Pedagogia do PIBID da Universidade Cat\u00f3lica de Pelotas, foi professora do AEE na E.M.E.F Dr Joaquim Assump\u00e7\u00e3o , atuou como supervisora e coordenadora no CAPTA( Centro de Apoio, Pesquisa e Tecnologia para a Aprendizagem) e tamb\u00e9m, professora especialista no NAI N\u00facleo de Acessibilidade e Inclus\u00e3o da UFPEL, e professora convidada do curso de p\u00f3s gradua\u00e7\u00e3o em Atendimento Educacional Especializado e Neuropsicopedagogia da Faculdade Educar Brasil. Atualmente \u00e9 diretora do Centro de Atendimento ao Autista Doutor Danilo Rolim de Moura, e professora pesquisadora do Curso de aperfei\u00e7oamento em AEE DI e TEA na UFPEL\/MEC.<\/p>\n<p style=\"text-align: justify\">8) <a href=\"http:\/\/lattes.cnpq.br\/2328191426989790\">Gilsenira Rangel<\/a><\/p>\n<p style=\"text-align: justify\">Possui gradua\u00e7\u00e3o em Letras pela Universidade Federal de Pelotas (1995), Mestrado em Lingu\u00edstica e Letras pela Pontif\u00edcia Universidade Cat\u00f3lica do Rio Grande do Sul (1998) e Doutorado em Lingu\u00edstica e Letras pela Pontif\u00edcia Universidade Cat\u00f3lica do Rio Grande do Sul (2002). Atualmente \u00e9 professora Associada da Universidade Federal de Pelotas, lotada na Faculdade de Educa\u00e7\u00e3o. Tem experi\u00eancia na \u00e1rea de Educa\u00e7\u00e3o, com \u00eanfase em Educa\u00e7\u00e3o, atuando principalmente nos seguintes temas: escrita, aquisi\u00e7\u00e3o da l\u00edngua materna, S\u00edndrome de Down, inclus\u00e3o e ensino. Coordena o projeto de Extens\u00e3o Novos Caminhos, que visa a alfabetiza\u00e7\u00e3o de jovens e adultos com defici\u00eancia. Foi Tutora do Grupo PET\/Educa\u00e7\u00e3o (Programa de Educa\u00e7\u00e3o Tutorial\/MEC\/SESU) de 11\/2009 a 07\/2016. P\u00f3s-doutoranda Unesp\/ Universidade Estadual Paulista J\u00falio de Mesquita Filho, campus Mar\u00edlia, sob a orienta\u00e7\u00e3o da Prof\u00aa. Simone Capelllini. Presidente da comiss\u00e3o de apoio ao N\u00facleo de Acessibilidade e Inclus\u00e3o da UFPel.<\/p>\n<p style=\"text-align: justify\">9) <a href=\"http:\/\/lattes.cnpq.br\/0081286250806899\">Tatiana Lebedeff<\/a><\/p>\n<p class=\"resumo\" style=\"text-align: justify\">Possui gradua\u00e7\u00e3o em Educa\u00e7\u00e3o Especial Habilita\u00e7\u00e3o Em Deficientes da \u00c1udiocomunica\u00e7\u00e3o pela Universidade Federal de Santa Maria (1989), Especializa\u00e7\u00e3o em Forma\u00e7\u00e3o de Professores em Educa\u00e7\u00e3o a Dist\u00e3ncia pela Universidade Federal do Paran\u00e1 (2002), Mestrado em Educa\u00e7\u00e3o pela Universidade do Estado do Rio de Janeiro (1993) e Doutorado em Psicologia do Desenvolvimento pela Universidade Federal do Rio Grande do Sul (2002). Realizou Est\u00e1gio P\u00f3s-Doutoral S\u00eanior na University College London &#8211; DCAL, com bolsa CAPES (2015) investigando Objetos de Aprendizagem no ensino de L\u00ednguas de Sinais. Realizou est\u00e1gio P\u00f3s-Doutoral no Montgomery County Comunity College em Ambler, Pensilv\u00e2nia, com bolsa CAPES (2007) investigando o Shared Reading Project da Universidade Gallaudet em Washington.\u00a0 \u00c9 Professora Efetiva do Programa de P\u00f3s Gradua\u00e7\u00e3o em Letras da UFPEL. Participa do Grupo Interinstitucional de Pesquisa em Educa\u00e7\u00e3o de Surdos \/ GIPES. Tem experi\u00eancia na \u00e1rea de Educa\u00e7\u00e3o de Surdos atuando principalmente nos seguintes temas: letramento, ensino de l\u00ednguas Portugu\u00eas\/ L\u00edngua de Sinais, Participa, atualmente, como colaboradora do Projeto Spread the Sign. Coordena o projeto de pesquisa:?Abordagem Comunicativa, Objetos de Aprendizagem para o Ensino de L\u00ednguas e o Lugar da Cultura no Ensino de L\u00ednguas de Sinais?.<\/p>\n<p class=\"resumo\" style=\"text-align: justify\">10) <a href=\"http:\/\/lattes.cnpq.br\/3582604013469153\">N\u00e1dia Porto<\/a><\/p>\n<p class=\"resumo\" style=\"text-align: justify\">Graduada no curso de Licenciatura em Matem\u00e1tica pela Universidade Cat\u00f3lica de Pelotas (2007) e no curso de Letras\/Libras Bacharelado pela Universidade Federal de Santa Catarina (2012). P\u00f3s Graduada Lato Sensu em Educa\u00e7\u00e3o de Surdos pela Universidade Federal de Pelotas(2013). Proficiente em Tradu\u00e7\u00e3o, Interpreta\u00e7\u00e3o em n\u00edvel m\u00e9dio(2009) e superior(2010) na L\u00edngua Brasileira de Sinais &#8211; Libras e Profici\u00eancia no Ensino da Libras(2015), (PROLIBRAS-MEC). Possuo forma\u00e7\u00e3o em Guia Interpreta\u00e7\u00e3o pela AHIMSA em S\u00e3o Paulo (2015). Mestre em Educa\u00e7\u00e3o Matem\u00e1tica pela Universidade Federal de Pelotas &#8211; PPGEMAT (2019). Funcion\u00e1ria estatut\u00e1ria da Universidade Federal de Pelotas atuando como Tradutora Int\u00e9rprete de Libras.<\/p>\n<p class=\"resumo\" style=\"text-align: justify\">11) <a href=\"http:\/\/lattes.cnpq.br\/7953791294900719\">\u00c2ngela Soares<\/a><\/p>\n<p style=\"text-align: justify\">Possui gradua\u00e7\u00e3o em Pedagogia pela Universidade Federal de Pelotas. P\u00f3s Gradua\u00e7\u00e3o em Psicopedagogia Cl\u00ednica e Institucional . Especializa\u00e7\u00e3o em Defici\u00eancia Visual. Capacita\u00e7\u00e3o em Educa\u00e7\u00e3o Especial e Inclusiva. Atualmente \u00e9 Supervisora da \u00c1rea da Defici\u00eancia Visual e Cuidadores atuando no Centro de Apoio, Pesquisa e Tecnologias para a Aprendizagem &#8211; CAPTA da Secretaria Municipal de Educa\u00e7\u00e3o e Desporto da Prefeitura Municipal de Pelotas e Coordenadora Pedag\u00f3gica do Departamento de Atendimento Educacional Especializado (AEE) da Escola Louis Braille. Atua como Professora na EJA na Escola Louis Braille. Coordena o Projeto de Espa\u00e7o de Viv\u00eancias Pedag\u00f3gicas para a Produ\u00e7\u00e3o de Jogos e Materiais Adaptados CAPTA\/SMED. Supervisora e formadora do curso de Aperfei\u00e7oamento em AEE -Defici\u00eancia Visual ofertado pela UFPEL em parceria com o MEC. Tem experi\u00eancia na \u00e1rea de Educa\u00e7\u00e3o com \u00eanfase em Educa\u00e7\u00e3o Especial e Inclusiva.<\/p>\n<p class=\"resumo\" style=\"text-align: justify\">12) <a href=\"http:\/\/lattes.cnpq.br\/0230349324212782\">Maria da Gra\u00e7a Cunha Neves<\/a><\/p>\n<p class=\"resumo\" style=\"text-align: justify\">Doutoranda em Educa\u00e7\u00e3o pela Universidad Internacional Iberoamericana (UNINI M\u00e9xico); Mestre em Letras (Lingu\u00edstica\/Neurolinguistica) pela UCPel (Universidade Cat\u00f3lica de Pelotas\/RS). Possui gradua\u00e7\u00e3o em Pedagogia Habilita\u00e7\u00e3o Supervis\u00e3o Escolar, Habilita\u00e7\u00e3o em Educa\u00e7\u00e3o Infantil e S\u00e9ries Iniciais. Possui forma\u00e7\u00e3o em Psicopedagogia Cl\u00ednica pela Escuela Psicopedag\u00f3gica de Buenos Aires (EPsiBA\/ Argentina). \u00c9 especialista em Psicopedagogia Cl\u00ednica e Institucional, Psicopedagogia para Pessoas com Necessidades Especiais, Neuropsicologia e em Neuropsicopedagogia e Educa\u00e7\u00e3o Inclusiva. Tamb\u00e9m faz Especializa\u00e7\u00e3o em Grafologia e Neuroescrita (Espanha). Psicopedagoga Cl\u00ednica do Centro de Estudos e Estimula\u00e7\u00e3o ao Desenvolvimento Cognitivo &#8211; CEEDEC\/ ACADEMIA DO C\u00c9REBRO (consult\u00f3rio Neuropsicopedag\u00f3gico) em Bag\u00e9 e Pelotas\/RS. Membro Pesquisador do N\u00facleo de Pesquisas e Estudos em Cogni\u00e7\u00e3o e Aprendizagem NEPCA\/UFPel. L\u00edder do NuEP NEURO (N\u00facleo de Estudos e Pesquisas em Neurodesenvolvimento, Neurocogni\u00e7\u00e3o, Neuroaprendizagem e Neurolingu\u00edstica) CEEDEC\/CONHECER+ Bag\u00e9\/RS. Psicopedagoga, Neuropsicopedagoga, Professora Pesquisadora e Formadora da UNIVERSIDADE FEDERAL DE PELOTAS (NAI\/UFPEL\/CAPES\/MEC), pertencente \u00e0 REDE NACIONAL DE FORMA\u00c7\u00c3O DE PROFESSORES\/MEC. Professora em p\u00f3s-gradua\u00e7\u00f5es nas \u00e1reas de Neuroci\u00eancias, Neuropsicopedagogia, Psicopedagogia Cl\u00ednica e Institucional e Educa\u00e7\u00e3o inclusiva. Atua como consultora nas \u00e1reas Pedag\u00f3gica e Psicopedag\u00f3gica em institui\u00e7\u00f5es educacionais, empresas, jornais e revistas, bem como em cursos de forma\u00e7\u00e3o continuada para profissionais das \u00e1reas empresarial, educacional e sa\u00fade. Perita Judicial.<\/p>\n<p class=\"resumo\" style=\"text-align: justify\">13) <a href=\"http:\/\/lattes.cnpq.br\/2978908334125450\">Alline Bettin<\/a><\/p>\n<p class=\"resumo\" style=\"text-align: justify\">Doutoranda em Ci\u00eancias da Educa\u00e7\u00e3o, especialidade Tecnologia Educativa pela Universidade do Minho (Portugal). Mestre em Ensino de Ci\u00eancias e Matem\u00e1tica pelo Programa de P\u00f3s-Gradua\u00e7\u00e3o da Universidade Federal de Pelotas onde desenvolveu pesquisa na linha de Estrat\u00e9gias Metodol\u00f3gicas e Recursos Educacionais. Possui Especializa\u00e7\u00e3o em Educa\u00e7\u00e3o Ambiental e Bacharelado e Licenciatura em Ci\u00eancias Biol\u00f3gicas (UFPEL) . Atualmente \u00e9 professora titular licenciada na rede municipal das cidades de Pelotas (RS), onde trabalha com ensino de Ci\u00eancias para o Ensino Fundamental II e Inform\u00e1tica. Atua na \u00e1rea de pesquisa do Ensino de Ci\u00eancias e suas Tecnologias.<\/p>\n<p class=\"resumo\" style=\"text-align: justify\">14) <a href=\"http:\/\/lattes.cnpq.br\/9264607459522429\">Desire\u00e9 Nobre<\/a><\/p>\n<p style=\"text-align: justify\">Terapeuta Ocupacional pela Universidade Federal de Pelotas (2017). Mestrado em Mem\u00f3ria Social e Patrim\u00f4nio Cultural pela Universidade Federal de Pelotas(2020). Realizou est\u00e1gio em Acessibilidade Cultural no Museu da Comunidade Concelhia da Batalha\/Portugal (2015) e Resid\u00eancia Profissional no Museu de Leiria\/Portugal (2018). Idealizadora do projeto do livro multiformato &#8220;A casa do conselheiro&#8221;. Atualmente \u00e9 Professora Substituta do Curso de Terapia Ocupacional da Universidade Federal de Pelotas e Doutoranda em Museologia pela Universidade Lus\u00f3fona de Humanidades e Tecnologias (Portugal). Pesquisadora em Acessibilidade Cultural em Museus.<\/p>\n<p>&nbsp;<\/p>\n<p><strong>MEMBROS DO COLEGIADO:<\/strong><\/p>\n<p>Rita de C\u00e1ssia Morem Cossio Rodriguez;<\/p>\n<p>Francele de Abreu Carlan;<\/p>\n<p>Raquel Ludtke;<\/p>\n<p>Mirian Pereira Bohrer;<\/p>\n<p>Gessiele Corr\u00eaa.<\/p>\n","protected":false},"excerpt":{"rendered":"<p>1) Rita de C\u00e1ssia Morem Cossio Rodriguez Possui gradua\u00e7\u00e3o em Ci\u00eancias Biol\u00f3gicas pela Universidade da Regi\u00e3o da Campanha (1990), Especializa\u00e7\u00e3o em Psicopedagogia cl\u00ednica e institucional (1994), Mestrado em Educa\u00e7\u00e3o pela Universidade Federal do Rio Grande do Sul (1999), Doutorado em Educa\u00e7\u00e3o pela Universidade Federal do Rio Grande do Sul (2006) e P\u00f3s-doutorado em Estudos da [&hellip;]<\/p>\n","protected":false},"author":1016,"featured_media":0,"parent":0,"menu_order":0,"comment_status":"closed","ping_status":"closed","template":"","meta":{"footnotes":""},"class_list":["post-22","page","type-page","status-publish","hentry"],"_links":{"self":[{"href":"https:\/\/wp.ufpel.edu.br\/especializacaoaeeufpel\/wp-json\/wp\/v2\/pages\/22","targetHints":{"allow":["GET"]}}],"collection":[{"href":"https:\/\/wp.ufpel.edu.br\/especializacaoaeeufpel\/wp-json\/wp\/v2\/pages"}],"about":[{"href":"https:\/\/wp.ufpel.edu.br\/especializacaoaeeufpel\/wp-json\/wp\/v2\/types\/page"}],"author":[{"embeddable":true,"href":"https:\/\/wp.ufpel.edu.br\/especializacaoaeeufpel\/wp-json\/wp\/v2\/users\/1016"}],"replies":[{"embeddable":true,"href":"https:\/\/wp.ufpel.edu.br\/especializacaoaeeufpel\/wp-json\/wp\/v2\/comments?post=22"}],"version-history":[{"count":8,"href":"https:\/\/wp.ufpel.edu.br\/especializacaoaeeufpel\/wp-json\/wp\/v2\/pages\/22\/revisions"}],"predecessor-version":[{"id":95,"href":"https:\/\/wp.ufpel.edu.br\/especializacaoaeeufpel\/wp-json\/wp\/v2\/pages\/22\/revisions\/95"}],"wp:attachment":[{"href":"https:\/\/wp.ufpel.edu.br\/especializacaoaeeufpel\/wp-json\/wp\/v2\/media?parent=22"}],"curies":[{"name":"wp","href":"https:\/\/api.w.org\/{rel}","templated":true}]}}