{"id":16,"date":"2020-12-01T15:53:40","date_gmt":"2020-12-01T18:53:40","guid":{"rendered":"https:\/\/wp.ufpel.edu.br\/especializacaoaeeufpel\/?page_id=16"},"modified":"2020-12-01T16:09:21","modified_gmt":"2020-12-01T19:09:21","slug":"informacoes","status":"publish","type":"page","link":"https:\/\/wp.ufpel.edu.br\/especializacaoaeeufpel\/informacoes\/","title":{"rendered":"Informa\u00e7\u00f5es"},"content":{"rendered":"<p><img class=\"aligncenter wp-image-48 size-large\" src=\"https:\/\/wp.ufpel.edu.br\/especializacaoaeeufpel\/files\/2020\/12\/banner-logos-ufpel_Prancheta-1-copia-3-1024x144.jpg\" alt=\"\" width=\"1024\" height=\"144\" srcset=\"https:\/\/wp.ufpel.edu.br\/especializacaoaeeufpel\/files\/2020\/12\/banner-logos-ufpel_Prancheta-1-copia-3-1024x144.jpg 1024w, https:\/\/wp.ufpel.edu.br\/especializacaoaeeufpel\/files\/2020\/12\/banner-logos-ufpel_Prancheta-1-copia-3-400x56.jpg 400w, https:\/\/wp.ufpel.edu.br\/especializacaoaeeufpel\/files\/2020\/12\/banner-logos-ufpel_Prancheta-1-copia-3-768x108.jpg 768w, https:\/\/wp.ufpel.edu.br\/especializacaoaeeufpel\/files\/2020\/12\/banner-logos-ufpel_Prancheta-1-copia-3-1536x217.jpg 1536w, https:\/\/wp.ufpel.edu.br\/especializacaoaeeufpel\/files\/2020\/12\/banner-logos-ufpel_Prancheta-1-copia-3.jpg 1772w\" sizes=\"(max-width: 1024px) 100vw, 1024px\" \/><\/p>\n<h3><strong>Modalidade: EAD<\/strong><\/h3>\n<p><strong>Carga hor\u00e1ria: 360 horas<\/strong><\/p>\n<p><strong>P\u00fablico-alvo: professores das redes p\u00fablicas de ensino<\/strong><\/p>\n<p>Objetivo: Capacitar, em n\u00edvel de especializa\u00e7\u00e3o, professores da educa\u00e7\u00e3o p\u00fablica, em\u00a0\u00a0 Atendimento Educacional Especializado, que possibilite a concretiza\u00e7\u00e3o de pol\u00edticas, programas e pr\u00e1ticas que atendam a diversidade dos alunos \u2013 p\u00fablico alvo da educa\u00e7\u00e3o especial.<\/p>\n<p><strong>SEMIN\u00c1RIO DE ABERTURA<\/strong><\/p>\n<p><strong><u>\u2013 N\u00daCLEO DE FORMA\u00c7\u00c3O GERAL<\/u><\/strong><\/p>\n<p><strong>M\u00d3DULO 1:<\/strong><\/p>\n<p><strong>EIXOS E DISCIPLINAS DO M\u00d3DULO<\/strong><\/p>\n<p><strong>\u00a0<\/strong><\/p>\n<p><strong><u>Eixo: FUNDAMENTOS S\u00d3CIO-HIST\u00d3RICOS E POL\u00cdTICOS DA EDUCA\u00c7\u00c3O INCLUSIVA<\/u><\/strong><\/p>\n<p>&nbsp;<\/p>\n<p><strong>Disciplina 1 \u2013<\/strong>\u00a0<strong>Percurso s\u00f3cio-hist\u00f3rico e pol\u00edticas p\u00fablicas da Educa\u00e7\u00e3o Inclusiva e o campo das defici\u00eancias<\/strong><\/p>\n<p><strong>\u00a0<\/strong><\/p>\n<p><strong>Carga Hor\u00e1ria:<\/strong>\u00a015 horas<\/p>\n<p>&nbsp;<\/p>\n<p><strong><u>Eixo: TEORIAS DO CONHECIMENTO E DE APRENDIZAGEM<\/u><\/strong><\/p>\n<p><strong>\u00a0<\/strong><\/p>\n<p><strong>Disciplina 1:\u00a0 Processos mentais e de aprendizagem de pessoas com defici\u00eancia, transtornos, altas habilidades e superdota\u00e7\u00e3o.<\/strong><\/p>\n<p><strong>Carga Hor\u00e1ria:<\/strong>\u00a020 horas<\/p>\n<p><strong>Disciplina 2: Transtornos de Aprendizagem.<\/strong><\/p>\n<p><strong>Carga Hor\u00e1ria:<\/strong>\u00a010 horas<\/p>\n<p><strong>Disciplina 3 \u2013 Desenho Universal para a Aprendizagem (DUA)<\/strong><\/p>\n<p><strong>Carga Hor\u00e1ria:<\/strong>\u00a010 horas<\/p>\n<p>&nbsp;<\/p>\n<p><strong><u>Eixo: PRINC\u00cdPIOS DA EDUCA\u00c7\u00c3O ESPECIAL<\/u><\/strong><\/p>\n<p>&nbsp;<\/p>\n<p><strong>\u00a0Disciplina 1 \u2013 Pr\u00e1ticas em Educa\u00e7\u00e3o Especial e Educa\u00e7\u00e3o Inclusiva: salas de recursos, centros de refer\u00eancia, apoios especializados<\/strong><\/p>\n<p><strong>Carga Hor\u00e1ria: 30 horas<\/strong><\/p>\n<p><strong>Disciplina 2 \u2013 Interven\u00e7\u00e3o precoce<\/strong><\/p>\n<p><strong>Carga Hor\u00e1ria: 20 horas<\/strong><\/p>\n<p><strong>\u00a0<\/strong><\/p>\n<p><strong><u>Eixo: TRABALHO CIENT\u00cdFICO<\/u><\/strong><\/p>\n<p><strong><u>\u00a0<\/u><\/strong><\/p>\n<p><strong>Disciplina 1 \u2013 Metodologia do Trabalho Cient\u00edfico.<\/strong><\/p>\n<p><strong>Carga Hor\u00e1ria: 20 horas<\/strong><\/p>\n<p><strong>\u00a0<\/strong><\/p>\n<p><strong>\u00a0<\/strong><\/p>\n<p><strong><u>N\u00daCLEO DE APROFUNDAMENTO E DIVERSIFICA\u00c7\u00c3O DE ESTUDOS PARA A FORMA\u00c7\u00c3O PROFISSIONAL<\/u><\/strong><\/p>\n<p><strong>\u00a0<\/strong><\/p>\n<p><strong>M\u00d3DULO 2 \u2013 ATENDIMENTO EDUCACIONAL ESPECIALIZADO<\/strong><\/p>\n<p><strong>EIXOS E DISCIPLINAS DO M\u00d3DULO:<\/strong><\/p>\n<p><strong>\u00a0<\/strong><\/p>\n<p><strong><u>Eixo: Organiza\u00e7\u00e3o, princ\u00edpios e pr\u00e1ticas do Atendimento Educacional Especializado<\/u><\/strong><\/p>\n<p><strong><u>\u00a0<\/u><\/strong><\/p>\n<p><strong>Disciplina 1:\u00a0<\/strong><strong>Organiza\u00e7\u00e3o, planejamento e avalia\u00e7\u00e3o do atendimento educacional especializado<\/strong><\/p>\n<p><strong>\u00a0<\/strong><\/p>\n<p><strong>Carga Hor\u00e1ria:<\/strong>\u00a030 horas<\/p>\n<p><strong>Disciplina 2 \u2013 Flexibiliza\u00e7\u00e3o curricular, adapta\u00e7\u00f5es curriculares, PEI, Terminalidade Espec\u00edfica, avan\u00e7o s\u00e9rie\\ano\\conte\u00fados.<\/strong><\/p>\n<p><strong>\u00a0<\/strong><\/p>\n<p><strong>Carga Hor\u00e1ria:<\/strong>\u00a030 horas<\/p>\n<p><strong><u>EIXO: Atendimento educacional especializado e p\u00fablico-alvo da educa\u00e7\u00e3o especial<\/u><\/strong><\/p>\n<p>&nbsp;<\/p>\n<p><strong>\u00a0Disciplina 1 \u2013 AEE \u2013 Defici\u00eancia Intelectual.<\/strong><\/p>\n<p><strong>\u00a0<\/strong><\/p>\n<p><strong>Carga Hor\u00e1ria:\u00a0<\/strong>30 horas<\/p>\n<p><strong>Disciplina 2 AEE- Transtorno de Espectro Autista<\/strong><\/p>\n<p><strong>\u00a0<\/strong><\/p>\n<p><strong>Carga Hor\u00e1ria: 30 horas<\/strong><\/p>\n<p><strong>Disciplina 3 \u2013 AEE- Defici\u00eancia Visual, surdo-cegueira e AEE \u2013 Defici\u00eancia Auditiva<\/strong><\/p>\n<p><strong>Carga Hor\u00e1ria:\u00a0<\/strong>20 horas<\/p>\n<p><strong>Disciplina 4 \u2013 AEE-Defici\u00eancia F\u00edsica e AEE- Paralisia Cerebral<\/strong><\/p>\n<p><strong>\u00a0<\/strong><\/p>\n<p><strong>Carga Hor\u00e1ria:\u00a0<\/strong>20 horas<\/p>\n<p><strong>Disciplina 5- AEE- Transtornos de Aprendizagem<\/strong><\/p>\n<p><strong>Carga Hor\u00e1ria:\u00a0<\/strong>30 horas<\/p>\n<p><strong>Disciplina 6 \u2013 AEE \u2013 Altas Habilidades\\Superdota\u00e7\u00e3o.<\/strong><\/p>\n<p><strong>\u00a0<\/strong><\/p>\n<p><strong>Carga Hor\u00e1ria:\u00a0<\/strong>20 horas<\/p>\n<p><strong>Disciplina 7 \u2013 Tecnologia Assistiva<\/strong><\/p>\n<p><strong>\u00a0<\/strong><\/p>\n<p><strong>Carga Hor\u00e1ria:\u00a0<\/strong>25 horas<\/p>\n<p><strong><u>N\u00daCLEO DE ESTUDOS INTEGRADORES<\/u><\/strong><\/p>\n<p><strong><u>\u00a0<\/u><\/strong><\/p>\n<p><strong>M\u00d3DULO 3: TRABALHO FINAL DE CURSO<\/strong><\/p>\n<p><strong>\u00a0<\/strong><\/p>\n<p><strong>Disciplina: Orienta\u00e7\u00e3o de Trabalho Final de Curso<\/strong><\/p>\n<p><strong>Carga Hor\u00e1ria:<\/strong>\u00a040horas<\/p>\n","protected":false},"excerpt":{"rendered":"<p>Modalidade: EAD Carga hor\u00e1ria: 360 horas P\u00fablico-alvo: professores das redes p\u00fablicas de ensino Objetivo: Capacitar, em n\u00edvel de especializa\u00e7\u00e3o, professores da educa\u00e7\u00e3o p\u00fablica, em\u00a0\u00a0 Atendimento Educacional Especializado, que possibilite a concretiza\u00e7\u00e3o de pol\u00edticas, programas e pr\u00e1ticas que atendam a diversidade dos alunos \u2013 p\u00fablico alvo da educa\u00e7\u00e3o especial. SEMIN\u00c1RIO DE ABERTURA \u2013 N\u00daCLEO DE FORMA\u00c7\u00c3O [&hellip;]<\/p>\n","protected":false},"author":1016,"featured_media":0,"parent":0,"menu_order":0,"comment_status":"closed","ping_status":"closed","template":"","meta":{"footnotes":""},"class_list":["post-16","page","type-page","status-publish","hentry"],"_links":{"self":[{"href":"https:\/\/wp.ufpel.edu.br\/especializacaoaeeufpel\/wp-json\/wp\/v2\/pages\/16","targetHints":{"allow":["GET"]}}],"collection":[{"href":"https:\/\/wp.ufpel.edu.br\/especializacaoaeeufpel\/wp-json\/wp\/v2\/pages"}],"about":[{"href":"https:\/\/wp.ufpel.edu.br\/especializacaoaeeufpel\/wp-json\/wp\/v2\/types\/page"}],"author":[{"embeddable":true,"href":"https:\/\/wp.ufpel.edu.br\/especializacaoaeeufpel\/wp-json\/wp\/v2\/users\/1016"}],"replies":[{"embeddable":true,"href":"https:\/\/wp.ufpel.edu.br\/especializacaoaeeufpel\/wp-json\/wp\/v2\/comments?post=16"}],"version-history":[{"count":2,"href":"https:\/\/wp.ufpel.edu.br\/especializacaoaeeufpel\/wp-json\/wp\/v2\/pages\/16\/revisions"}],"predecessor-version":[{"id":49,"href":"https:\/\/wp.ufpel.edu.br\/especializacaoaeeufpel\/wp-json\/wp\/v2\/pages\/16\/revisions\/49"}],"wp:attachment":[{"href":"https:\/\/wp.ufpel.edu.br\/especializacaoaeeufpel\/wp-json\/wp\/v2\/media?parent=16"}],"curies":[{"name":"wp","href":"https:\/\/api.w.org\/{rel}","templated":true}]}}