{"id":28,"date":"2015-11-19T17:21:42","date_gmt":"2015-11-19T19:21:42","guid":{"rendered":"https:\/\/wp.ufpel.edu.br\/espanholead\/?page_id=28"},"modified":"2025-08-13T13:51:50","modified_gmt":"2025-08-13T16:51:50","slug":"documentos","status":"publish","type":"page","link":"https:\/\/wp.ufpel.edu.br\/espanholead\/documentos\/","title":{"rendered":"Documentos"},"content":{"rendered":"<p>PPC:<a href=\"https:\/\/wp.ufpel.edu.br\/espanholead\/files\/2025\/08\/PPC_27_03-1.pdf\"> PPC_27_03<\/a><\/p>\n<p>Plano de a\u00e7\u00e3o da Coordena\u00e7\u00e3o: <a href=\"https:\/\/wp.ufpel.edu.br\/espanholead\/files\/2025\/08\/PLANO_DE_ACAO_-_COORDENACAO_ESPANHOL_2020-2026_assinado1__assinado-1-1.pdf\">PLANO_DE_ACAO_-_COORDENACAO_ESPANHOL_2020-2026_assinado1__assinado (1)<\/a><\/p>\n","protected":false},"excerpt":{"rendered":"<p>PPC: PPC_27_03 Plano de a\u00e7\u00e3o da Coordena\u00e7\u00e3o: PLANO_DE_ACAO_-_COORDENACAO_ESPANHOL_2020-2026_assinado1__assinado (1)<\/p>\n","protected":false},"author":50,"featured_media":0,"parent":0,"menu_order":0,"comment_status":"closed","ping_status":"closed","template":"","meta":{"footnotes":""},"class_list":["post-28","page","type-page","status-publish","hentry","nodate","item-wrap"],"_links":{"self":[{"href":"https:\/\/wp.ufpel.edu.br\/espanholead\/wp-json\/wp\/v2\/pages\/28","targetHints":{"allow":["GET"]}}],"collection":[{"href":"https:\/\/wp.ufpel.edu.br\/espanholead\/wp-json\/wp\/v2\/pages"}],"about":[{"href":"https:\/\/wp.ufpel.edu.br\/espanholead\/wp-json\/wp\/v2\/types\/page"}],"author":[{"embeddable":true,"href":"https:\/\/wp.ufpel.edu.br\/espanholead\/wp-json\/wp\/v2\/users\/50"}],"replies":[{"embeddable":true,"href":"https:\/\/wp.ufpel.edu.br\/espanholead\/wp-json\/wp\/v2\/comments?post=28"}],"version-history":[{"count":2,"href":"https:\/\/wp.ufpel.edu.br\/espanholead\/wp-json\/wp\/v2\/pages\/28\/revisions"}],"predecessor-version":[{"id":53,"href":"https:\/\/wp.ufpel.edu.br\/espanholead\/wp-json\/wp\/v2\/pages\/28\/revisions\/53"}],"wp:attachment":[{"href":"https:\/\/wp.ufpel.edu.br\/espanholead\/wp-json\/wp\/v2\/media?parent=28"}],"curies":[{"name":"wp","href":"https:\/\/api.w.org\/{rel}","templated":true}]}}