{"id":112,"date":"2026-03-21T21:21:00","date_gmt":"2026-03-22T00:21:00","guid":{"rendered":"https:\/\/wp.ufpel.edu.br\/esferateatro\/?page_id=112"},"modified":"2026-03-21T21:24:20","modified_gmt":"2026-03-22T00:24:20","slug":"pesquisas","status":"publish","type":"page","link":"https:\/\/wp.ufpel.edu.br\/esferateatro\/pesquisas\/","title":{"rendered":"Pesquisas"},"content":{"rendered":"<ol>\n<li>Projeto unificado com \u00eanfase em pesquisa<\/li>\n<li>Projeto unificado com \u00eanfase em ensino<\/li>\n<li>Projeto unificado com \u00eanfase em extens\u00e3o<\/li>\n<\/ol>\n","protected":false},"excerpt":{"rendered":"<p>Projeto unificado com \u00eanfase em pesquisa Projeto unificado com \u00eanfase em ensino Projeto unificado com \u00eanfase em extens\u00e3o<\/p>\n","protected":false},"author":1270,"featured_media":0,"parent":0,"menu_order":0,"comment_status":"closed","ping_status":"closed","template":"","meta":{"footnotes":""},"class_list":["post-112","page","type-page","status-publish","hentry"],"_links":{"self":[{"href":"https:\/\/wp.ufpel.edu.br\/esferateatro\/wp-json\/wp\/v2\/pages\/112","targetHints":{"allow":["GET"]}}],"collection":[{"href":"https:\/\/wp.ufpel.edu.br\/esferateatro\/wp-json\/wp\/v2\/pages"}],"about":[{"href":"https:\/\/wp.ufpel.edu.br\/esferateatro\/wp-json\/wp\/v2\/types\/page"}],"author":[{"embeddable":true,"href":"https:\/\/wp.ufpel.edu.br\/esferateatro\/wp-json\/wp\/v2\/users\/1270"}],"replies":[{"embeddable":true,"href":"https:\/\/wp.ufpel.edu.br\/esferateatro\/wp-json\/wp\/v2\/comments?post=112"}],"version-history":[{"count":3,"href":"https:\/\/wp.ufpel.edu.br\/esferateatro\/wp-json\/wp\/v2\/pages\/112\/revisions"}],"predecessor-version":[{"id":117,"href":"https:\/\/wp.ufpel.edu.br\/esferateatro\/wp-json\/wp\/v2\/pages\/112\/revisions\/117"}],"wp:attachment":[{"href":"https:\/\/wp.ufpel.edu.br\/esferateatro\/wp-json\/wp\/v2\/media?parent=112"}],"curies":[{"name":"wp","href":"https:\/\/api.w.org\/{rel}","templated":true}]}}