{"id":98,"date":"2013-07-25T19:26:30","date_gmt":"2013-07-25T22:26:30","guid":{"rendered":"https:\/\/wp.ufpel.edu.br\/esef\/?page_id=98"},"modified":"2023-08-11T09:53:02","modified_gmt":"2023-08-11T12:53:02","slug":"servidores","status":"publish","type":"page","link":"https:\/\/wp.ufpel.edu.br\/esef\/administracao\/servidores\/","title":{"rendered":"Corpo T\u00e9cnico Administrativo"},"content":{"rendered":"<h3 style=\"text-align: center;\"><strong>Corpo T\u00e9cnico Administrativo<\/strong><b>\u00a0<\/b><\/h3>\n<p><a href=\"https:\/\/wp.ufpel.edu.br\/esef\/files\/2021\/02\/WhatsApp-Image-2020-11-25-at-13.49.11.jpeg\"><img class=\"wp-image-3655 alignleft\" src=\"https:\/\/wp.ufpel.edu.br\/esef\/files\/2021\/02\/WhatsApp-Image-2020-11-25-at-13.49.11.jpeg\" alt=\"\" width=\"114\" height=\"101\" \/><\/a><\/p>\n<p>&nbsp;<\/p>\n<p>&nbsp;<\/p>\n<p>&nbsp;<\/p>\n<p>Charles Eduardo da Cruz do Amaral &#8211; Assistente em Administra\u00e7\u00e3o &#8211; SIAPE &#8211; 1926099<\/p>\n<p><a href=\"https:\/\/wp.ufpel.edu.br\/esef\/files\/2019\/05\/christine.jpg\"><img class=\"wp-image-3150 alignnone\" src=\"https:\/\/wp.ufpel.edu.br\/esef\/files\/2019\/05\/christine.jpg\" alt=\"\" width=\"116\" height=\"116\" srcset=\"https:\/\/wp.ufpel.edu.br\/esef\/files\/2019\/05\/christine.jpg 324w, https:\/\/wp.ufpel.edu.br\/esef\/files\/2019\/05\/christine-200x200.jpg 200w\" sizes=\"(max-width: 116px) 100vw, 116px\" \/><\/a><\/p>\n<p>Christine Vieira Spieker &#8211; Assistente em Administra\u00e7\u00e3o &#8211; SIAPE &#8211; 1832801<\/p>\n<p><a href=\"https:\/\/wp.ufpel.edu.br\/esef\/files\/2019\/05\/dani.jpg\"><img class=\"wp-image-3151 alignnone\" src=\"https:\/\/wp.ufpel.edu.br\/esef\/files\/2019\/05\/dani-400x400.jpg\" alt=\"\" width=\"120\" height=\"120\" srcset=\"https:\/\/wp.ufpel.edu.br\/esef\/files\/2019\/05\/dani-400x400.jpg 400w, https:\/\/wp.ufpel.edu.br\/esef\/files\/2019\/05\/dani-200x200.jpg 200w, https:\/\/wp.ufpel.edu.br\/esef\/files\/2019\/05\/dani-768x770.jpg 768w, https:\/\/wp.ufpel.edu.br\/esef\/files\/2019\/05\/dani-1021x1024.jpg 1021w, https:\/\/wp.ufpel.edu.br\/esef\/files\/2019\/05\/dani.jpg 1944w\" sizes=\"(max-width: 120px) 100vw, 120px\" \/><\/a><\/p>\n<p>Daniela Macedo Popping\u00a0 &#8211; Assistente em Administra\u00e7\u00e3o &#8211; SIAPE &#8211; 2089861<\/p>\n<p><a href=\"https:\/\/wp.ufpel.edu.br\/esef\/files\/2019\/05\/gigi.jpg\"><img class=\"wp-image-3153 alignnone\" src=\"https:\/\/wp.ufpel.edu.br\/esef\/files\/2019\/05\/gigi-400x400.jpg\" alt=\"\" width=\"125\" height=\"125\" srcset=\"https:\/\/wp.ufpel.edu.br\/esef\/files\/2019\/05\/gigi-400x400.jpg 400w, https:\/\/wp.ufpel.edu.br\/esef\/files\/2019\/05\/gigi-200x200.jpg 200w, https:\/\/wp.ufpel.edu.br\/esef\/files\/2019\/05\/gigi.jpg 640w\" sizes=\"(max-width: 125px) 100vw, 125px\" \/><\/a><\/p>\n<p>Giovani da Silva Lima &#8211; \u00a0 Vigilante &#8211; SIAPE &#8211; 990227<\/p>\n<p><a href=\"https:\/\/wp.ufpel.edu.br\/esef\/files\/2021\/10\/image1.jpeg\"><img class=\"alignnone wp-image-3882 \" src=\"https:\/\/wp.ufpel.edu.br\/esef\/files\/2021\/10\/image1-e1635423259776.jpeg\" alt=\"\" width=\"102\" height=\"163\" \/><\/a><\/p>\n<p>Lauren Fonseca Anacker &#8211; Assistente em Administra\u00e7\u00e3o &#8211; 2046857<\/p>\n<p><a href=\"https:\/\/wp.ufpel.edu.br\/esef\/files\/2019\/05\/lidia.jpg\"><img class=\"wp-image-3149 alignnone\" src=\"https:\/\/wp.ufpel.edu.br\/esef\/files\/2019\/05\/lidia-400x240.jpg\" alt=\"\" width=\"174\" height=\"106\" \/><\/a><\/p>\n<p>Lidia Rosana Fernandes Wille &#8211; Assistente em Administra\u00e7\u00e3o &#8211; 1669615<\/p>\n<p><a href=\"https:\/\/wp.ufpel.edu.br\/esef\/files\/2019\/05\/PENHA.jpg\"><img class=\" wp-image-3159 alignnone\" src=\"https:\/\/wp.ufpel.edu.br\/esef\/files\/2019\/05\/PENHA.jpg\" alt=\"\" width=\"120\" height=\"120\" srcset=\"https:\/\/wp.ufpel.edu.br\/esef\/files\/2019\/05\/PENHA.jpg 233w, https:\/\/wp.ufpel.edu.br\/esef\/files\/2019\/05\/PENHA-200x200.jpg 200w\" sizes=\"(max-width: 120px) 100vw, 120px\" \/><\/a><\/p>\n<p>Marcio Almeida Mendes &#8211; T\u00e9cnico Desportivo &#8211; 3057770<\/p>\n<p><a href=\"https:\/\/wp.ufpel.edu.br\/esef\/files\/2019\/05\/ot\u00e1vio.jpg\"><img class=\"wp-image-3161 alignnone\" src=\"https:\/\/wp.ufpel.edu.br\/esef\/files\/2019\/05\/ot\u00e1vio.jpg\" alt=\"\" width=\"119\" height=\"123\" \/><\/a><\/p>\n<p>Ot\u00e1vio Labes Chaves &#8211; Assistente em Administra\u00e7\u00e3o &#8211; 2046474<\/p>\n<p>&nbsp;<\/p>\n","protected":false},"excerpt":{"rendered":"<p>Corpo T\u00e9cnico Administrativo\u00a0 &nbsp; &nbsp; &nbsp; Charles Eduardo da Cruz do Amaral &#8211; Assistente em Administra\u00e7\u00e3o &#8211; SIAPE &#8211; 1926099 Christine Vieira Spieker &#8211; Assistente em Administra\u00e7\u00e3o &#8211; SIAPE &#8211; 1832801 Daniela Macedo Popping\u00a0 &#8211; Assistente em Administra\u00e7\u00e3o &#8211; SIAPE &#8211; 2089861 Giovani da Silva Lima &#8211; \u00a0 Vigilante &#8211; SIAPE &#8211; 990227 Lauren Fonseca [&hellip;]<\/p>\n","protected":false},"author":289,"featured_media":0,"parent":6,"menu_order":5,"comment_status":"closed","ping_status":"closed","template":"","meta":{"footnotes":""},"class_list":["post-98","page","type-page","status-publish","hentry"],"_links":{"self":[{"href":"https:\/\/wp.ufpel.edu.br\/esef\/wp-json\/wp\/v2\/pages\/98","targetHints":{"allow":["GET"]}}],"collection":[{"href":"https:\/\/wp.ufpel.edu.br\/esef\/wp-json\/wp\/v2\/pages"}],"about":[{"href":"https:\/\/wp.ufpel.edu.br\/esef\/wp-json\/wp\/v2\/types\/page"}],"author":[{"embeddable":true,"href":"https:\/\/wp.ufpel.edu.br\/esef\/wp-json\/wp\/v2\/users\/289"}],"replies":[{"embeddable":true,"href":"https:\/\/wp.ufpel.edu.br\/esef\/wp-json\/wp\/v2\/comments?post=98"}],"version-history":[{"count":35,"href":"https:\/\/wp.ufpel.edu.br\/esef\/wp-json\/wp\/v2\/pages\/98\/revisions"}],"predecessor-version":[{"id":4754,"href":"https:\/\/wp.ufpel.edu.br\/esef\/wp-json\/wp\/v2\/pages\/98\/revisions\/4754"}],"up":[{"embeddable":true,"href":"https:\/\/wp.ufpel.edu.br\/esef\/wp-json\/wp\/v2\/pages\/6"}],"wp:attachment":[{"href":"https:\/\/wp.ufpel.edu.br\/esef\/wp-json\/wp\/v2\/media?parent=98"}],"curies":[{"name":"wp","href":"https:\/\/api.w.org\/{rel}","templated":true}]}}