{"id":95,"date":"2013-07-25T19:24:59","date_gmt":"2013-07-25T22:24:59","guid":{"rendered":"https:\/\/wp.ufpel.edu.br\/esef\/?page_id=95"},"modified":"2025-06-25T08:41:46","modified_gmt":"2025-06-25T11:41:46","slug":"corpo-docente","status":"publish","type":"page","link":"https:\/\/wp.ufpel.edu.br\/esef\/administracao\/corpo-docente\/","title":{"rendered":"Corpo Docente"},"content":{"rendered":"<p><strong>PROFESSORES EFETIVOS<\/strong><\/p>\n<p><img class=\"\" src=\"http:\/\/servicosweb.cnpq.br\/wspessoa\/servletrecuperafoto?tipo=1&amp;id=K4798758H6\" width=\"77\" height=\"104\" \/><\/p>\n<p><a href=\"http:\/\/lattes.cnpq.br\/3354296412426876\" target=\"_blank\" rel=\"noopener noreferrer\">Adriana Sch\u00fcler Cavalli<\/a><\/p>\n<p>&nbsp;<\/p>\n<p><img class=\"\" src=\"http:\/\/servicosweb.cnpq.br\/wspessoa\/servletrecuperafoto?tipo=1&amp;id=K4780189D0\" width=\"77\" height=\"96\" \/><\/p>\n<p><a href=\"http:\/\/lattes.cnpq.br\/4104392146993449\" target=\"_blank\" rel=\"noopener noreferrer\">Airton Jos\u00e9 Rombaldi<\/a><\/p>\n<p>&nbsp;<\/p>\n<p><img class=\"\" src=\"http:\/\/servicosweb.cnpq.br\/wspessoa\/servletrecuperafoto?tipo=1&amp;id=K4702557T8\" width=\"77\" height=\"58\" \/><\/p>\n<p><a href=\"http:\/\/lattes.cnpq.br\/9735840741771843\" target=\"_blank\" rel=\"noopener noreferrer\">C\u00e9sar Augusto Otero Vaghetti<\/a><\/p>\n<p>&nbsp;<\/p>\n<p><img class=\"\" src=\"http:\/\/servicosweb.cnpq.br\/wspessoa\/servletrecuperafoto?tipo=1&amp;id=K4753995H0\" width=\"77\" height=\"137\" \/><\/p>\n<p><a href=\"http:\/\/lattes.cnpq.br\/2775060719288282\" target=\"_blank\" rel=\"noopener noreferrer\">Cristine Lima Alberton<\/a><\/p>\n<p>&nbsp;<\/p>\n<p><img class=\"\" src=\"http:\/\/servicosweb.cnpq.br\/wspessoa\/servletrecuperafoto?tipo=1&amp;id=K4799100P0\" alt=\"Foto\" width=\"94\" height=\"133\" \/><\/p>\n<p><a href=\"http:\/\/buscatextual.cnpq.br\/buscatextual\/visualizacv.do?id=K4799100P0\">Eduardo Merino<\/a><\/p>\n<p>&nbsp;<\/p>\n<p>SEM FOTO<\/p>\n<p><a href=\"http:\/\/lattes.cnpq.br\/2827422805532792\">Eliane Ribeiro Pardo<\/a><\/p>\n<p>&nbsp;<\/p>\n<p><img class=\"\" src=\"http:\/\/servicosweb.cnpq.br\/wspessoa\/servletrecuperafoto?tipo=1&amp;id=K4717873E8\" alt=\"Foto\" width=\"153\" height=\"133\" \/><\/p>\n<p><a href=\"http:\/\/buscatextual.cnpq.br\/buscatextual\/visualizacv.do?id=K4717873E8\">Eraldo dos Santos Pinheiro<\/a><\/p>\n<p>&nbsp;<\/p>\n<p><a href=\"https:\/\/wp.ufpel.edu.br\/esef\/files\/2022\/03\/Captura-de-Tela-2022-03-15-a\u0300s-12.37.26.png\"><img class=\"alignnone size-full wp-image-4103\" src=\"https:\/\/wp.ufpel.edu.br\/esef\/files\/2022\/03\/Captura-de-Tela-2022-03-15-a\u0300s-12.37.26.png\" alt=\"\" width=\"151\" height=\"146\" \/><\/a><\/p>\n<p><a href=\"http:\/\/lattes.cnpq.br\/0783890093093043\">F\u00e1bio Machado Pinto<\/a><\/p>\n<p>&nbsp;<\/p>\n<p><img class=\"\" src=\"http:\/\/servicosweb.cnpq.br\/wspessoa\/servletrecuperafoto?tipo=1&amp;id=K4736008Y0\" width=\"83\" height=\"90\" \/><\/p>\n<p><a href=\"http:\/\/lattes.cnpq.br\/4479595583234972\" target=\"_blank\" rel=\"noopener noreferrer\">Fabr\u00edcio Boscolo Del Vecchio<\/a><\/p>\n<p>&nbsp;<\/p>\n<p><img class=\"\" src=\"http:\/\/servicosweb.cnpq.br\/wspessoa\/servletrecuperafoto?tipo=1&amp;id=K4770865D2\" width=\"85\" height=\"64\" \/><\/p>\n<p><a href=\"http:\/\/lattes.cnpq.br\/2197007220505581\" target=\"_blank\" rel=\"noopener noreferrer\">Felipe Fossati Reichert<\/a><\/p>\n<p>&nbsp;<\/p>\n<p><img class=\"\" src=\"http:\/\/servicosweb.cnpq.br\/wspessoa\/servletrecuperafoto?tipo=1&amp;id=K4718532Y2\" width=\"76\" height=\"94\" \/><\/p>\n<p><a href=\"http:\/\/lattes.cnpq.br\/0606990595602209\" target=\"_blank\" rel=\"noopener noreferrer\">Fernanda de Souza Teixeira<\/a><\/p>\n<p>&nbsp;<\/p>\n<p><img class=\"\" src=\"http:\/\/servicosweb.cnpq.br\/wspessoa\/servletrecuperafoto?tipo=1&amp;id=K4125080Z7\" width=\"85\" height=\"64\" \/><\/p>\n<p><a href=\"http:\/\/lattes.cnpq.br\/4249241054529535\">Fernando Carlos Vinholes Siqueira<\/a><\/p>\n<p>&nbsp;<\/p>\n<p><img class=\"\" src=\"http:\/\/servicosweb.cnpq.br\/wspessoa\/servletrecuperafoto?tipo=1&amp;id=K4233589Z5\" alt=\"Foto\" width=\"87\" height=\"87\" \/><\/p>\n<p><a href=\"http:\/\/buscatextual.cnpq.br\/buscatextual\/visualizacv.do?id=K4233589Z5\">Franciele Roos da Silva Ilha<\/a><\/p>\n<p>&nbsp;<\/p>\n<p><img class=\"\" src=\"http:\/\/servicosweb.cnpq.br\/wspessoa\/servletrecuperafoto?tipo=1&amp;id=K4778035U3\" width=\"77\" height=\"103\" \/><\/p>\n<p><a href=\"http:\/\/buscatextual.cnpq.br\/buscatextual\/visualizacv.do?id=K4778035U3\" target=\"_blank\" rel=\"noopener noreferrer\">Francisco Jos\u00e9 Pereira Tavares<\/a><\/p>\n<p>&nbsp;<\/p>\n<p><img class=\"\" src=\"http:\/\/servicosweb.cnpq.br\/wspessoa\/servletrecuperafoto?tipo=1&amp;id=K4710355H3\" width=\"77\" height=\"99\" \/><\/p>\n<p><a href=\"http:\/\/buscatextual.cnpq.br\/buscatextual\/visualizacv.do?id=K4710355H3\">Gabriel Gustavo Bergmann<\/a><\/p>\n<p>&nbsp;<\/p>\n<p><a href=\"https:\/\/wp.ufpel.edu.br\/esef\/files\/2021\/04\/giovane.jpg\"><img class=\"wp-image-3706 alignnone\" src=\"https:\/\/wp.ufpel.edu.br\/esef\/files\/2021\/04\/giovane-400x285.jpg\" alt=\"\" width=\"147\" height=\"105\" srcset=\"https:\/\/wp.ufpel.edu.br\/esef\/files\/2021\/04\/giovane-400x285.jpg 400w, https:\/\/wp.ufpel.edu.br\/esef\/files\/2021\/04\/giovane.jpg 520w\" sizes=\"(max-width: 147px) 100vw, 147px\" \/><\/a><\/p>\n<p><a href=\"http:\/\/lattes.cnpq.br\/2344138672288053\" target=\"_blank\" rel=\"noopener noreferrer\">Giovanni Felipe Ernst Frizzo<\/a><\/p>\n<p>&nbsp;<\/p>\n<p><img class=\"\" src=\"http:\/\/servicosweb.cnpq.br\/wspessoa\/servletrecuperafoto?tipo=1&amp;id=K4268631E4\" width=\"151\" height=\"101\" \/><\/p>\n<p class=\"name\"><a href=\"http:\/\/buscatextual.cnpq.br\/buscatextual\/visualizacv.do?id=K4268631E4\">In\u00e1cio Crochemore Mohnsam da Silva<\/a><\/p>\n<p>&nbsp;<\/p>\n<p><a href=\"https:\/\/wp.ufpel.edu.br\/esef\/files\/2021\/05\/Gustavo-Dias-Ferreira.jpg\"><img class=\" wp-image-3729 alignleft\" src=\"https:\/\/wp.ufpel.edu.br\/esef\/files\/2021\/05\/Gustavo-Dias-Ferreira-400x285.jpg\" alt=\"\" width=\"154\" height=\"110\" srcset=\"https:\/\/wp.ufpel.edu.br\/esef\/files\/2021\/05\/Gustavo-Dias-Ferreira-400x285.jpg 400w, https:\/\/wp.ufpel.edu.br\/esef\/files\/2021\/05\/Gustavo-Dias-Ferreira.jpg 520w\" sizes=\"(max-width: 154px) 100vw, 154px\" \/><\/a><\/p>\n<p>&nbsp;<\/p>\n<p>&nbsp;<\/p>\n<p>&nbsp;<\/p>\n<p>&nbsp;<\/p>\n<p><a href=\"http:\/\/lattes.cnpq.br\/3687230954390047\">Gustavo Dias Ferreira<\/a><\/p>\n<p>&nbsp;<\/p>\n<p><img class=\"\" src=\"http:\/\/servicosweb.cnpq.br\/wspessoa\/servletrecuperafoto?tipo=1&amp;id=K4763044Y8\" width=\"83\" height=\"147\" \/><\/p>\n<p><a href=\"http:\/\/lattes.cnpq.br\/6346500488035941\" target=\"_blank\" rel=\"noopener noreferrer\">Luiz Carlos Rigo<\/a><\/p>\n<p>&nbsp;<\/p>\n<p><img class=\"\" src=\"http:\/\/servicosweb.cnpq.br\/wspessoa\/servletrecuperafoto?tipo=1&amp;id=K4776614Y3\" width=\"76\" height=\"111\" \/><\/p>\n<p><a href=\"http:\/\/lattes.cnpq.br\/6877841308694432\" target=\"_blank\" rel=\"noopener noreferrer\">Marcelo Cozzensa da Silva<\/a><\/p>\n<p>&nbsp;<\/p>\n<p><img class=\"\" src=\"http:\/\/servicosweb.cnpq.br\/wspessoa\/servletrecuperafoto?tipo=1&amp;id=K4781129Y8\" width=\"78\" height=\"119\" \/><\/p>\n<p><a href=\"http:\/\/lattes.cnpq.br\/5410775053392041\" target=\"_blank\" rel=\"noopener noreferrer\">Marcelo Olivera Cavalli<\/a><\/p>\n<p>&nbsp;<\/p>\n<p><a href=\"https:\/\/wp.ufpel.edu.br\/esef\/files\/2021\/04\/marcelo.jpg\"><img class=\"wp-image-3709 alignnone\" src=\"https:\/\/wp.ufpel.edu.br\/esef\/files\/2021\/04\/marcelo-300x400.jpg\" alt=\"\" width=\"109\" height=\"146\" srcset=\"https:\/\/wp.ufpel.edu.br\/esef\/files\/2021\/04\/marcelo-300x400.jpg 300w, https:\/\/wp.ufpel.edu.br\/esef\/files\/2021\/04\/marcelo-767x1024.jpg 767w, https:\/\/wp.ufpel.edu.br\/esef\/files\/2021\/04\/marcelo-768x1025.jpg 768w, https:\/\/wp.ufpel.edu.br\/esef\/files\/2021\/04\/marcelo.jpg 1080w\" sizes=\"(max-width: 109px) 100vw, 109px\" \/><\/a><\/p>\n<p><a href=\"http:\/\/buscatextual.cnpq.br\/buscatextual\/visualizacv.do?id=K4738137Z7\">Marcelo Silva da Silva<\/a><\/p>\n<p>&nbsp;<\/p>\n<p><img src=\"http:\/\/servicosweb.cnpq.br\/wspessoa\/servletrecuperafoto?tipo=1&amp;id=K4790894Y5\" \/><\/p>\n<p><a href=\"http:\/\/lattes.cnpq.br\/5202830028335096\" target=\"_blank\" rel=\"noopener noreferrer\">Mari\u00e2ngela da Rosa Afonso<\/a><\/p>\n<p>&nbsp;<\/p>\n<p><a href=\"https:\/\/wp.ufpel.edu.br\/esef\/files\/2021\/04\/mario.jpg\"><img class=\"wp-image-3703 alignleft\" src=\"https:\/\/wp.ufpel.edu.br\/esef\/files\/2021\/04\/mario-400x285.jpg\" alt=\"\" width=\"134\" height=\"95\" srcset=\"https:\/\/wp.ufpel.edu.br\/esef\/files\/2021\/04\/mario-400x285.jpg 400w, https:\/\/wp.ufpel.edu.br\/esef\/files\/2021\/04\/mario.jpg 520w\" sizes=\"(max-width: 134px) 100vw, 134px\" \/><\/a><\/p>\n<p>&nbsp;<\/p>\n<p>&nbsp;<\/p>\n<p>&nbsp;<\/p>\n<p><a href=\"http:\/\/lattes.cnpq.br\/1365027675870449\">Mario Renato de Azevedo Junior<\/a><\/p>\n<p>&nbsp;<\/p>\n<p><img class=\"\" src=\"http:\/\/servicosweb.cnpq.br\/wspessoa\/servletrecuperafoto?tipo=1&amp;id=K4778576E4\" width=\"77\" height=\"135\" \/><\/p>\n<p><a href=\"http:\/\/lattes.cnpq.br\/2479535014033756\" target=\"_blank\" rel=\"noopener noreferrer\">Marlos Rodrigues Domingues<\/a><\/p>\n<p>&nbsp;<\/p>\n<p><img class=\"\" src=\"https:\/\/wp.ufpel.edu.br\/ppgef\/files\/2018\/05\/Dr.-Pedro-Rodrigues-Curi-Hallal1.jpg\" width=\"95\" height=\"110\" \/><\/p>\n<p><a href=\"http:\/\/lattes.cnpq.br\/3211152266266081\" target=\"_blank\" rel=\"noopener noreferrer\">Pedro Rodrigues Curi Hallal<\/a><\/p>\n<p>&nbsp;<\/p>\n<p><a href=\"https:\/\/wp.ufpel.edu.br\/esef\/files\/2019\/05\/priscila.jpg\"><img class=\"wp-image-3146 alignnone\" src=\"https:\/\/wp.ufpel.edu.br\/esef\/files\/2019\/05\/priscila-300x400.jpg\" alt=\"\" width=\"91\" height=\"121\" srcset=\"https:\/\/wp.ufpel.edu.br\/esef\/files\/2019\/05\/priscila-300x400.jpg 300w, https:\/\/wp.ufpel.edu.br\/esef\/files\/2019\/05\/priscila.jpg 384w\" sizes=\"(max-width: 91px) 100vw, 91px\" \/><\/a><\/p>\n<p><a href=\"http:\/\/lattes.cnpq.br\/1712413211458082\">Priscila Lopes Cardozo<\/a><\/p>\n<p>&nbsp;<\/p>\n<p><a href=\"https:\/\/wp.ufpel.edu.br\/esef\/files\/2021\/05\/rafael-Bueno-orcy.jpg\"><img class=\" wp-image-3731 alignleft\" src=\"https:\/\/wp.ufpel.edu.br\/esef\/files\/2021\/05\/rafael-Bueno-orcy-400x285.jpg\" alt=\"\" width=\"140\" height=\"100\" srcset=\"https:\/\/wp.ufpel.edu.br\/esef\/files\/2021\/05\/rafael-Bueno-orcy-400x285.jpg 400w, https:\/\/wp.ufpel.edu.br\/esef\/files\/2021\/05\/rafael-Bueno-orcy.jpg 520w\" sizes=\"(max-width: 140px) 100vw, 140px\" \/><\/a><\/p>\n<p>&nbsp;<\/p>\n<p>&nbsp;<\/p>\n<p>&nbsp;<\/p>\n<p>&nbsp;<\/p>\n<p>Rafael Bueno Orcy<\/p>\n<p>&nbsp;<\/p>\n<p><a href=\"https:\/\/wp.ufpel.edu.br\/esef\/files\/2020\/06\/Foto-Rezer.jpg\"><img class=\"wp-image-3467 alignleft\" src=\"https:\/\/wp.ufpel.edu.br\/esef\/files\/2020\/06\/Foto-Rezer-241x400.jpg\" alt=\"\" width=\"108\" height=\"179\" srcset=\"https:\/\/wp.ufpel.edu.br\/esef\/files\/2020\/06\/Foto-Rezer-241x400.jpg 241w, https:\/\/wp.ufpel.edu.br\/esef\/files\/2020\/06\/Foto-Rezer-616x1024.jpg 616w, https:\/\/wp.ufpel.edu.br\/esef\/files\/2020\/06\/Foto-Rezer-768x1277.jpg 768w, https:\/\/wp.ufpel.edu.br\/esef\/files\/2020\/06\/Foto-Rezer.jpg 881w\" sizes=\"(max-width: 108px) 100vw, 108px\" \/><\/a><\/p>\n<p>&nbsp;<\/p>\n<p>&nbsp;<\/p>\n<p>&nbsp;<\/p>\n<p>&nbsp;<\/p>\n<p>&nbsp;<\/p>\n<p>&nbsp;<\/p>\n<p class=\"nome\"><a href=\"http:\/\/buscatextual.cnpq.br\/buscatextual\/visualizacv.do?id=K4705646A1\">Ricardo Rezer<\/a><\/p>\n<p>&nbsp;<\/p>\n<p><a href=\"https:\/\/wp.ufpel.edu.br\/esef\/files\/2021\/05\/WhatsApp-Image-2021-05-10-at-10.22.13.jpeg\"><img class=\" wp-image-3717 alignleft\" src=\"https:\/\/wp.ufpel.edu.br\/esef\/files\/2021\/05\/WhatsApp-Image-2021-05-10-at-10.22.13-400x320.jpeg\" alt=\"\" width=\"175\" height=\"140\" srcset=\"https:\/\/wp.ufpel.edu.br\/esef\/files\/2021\/05\/WhatsApp-Image-2021-05-10-at-10.22.13-400x320.jpeg 400w, https:\/\/wp.ufpel.edu.br\/esef\/files\/2021\/05\/WhatsApp-Image-2021-05-10-at-10.22.13-1024x819.jpeg 1024w, https:\/\/wp.ufpel.edu.br\/esef\/files\/2021\/05\/WhatsApp-Image-2021-05-10-at-10.22.13-768x615.jpeg 768w, https:\/\/wp.ufpel.edu.br\/esef\/files\/2021\/05\/WhatsApp-Image-2021-05-10-at-10.22.13.jpeg 1231w\" sizes=\"(max-width: 175px) 100vw, 175px\" \/><\/a><\/p>\n<p>&nbsp;<\/p>\n<p>&nbsp;<\/p>\n<p>&nbsp;<\/p>\n<p>&nbsp;<\/p>\n<p>&nbsp;<\/p>\n<p>Rodolfo Novellino Benda<\/p>\n<p>&nbsp;<\/p>\n<p><a href=\"https:\/\/wp.ufpel.edu.br\/esef\/files\/2025\/06\/20230213_104901-scaled.jpg\"><img class=\"alignnone  wp-image-5356\" src=\"https:\/\/wp.ufpel.edu.br\/esef\/files\/2025\/06\/20230213_104901-300x400.jpg\" alt=\"\" width=\"113\" height=\"150\" srcset=\"https:\/\/wp.ufpel.edu.br\/esef\/files\/2025\/06\/20230213_104901-300x400.jpg 300w, https:\/\/wp.ufpel.edu.br\/esef\/files\/2025\/06\/20230213_104901-768x1024.jpg 768w, https:\/\/wp.ufpel.edu.br\/esef\/files\/2025\/06\/20230213_104901-1152x1536.jpg 1152w, https:\/\/wp.ufpel.edu.br\/esef\/files\/2025\/06\/20230213_104901-1536x2048.jpg 1536w, https:\/\/wp.ufpel.edu.br\/esef\/files\/2025\/06\/20230213_104901-scaled.jpg 1920w\" sizes=\"(max-width: 113px) 100vw, 113px\" \/><\/a><\/p>\n<p><a href=\"http:\/\/lattes.cnpq.br\/2159894065526815\">Silvia Teixeira de Pinho<\/a><\/p>\n<p>&nbsp;<\/p>\n<p><img class=\"\" src=\"http:\/\/servicosweb.cnpq.br\/wspessoa\/servletrecuperafoto?tipo=1&amp;id=K4227258P1\" width=\"110\" height=\"135\" \/><\/p>\n<p><a href=\"http:\/\/lattes.cnpq.br\/3084027728514230\" target=\"_blank\" rel=\"noopener noreferrer\">Stephanie Santana Pinto<\/a><\/p>\n<p>&nbsp;<\/p>\n<p><a href=\"https:\/\/wp.ufpel.edu.br\/esef\/files\/2019\/07\/DSC04078.jpg\"><img class=\"wp-image-3179 alignleft\" src=\"https:\/\/wp.ufpel.edu.br\/esef\/files\/2019\/07\/DSC04078-400x300.jpg\" alt=\"\" width=\"127\" height=\"96\" srcset=\"https:\/\/wp.ufpel.edu.br\/esef\/files\/2019\/07\/DSC04078-400x300.jpg 400w, https:\/\/wp.ufpel.edu.br\/esef\/files\/2019\/07\/DSC04078-768x576.jpg 768w, https:\/\/wp.ufpel.edu.br\/esef\/files\/2019\/07\/DSC04078-1024x768.jpg 1024w\" sizes=\"(max-width: 127px) 100vw, 127px\" \/><\/a><\/p>\n<p>&nbsp;<\/p>\n<p>&nbsp;<\/p>\n<p>&nbsp;<\/p>\n<p><a href=\"http:\/\/buscatextual.cnpq.br\/buscatextual\/visualizacv.do?id=K4716843U0\">Th\u00e1bata Viviane Brand\u00e3o Gomes<\/a><\/p>\n<p>&nbsp;<\/p>\n<p><strong>PROFESSORES SUBSTITUTOS OU VISITANTES<\/strong><\/p>\n<p>&nbsp;<\/p>\n<p>&nbsp;<\/p>\n","protected":false},"excerpt":{"rendered":"<p>PROFESSORES EFETIVOS Adriana Sch\u00fcler Cavalli &nbsp; Airton Jos\u00e9 Rombaldi &nbsp; C\u00e9sar Augusto Otero Vaghetti &nbsp; Cristine Lima Alberton &nbsp; Eduardo Merino &nbsp; SEM FOTO Eliane Ribeiro Pardo &nbsp; Eraldo dos Santos Pinheiro &nbsp; F\u00e1bio Machado Pinto &nbsp; Fabr\u00edcio Boscolo Del Vecchio &nbsp; Felipe Fossati Reichert &nbsp; Fernanda de Souza Teixeira &nbsp; Fernando Carlos Vinholes Siqueira [&hellip;]<\/p>\n","protected":false},"author":289,"featured_media":0,"parent":6,"menu_order":4,"comment_status":"closed","ping_status":"closed","template":"","meta":{"footnotes":""},"class_list":["post-95","page","type-page","status-publish","hentry"],"_links":{"self":[{"href":"https:\/\/wp.ufpel.edu.br\/esef\/wp-json\/wp\/v2\/pages\/95","targetHints":{"allow":["GET"]}}],"collection":[{"href":"https:\/\/wp.ufpel.edu.br\/esef\/wp-json\/wp\/v2\/pages"}],"about":[{"href":"https:\/\/wp.ufpel.edu.br\/esef\/wp-json\/wp\/v2\/types\/page"}],"author":[{"embeddable":true,"href":"https:\/\/wp.ufpel.edu.br\/esef\/wp-json\/wp\/v2\/users\/289"}],"replies":[{"embeddable":true,"href":"https:\/\/wp.ufpel.edu.br\/esef\/wp-json\/wp\/v2\/comments?post=95"}],"version-history":[{"count":70,"href":"https:\/\/wp.ufpel.edu.br\/esef\/wp-json\/wp\/v2\/pages\/95\/revisions"}],"predecessor-version":[{"id":238,"href":"https:\/\/wp.ufpel.edu.br\/esef\/wp-json\/wp\/v2\/pages\/95\/revisions\/238"}],"up":[{"embeddable":true,"href":"https:\/\/wp.ufpel.edu.br\/esef\/wp-json\/wp\/v2\/pages\/6"}],"wp:attachment":[{"href":"https:\/\/wp.ufpel.edu.br\/esef\/wp-json\/wp\/v2\/media?parent=95"}],"curies":[{"name":"wp","href":"https:\/\/api.w.org\/{rel}","templated":true}]}}