{"id":93,"date":"2013-07-25T19:24:10","date_gmt":"2013-07-25T22:24:10","guid":{"rendered":"https:\/\/wp.ufpel.edu.br\/esef\/?page_id=93"},"modified":"2025-02-17T08:58:44","modified_gmt":"2025-02-17T11:58:44","slug":"desportos","status":"publish","type":"page","link":"https:\/\/wp.ufpel.edu.br\/esef\/administracao\/departamentos\/desportos\/","title":{"rendered":"Educa\u00e7\u00e3o F\u00edsica"},"content":{"rendered":"<p><strong>Chefe:<\/strong> <a href=\"http:\/\/lattes.cnpq.br\/0583626591829141\">Prof. <\/a><a href=\"http:\/\/lattes.cnpq.br\/6877841308694432\">Marcelo Cozzensa da Silva<\/a><\/p>\n<p><strong>Sub chefe<\/strong>:<\/p>\n","protected":false},"excerpt":{"rendered":"<p>Chefe: Prof. Marcelo Cozzensa da Silva Sub chefe:<\/p>\n","protected":false},"author":289,"featured_media":0,"parent":89,"menu_order":1,"comment_status":"closed","ping_status":"closed","template":"","meta":{"footnotes":""},"class_list":["post-93","page","type-page","status-publish","hentry"],"_links":{"self":[{"href":"https:\/\/wp.ufpel.edu.br\/esef\/wp-json\/wp\/v2\/pages\/93","targetHints":{"allow":["GET"]}}],"collection":[{"href":"https:\/\/wp.ufpel.edu.br\/esef\/wp-json\/wp\/v2\/pages"}],"about":[{"href":"https:\/\/wp.ufpel.edu.br\/esef\/wp-json\/wp\/v2\/types\/page"}],"author":[{"embeddable":true,"href":"https:\/\/wp.ufpel.edu.br\/esef\/wp-json\/wp\/v2\/users\/289"}],"replies":[{"embeddable":true,"href":"https:\/\/wp.ufpel.edu.br\/esef\/wp-json\/wp\/v2\/comments?post=93"}],"version-history":[{"count":13,"href":"https:\/\/wp.ufpel.edu.br\/esef\/wp-json\/wp\/v2\/pages\/93\/revisions"}],"predecessor-version":[{"id":5230,"href":"https:\/\/wp.ufpel.edu.br\/esef\/wp-json\/wp\/v2\/pages\/93\/revisions\/5230"}],"up":[{"embeddable":true,"href":"https:\/\/wp.ufpel.edu.br\/esef\/wp-json\/wp\/v2\/pages\/89"}],"wp:attachment":[{"href":"https:\/\/wp.ufpel.edu.br\/esef\/wp-json\/wp\/v2\/media?parent=93"}],"curies":[{"name":"wp","href":"https:\/\/api.w.org\/{rel}","templated":true}]}}