{"id":5615,"date":"2026-02-26T16:07:37","date_gmt":"2026-02-26T19:07:37","guid":{"rendered":"https:\/\/wp.ufpel.edu.br\/esef\/?page_id=5615"},"modified":"2026-02-26T16:17:28","modified_gmt":"2026-02-26T19:17:28","slug":"projetos-de-extensao","status":"publish","type":"page","link":"https:\/\/wp.ufpel.edu.br\/esef\/projetos-de-extensao\/","title":{"rendered":"Projetos de Extens\u00e3o"},"content":{"rendered":"<h2 style=\"text-align: center;\">Projeto Donas da Quadra<\/h2>\n<div dir=\"auto\" style=\"text-align: justify;\">&#8211; <strong>Coordenadora<\/strong>: Prof\u00aa Silvia Teixeira de Pinho<\/div>\n<div dir=\"auto\" style=\"text-align: justify;\"><\/div>\n<div dir=\"auto\" style=\"text-align: justify;\">&#8211; <strong>Objetivo e atividades desempenhadas<\/strong>: O projeto de extens\u00e3o Donas da Quadra tem como objetivo promover a pr\u00e1tica esportiva, oferecendo um ambiente inclusivo e acess\u00edvel, no qual seja poss\u00edvel vivenciar os benef\u00edcios f\u00edsicos, sociais e emocionais do esporte. As atividades s\u00e3o planejadas com foco no desenvolvimento de habilidades t\u00e9cnicas e t\u00e1ticas do futsal, al\u00e9m de incentivar a conviv\u00eancia social, o trabalho em equipe e o bem-estar.<\/div>\n<div dir=\"auto\" style=\"text-align: justify;\"><\/div>\n<div dir=\"auto\" style=\"text-align: justify;\">&#8211; <strong>P\u00fablico alvo<\/strong>: Alunas, funcion\u00e1rias e\u00a0 mulheres da comunidade em geral<\/div>\n<div dir=\"auto\" style=\"text-align: justify;\"><\/div>\n<div dir=\"auto\" style=\"text-align: justify;\">&#8211; <strong>Per\u00edodos de sele\u00e7\u00e3o\/inscri\u00e7\u00e3o e como participar<\/strong>: O projeto acontece todas as quartas e \u00e9 de livre acesso, s\u00f3 falar com um dos estudantes na quadra e jogar.<\/div>\n<div dir=\"auto\" style=\"text-align: justify;\"><\/div>\n<div dir=\"auto\" style=\"text-align: justify;\">&#8211; <strong>Dia, local e hor\u00e1rio de realiza\u00e7\u00e3o do projeto<\/strong>; Todas as quartas feiras, no gin\u00e1sio da ESEF-UFPEL \u00e0s 16h at\u00e9 18h<\/div>\n<div dir=\"auto\" style=\"text-align: justify;\"><\/div>\n<div dir=\"auto\" style=\"text-align: justify;\">&#8211; <strong>Contato para d\u00favidas<\/strong>: e-mail e\/ou whats;\u00a0<a href=\"mailto:silvia@unir.br\" target=\"_blank\" rel=\"noopener\">silvia@unir.br<\/a> e (69) 999486185<\/div>\n<div dir=\"auto\" style=\"text-align: justify;\"><\/div>\n<div dir=\"auto\" style=\"text-align: justify;\">&#8211; <strong>Instagram<\/strong>: @donasdaquadra_ufpel<\/div>\n<div dir=\"auto\"><\/div>\n<div dir=\"auto\"><\/div>\n<div dir=\"auto\">\n<h2 style=\"text-align: center;\"><b>Projeto Vem Ser Voleibol<\/b><\/h2>\n<div><\/div>\n<div style=\"text-align: justify;\">&#8211; <strong>Coordenador<\/strong>: Prof. Rodolfo Novellino Benda<\/div>\n<div><\/div>\n<div style=\"text-align: justify;\">&#8211; <strong>Objetivo e atividades desempenhadas<\/strong>: Promover o ensino de voleibol como meio para a forma\u00e7\u00e3o de cidad\u00e3os altru\u00edstas e fisicamente ativos.\u00a0O voleibol \u00e9 uma modalidade esportiva coletiva que se apresenta no Brasil como uma das mais populares e atrativas ap\u00f3s o futebol. Encontra-se na cidade de Pelotas diversas equipes amadoras assim como projetos conduzidos por entidades p\u00fablicas e privadas para o ensino do voleibol. Todavia, o ensino tradicional do voleibol prima por uma abordagem tecnicista, privilegiando o ensino da t\u00e9cnica em primeiro plano, numa metodologia mon\u00f3tona e repetitiva. O ensino dos jogos esportivos coletivos tem se modificado para uma vis\u00e3o que privilegie inicialmente a compreens\u00e3o do jogo, para posteriormente focar o ensino da t\u00e9cnica.<\/div>\n<div><\/div>\n<div style=\"text-align: justify;\">&#8211; <strong>P\u00fablico alvo<\/strong>: Crian\u00e7as e adolescentes de ambos os sexos com idade entre 9 e 15 anos da comunidade em geral<\/div>\n<div><\/div>\n<div style=\"text-align: justify;\">&#8211; <strong>Per\u00edodos de sele\u00e7\u00e3o\/inscri\u00e7\u00e3o e como participar<\/strong>: acessar o link da bio do Instagram @vemservoleibol\u00a0<a href=\"https:\/\/www.instagram.com\/vemservoleibol?igsh=M2FlYWU1aTR6cnd4\" target=\"_blank\" rel=\"noreferrer noopener\" data-saferedirecturl=\"https:\/\/www.google.com\/url?q=https:\/\/www.instagram.com\/vemservoleibol?igsh%3DM2FlYWU1aTR6cnd4&amp;source=gmail&amp;ust=1772217503175000&amp;usg=AOvVaw0F8gyuKM0vFUfxfsqjC8CF\">https:\/\/www.<wbr \/>instagram.com\/vemservoleibol?<wbr \/>igsh=M2FlYWU1aTR6cnd4<\/a>\u00a0e preencher o formul\u00e1rio dispon\u00edvel.<\/div>\n<div><\/div>\n<div style=\"text-align: justify;\">&#8211; <strong>Dia, local e hor\u00e1rio de realiza\u00e7\u00e3o do projeto<\/strong>: No gin\u00e1sio da ESEF-UFPEL<\/div>\n<div style=\"text-align: justify;\">\n<div>Entre 9 e 11 anos. Turma matutina (2a e 4a. feiras:10-11 h.);<\/div>\n<div dir=\"ltr\">\u00a0\u00a0\u00a0\u00a0\u00a0\u00a0\u00a0\u00a0\u00a0\u00a0\u00a0\u00a0\u00a0\u00a0\u00a0\u00a0\u00a0\u00a0\u00a0\u00a0\u00a0\u00a0\u00a0\u00a0\u00a0 \u00a0 Turma vespertina (2a e 4a. feiras: 14-15 h.);<\/div>\n<div dir=\"ltr\">Entre 12 e 14 anos. Turma vespertina (2a e 4a. feiras: 15-16 h.);<\/div>\n<div dir=\"ltr\">15 anos. 2a. feira 16 h. e 4a. feira 13 h.<\/div>\n<div dir=\"ltr\"><\/div>\n<div dir=\"ltr\">&#8211; <strong>Contato para d\u00favidas e-mail e\/ou whats<\/strong>:\u00a0<a href=\"mailto:rodolfobenda@yahoo.com.br\" target=\"_blank\" rel=\"noopener\">rodolfobenda@yahoo.com.br<\/a>;\u00a0<a href=\"mailto:anavalerialimars@gmail.com\" target=\"_blank\" rel=\"noopener\">anavalerialimars@gmail.com<\/a> (31) 98407-4570<\/div>\n<div dir=\"ltr\"><\/div>\n<div dir=\"ltr\">&#8211; <strong>Redes sociais<\/strong>: Instagram @vemservoleibol<\/div>\n<\/div>\n<\/div>\n","protected":false},"excerpt":{"rendered":"<p>Projeto Donas da Quadra &#8211; Coordenadora: Prof\u00aa Silvia Teixeira de Pinho &#8211; Objetivo e atividades desempenhadas: O projeto de extens\u00e3o Donas da Quadra tem como objetivo promover a pr\u00e1tica esportiva, oferecendo um ambiente inclusivo e acess\u00edvel, no qual seja poss\u00edvel vivenciar os benef\u00edcios f\u00edsicos, sociais e emocionais do esporte. As atividades s\u00e3o planejadas com foco [&hellip;]<\/p>\n","protected":false},"author":1496,"featured_media":0,"parent":0,"menu_order":0,"comment_status":"closed","ping_status":"closed","template":"","meta":{"footnotes":""},"class_list":["post-5615","page","type-page","status-publish","hentry"],"_links":{"self":[{"href":"https:\/\/wp.ufpel.edu.br\/esef\/wp-json\/wp\/v2\/pages\/5615","targetHints":{"allow":["GET"]}}],"collection":[{"href":"https:\/\/wp.ufpel.edu.br\/esef\/wp-json\/wp\/v2\/pages"}],"about":[{"href":"https:\/\/wp.ufpel.edu.br\/esef\/wp-json\/wp\/v2\/types\/page"}],"author":[{"embeddable":true,"href":"https:\/\/wp.ufpel.edu.br\/esef\/wp-json\/wp\/v2\/users\/1496"}],"replies":[{"embeddable":true,"href":"https:\/\/wp.ufpel.edu.br\/esef\/wp-json\/wp\/v2\/comments?post=5615"}],"version-history":[{"count":3,"href":"https:\/\/wp.ufpel.edu.br\/esef\/wp-json\/wp\/v2\/pages\/5615\/revisions"}],"predecessor-version":[{"id":5620,"href":"https:\/\/wp.ufpel.edu.br\/esef\/wp-json\/wp\/v2\/pages\/5615\/revisions\/5620"}],"wp:attachment":[{"href":"https:\/\/wp.ufpel.edu.br\/esef\/wp-json\/wp\/v2\/media?parent=5615"}],"curies":[{"name":"wp","href":"https:\/\/api.w.org\/{rel}","templated":true}]}}