{"id":5426,"date":"2025-08-27T09:30:38","date_gmt":"2025-08-27T12:30:38","guid":{"rendered":"https:\/\/wp.ufpel.edu.br\/esef\/?page_id=5426"},"modified":"2025-08-27T09:30:38","modified_gmt":"2025-08-27T12:30:38","slug":"38-simposio-2019","status":"publish","type":"page","link":"https:\/\/wp.ufpel.edu.br\/esef\/38-simposio-2019\/","title":{"rendered":"38 simp\u00f3sio 2019"},"content":{"rendered":"<div><strong>ANAIS &#8211; 38\u00ba Simp\u00f3sio Nacional de Educa\u00e7\u00e3o F\u00edsica &#8211; SNEF<\/strong><\/div>\n<div><\/div>\n<div>Est\u00e3o dispon\u00edveis os anais do 38\u00ba Simp\u00f3sio Nacional de Educa\u00e7\u00e3o F\u00edsica.<\/div>\n<div><\/div>\n<div>Para acessar os anais: <a href=\"https:\/\/drive.google.com\/drive\/folders\/1tTifwk2uTLHQrHcRIVk1rPNDAjg4WF19?usp=sharing\">clique aqui<\/a><\/div>\n<div><\/div>\n<div><strong>CERTIFICADOS APRESENTA\u00c7\u00c3O DE TRABALHOS &#8211; 38\u00ba Simp\u00f3sio Nacional de Educa\u00e7\u00e3o F\u00edsica<\/strong><\/div>\n<div><\/div>\n<div>\n<div>Est\u00e3o dispon\u00edveis os certificados de apresenta\u00e7\u00e3o de trabalhos no formato de comunica\u00e7\u00e3o oral e p\u00f4ster do 38\u00ba Simp\u00f3sio Nacional de Educa\u00e7\u00e3o F\u00edsica.<\/div>\n<div><\/div>\n<div>Para gerar o certificado: <a href=\"https:\/\/drive.google.com\/drive\/folders\/1NSmVFSeHf4C7SXknXs4cn0b1Eb3Jt3DE?usp=sharing\">Clique aqui<\/a><\/div>\n<\/div>\n","protected":false},"excerpt":{"rendered":"<p>ANAIS &#8211; 38\u00ba Simp\u00f3sio Nacional de Educa\u00e7\u00e3o F\u00edsica &#8211; SNEF Est\u00e3o dispon\u00edveis os anais do 38\u00ba Simp\u00f3sio Nacional de Educa\u00e7\u00e3o F\u00edsica. Para acessar os anais: clique aqui CERTIFICADOS APRESENTA\u00c7\u00c3O DE TRABALHOS &#8211; 38\u00ba Simp\u00f3sio Nacional de Educa\u00e7\u00e3o F\u00edsica Est\u00e3o dispon\u00edveis os certificados de apresenta\u00e7\u00e3o de trabalhos no formato de comunica\u00e7\u00e3o oral e p\u00f4ster do 38\u00ba [&hellip;]<\/p>\n","protected":false},"author":1496,"featured_media":0,"parent":0,"menu_order":0,"comment_status":"closed","ping_status":"closed","template":"","meta":{"footnotes":""},"class_list":["post-5426","page","type-page","status-publish","hentry"],"_links":{"self":[{"href":"https:\/\/wp.ufpel.edu.br\/esef\/wp-json\/wp\/v2\/pages\/5426","targetHints":{"allow":["GET"]}}],"collection":[{"href":"https:\/\/wp.ufpel.edu.br\/esef\/wp-json\/wp\/v2\/pages"}],"about":[{"href":"https:\/\/wp.ufpel.edu.br\/esef\/wp-json\/wp\/v2\/types\/page"}],"author":[{"embeddable":true,"href":"https:\/\/wp.ufpel.edu.br\/esef\/wp-json\/wp\/v2\/users\/1496"}],"replies":[{"embeddable":true,"href":"https:\/\/wp.ufpel.edu.br\/esef\/wp-json\/wp\/v2\/comments?post=5426"}],"version-history":[{"count":1,"href":"https:\/\/wp.ufpel.edu.br\/esef\/wp-json\/wp\/v2\/pages\/5426\/revisions"}],"predecessor-version":[{"id":5428,"href":"https:\/\/wp.ufpel.edu.br\/esef\/wp-json\/wp\/v2\/pages\/5426\/revisions\/5428"}],"wp:attachment":[{"href":"https:\/\/wp.ufpel.edu.br\/esef\/wp-json\/wp\/v2\/media?parent=5426"}],"curies":[{"name":"wp","href":"https:\/\/api.w.org\/{rel}","templated":true}]}}