{"id":495,"date":"2013-10-15T15:18:11","date_gmt":"2013-10-15T18:18:11","guid":{"rendered":"https:\/\/wp.ufpel.edu.br\/esef\/?page_id=495"},"modified":"2025-08-27T09:20:13","modified_gmt":"2025-08-27T12:20:13","slug":"inscricoes","status":"publish","type":"page","link":"https:\/\/wp.ufpel.edu.br\/esef\/eventos\/simposio\/inscricoes\/","title":{"rendered":"simp\u00f3sio 2024"},"content":{"rendered":"<p align=\"center\"><strong>Anais 2024<\/strong><\/p>\n<p align=\"center\"><a href=\"https:\/\/wp.ufpel.edu.br\/esef\/files\/2025\/02\/0-2922166673186033713.pdf\" target=\"_blank\" rel=\"noopener\">Anais do 43\u00ba Simp\u00f3sio de Educa\u00e7\u00e3o F\u00edsica e 4\u00ba Encontro de Fisioterapia -2024<\/a><\/p>\n<p>&nbsp;<\/p>\n","protected":false},"excerpt":{"rendered":"<p>Anais 2024 Anais do 43\u00ba Simp\u00f3sio de Educa\u00e7\u00e3o F\u00edsica e 4\u00ba Encontro de Fisioterapia -2024 &nbsp;<\/p>\n","protected":false},"author":289,"featured_media":0,"parent":124,"menu_order":1,"comment_status":"closed","ping_status":"closed","template":"","meta":{"footnotes":""},"class_list":["post-495","page","type-page","status-publish","hentry"],"_links":{"self":[{"href":"https:\/\/wp.ufpel.edu.br\/esef\/wp-json\/wp\/v2\/pages\/495","targetHints":{"allow":["GET"]}}],"collection":[{"href":"https:\/\/wp.ufpel.edu.br\/esef\/wp-json\/wp\/v2\/pages"}],"about":[{"href":"https:\/\/wp.ufpel.edu.br\/esef\/wp-json\/wp\/v2\/types\/page"}],"author":[{"embeddable":true,"href":"https:\/\/wp.ufpel.edu.br\/esef\/wp-json\/wp\/v2\/users\/289"}],"replies":[{"embeddable":true,"href":"https:\/\/wp.ufpel.edu.br\/esef\/wp-json\/wp\/v2\/comments?post=495"}],"version-history":[{"count":3,"href":"https:\/\/wp.ufpel.edu.br\/esef\/wp-json\/wp\/v2\/pages\/495\/revisions"}],"predecessor-version":[{"id":5424,"href":"https:\/\/wp.ufpel.edu.br\/esef\/wp-json\/wp\/v2\/pages\/495\/revisions\/5424"}],"up":[{"embeddable":true,"href":"https:\/\/wp.ufpel.edu.br\/esef\/wp-json\/wp\/v2\/pages\/124"}],"wp:attachment":[{"href":"https:\/\/wp.ufpel.edu.br\/esef\/wp-json\/wp\/v2\/media?parent=495"}],"curies":[{"name":"wp","href":"https:\/\/api.w.org\/{rel}","templated":true}]}}