{"id":44,"date":"2013-07-23T15:08:30","date_gmt":"2013-07-23T18:08:30","guid":{"rendered":"https:\/\/wp.ufpel.edu.br\/esef\/?page_id=44"},"modified":"2025-02-17T09:36:18","modified_gmt":"2025-02-17T12:36:18","slug":"direcao","status":"publish","type":"page","link":"https:\/\/wp.ufpel.edu.br\/esef\/administracao\/direcao\/","title":{"rendered":"Dire\u00e7\u00e3o"},"content":{"rendered":"<p><img class=\"\" src=\"http:\/\/servicosweb.cnpq.br\/wspessoa\/servletrecuperafoto?tipo=1&amp;id=K4710355H3\" width=\"120\" height=\"170\" \/><\/p>\n<p><strong>Diretor: <\/strong>Prof. Dr. Gabriel Gustavo Bergmann<\/p>\n<p><a href=\"https:\/\/wp.ufpel.edu.br\/esef\/files\/2025\/02\/WhatsApp-Image-2025-02-17-at-09.15.29.jpeg\"><img class=\"alignnone  wp-image-5234\" src=\"https:\/\/wp.ufpel.edu.br\/esef\/files\/2025\/02\/WhatsApp-Image-2025-02-17-at-09.15.29-288x400.jpeg\" alt=\"\" width=\"126\" height=\"175\" srcset=\"https:\/\/wp.ufpel.edu.br\/esef\/files\/2025\/02\/WhatsApp-Image-2025-02-17-at-09.15.29-288x400.jpeg 288w, https:\/\/wp.ufpel.edu.br\/esef\/files\/2025\/02\/WhatsApp-Image-2025-02-17-at-09.15.29-736x1024.jpeg 736w, https:\/\/wp.ufpel.edu.br\/esef\/files\/2025\/02\/WhatsApp-Image-2025-02-17-at-09.15.29-768x1068.jpeg 768w, https:\/\/wp.ufpel.edu.br\/esef\/files\/2025\/02\/WhatsApp-Image-2025-02-17-at-09.15.29.jpeg 1029w\" sizes=\"(max-width: 126px) 100vw, 126px\" \/><\/a><\/p>\n<p><strong>Vice-diretora: <\/strong>Profa. Dra. Cristine Lima Alberton<\/p>\n<p><img class=\"\" style=\"color: var(--cor-texto); font-family: var(--fonte-corpo);\" src=\"https:\/\/wp.ufpel.edu.br\/esef\/files\/2019\/05\/dani-400x400.jpg\" width=\"123\" height=\"123\" \/><\/p>\n<p><strong>Chefe\u00a0 N\u00facleo Administrativo:<\/strong> Daniela Macedo Popping<\/p>\n<p><a href=\"https:\/\/wp.ufpel.edu.br\/esef\/files\/2021\/02\/WhatsApp-Image-2020-11-25-at-13.49.11.jpeg\"><img class=\"wp-image-3655 alignleft\" src=\"https:\/\/wp.ufpel.edu.br\/esef\/files\/2021\/02\/WhatsApp-Image-2020-11-25-at-13.49.11.jpeg\" alt=\"\" width=\"137\" height=\"121\" \/><\/a><\/p>\n<p>&nbsp;<\/p>\n<p>&nbsp;<\/p>\n<p>&nbsp;<\/p>\n<p>&nbsp;<\/p>\n<p><strong>Secret\u00e1rio:<\/strong> Charles Eduardo da Cruz do Amaral<\/p>\n<p><img class=\"\" src=\"https:\/\/wp.ufpel.edu.br\/esef\/files\/2019\/05\/gigi.jpg\" width=\"142\" height=\"142\" \/><\/p>\n<p><strong>Fiscal de Pr\u00e9dio:<\/strong> Giovani da Silva Lima<\/p>\n","protected":false},"excerpt":{"rendered":"<p>Diretor: Prof. Dr. Gabriel Gustavo Bergmann Vice-diretora: Profa. Dra. Cristine Lima Alberton Chefe\u00a0 N\u00facleo Administrativo: Daniela Macedo Popping &nbsp; &nbsp; &nbsp; &nbsp; Secret\u00e1rio: Charles Eduardo da Cruz do Amaral Fiscal de Pr\u00e9dio: Giovani da Silva Lima<\/p>\n","protected":false},"author":289,"featured_media":0,"parent":6,"menu_order":0,"comment_status":"closed","ping_status":"closed","template":"","meta":{"footnotes":""},"class_list":["post-44","page","type-page","status-publish","hentry"],"_links":{"self":[{"href":"https:\/\/wp.ufpel.edu.br\/esef\/wp-json\/wp\/v2\/pages\/44","targetHints":{"allow":["GET"]}}],"collection":[{"href":"https:\/\/wp.ufpel.edu.br\/esef\/wp-json\/wp\/v2\/pages"}],"about":[{"href":"https:\/\/wp.ufpel.edu.br\/esef\/wp-json\/wp\/v2\/types\/page"}],"author":[{"embeddable":true,"href":"https:\/\/wp.ufpel.edu.br\/esef\/wp-json\/wp\/v2\/users\/289"}],"replies":[{"embeddable":true,"href":"https:\/\/wp.ufpel.edu.br\/esef\/wp-json\/wp\/v2\/comments?post=44"}],"version-history":[{"count":24,"href":"https:\/\/wp.ufpel.edu.br\/esef\/wp-json\/wp\/v2\/pages\/44\/revisions"}],"predecessor-version":[{"id":5235,"href":"https:\/\/wp.ufpel.edu.br\/esef\/wp-json\/wp\/v2\/pages\/44\/revisions\/5235"}],"up":[{"embeddable":true,"href":"https:\/\/wp.ufpel.edu.br\/esef\/wp-json\/wp\/v2\/pages\/6"}],"wp:attachment":[{"href":"https:\/\/wp.ufpel.edu.br\/esef\/wp-json\/wp\/v2\/media?parent=44"}],"curies":[{"name":"wp","href":"https:\/\/api.w.org\/{rel}","templated":true}]}}