{"id":3642,"date":"2020-12-01T14:08:37","date_gmt":"2020-12-01T17:08:37","guid":{"rendered":"https:\/\/wp.ufpel.edu.br\/esef\/?page_id=3642"},"modified":"2020-12-01T14:15:10","modified_gmt":"2020-12-01T17:15:10","slug":"gef","status":"publish","type":"page","link":"https:\/\/wp.ufpel.edu.br\/esef\/gef\/","title":{"rendered":"GEF"},"content":{"rendered":"<p style=\"text-align: justify\"><span style=\"font-weight: 400\">O <strong><em>Grupo GEF- Gest\u00e3o em Educa\u00e7\u00e3o F\u00edsica<\/em><\/strong> \u00e9 um projeto de ensino da ESEF\/UFPel que tem como objetivo principal fazer a conex\u00e3o entre o espa\u00e7o de forma\u00e7\u00e3o e o espa\u00e7o de atua\u00e7\u00e3o, atrav\u00e9s dos conhecimentos produzidos e dispon\u00edveis na \u00e1rea de empreendedorismo e gest\u00e3o em Educa\u00e7\u00e3o F\u00edsica.<\/span><\/p>\n<p style=\"text-align: justify\"><span style=\"font-weight: 400\">Uma de suas diretrizes \u00e9 o estudo do campo de trabalho do profissional de Educa\u00e7\u00e3o F\u00edsica nos seus diferentes contextos, explorando as possibilidades de forma\u00e7\u00e3o e atua\u00e7\u00e3o na \u00e1rea da gest\u00e3o.<\/span><\/p>\n<p style=\"text-align: justify\"><span style=\"font-weight: 400\">Considerando a Lei Federal n\u00ba 9.696\/98 vigente pelo Estatuto do Conselho Federal de Educa\u00e7\u00e3o F\u00edsica- CONFEF, o curso de Educa\u00e7\u00e3o F\u00edsica ganhou uma nova identidade trazendo consci\u00eancia das suas infinitas possibilidades de atua\u00e7\u00e3o e nesse cen\u00e1rio t\u00e3o amplo nota-se que existem \u00e1reas que n\u00e3o s\u00e3o exploradas. Por isso o Grupo GEF evidencia a Gest\u00e3o em Educa\u00e7\u00e3o F\u00edsica, destacando sua import\u00e2ncia na forma\u00e7\u00e3o e a necessidade de profissionais qualificados para o mercado de trabalho.\u00a0\u00a0\u00a0<\/span><\/p>\n<p style=\"text-align: justify\"><span style=\"font-weight: 400\">De acordo com os princ\u00edpios estabelecidos na constitui\u00e7\u00e3o Brasileira e na Lei de Diretrizes e Bases da Educa\u00e7\u00e3o (LDB), podemos concluir que o Grupo GEF vai ao encontro do modelo de indissociabilidade da tr\u00edade universit\u00e1ria, ensino, pesquisa e extens\u00e3o. Embora seja um projeto de ensino, o grupo contempla a pesquisa, pela sua produ\u00e7\u00e3o cient\u00edfica investigando assuntos importantes que impactam o desenvolvimento da profiss\u00e3o. Tamb\u00e9m temos a\u00e7\u00f5es extensionistas, quando seus objetivos e valores est\u00e3o relacionados com a entrega dos resultados para a comunidade. Nosso trabalho desenvolvido pode gerar resultados, para a comunidade acad\u00eamica, professores da rede, profissionais da \u00e1rea da educa\u00e7\u00e3o f\u00edsica, gestores e empreendedores.<\/span><\/p>\n<p>Contatos e Rede Social:<\/p>\n<p>@<span style=\"font-size: 12pt\">gef.esef.ufpel<\/span><button class=\"sqdOP L3NKy _4pI4F _8A5w5 \" type=\"button\"><\/button><\/p>\n<p><a href=\"https:\/\/www.facebook.com\/Gest%C3%A3o-em-Educa%C3%A7%C3%A3o-F%C3%ADsica-577304502437922\">https:\/\/www.facebook.com\/Gest%C3%A3o-em-Educa%C3%A7%C3%A3o-F%C3%ADsica-577304502437922<\/a><\/p>\n<div class=\"nZSzR\">\n<div class=\" Igw0E IwRSH eGOV_ ybXk5 _4EzTm \">\n<div class=\" Igw0E IwRSH eGOV_ ybXk5 _4EzTm \">\n<div class=\" \">\n<div class=\" Igw0E IwRSH eGOV_ _4EzTm \">\n<div class=\" Igw0E rBNOH YBx95 _4EzTm \"><\/div>\n<div class=\"OfoBO\">\n<div class=\"_5fEvj coreSpriteDropdownArrowGrey9\"><\/div>\n<\/div>\n<\/div>\n<\/div>\n<\/div>\n<\/div>\n<div class=\"AFWDX\">\n<div class=\"QBdPU \"><\/div>\n<\/div>\n<\/div>\n<p>&nbsp;<\/p>\n","protected":false},"excerpt":{"rendered":"<p>O Grupo GEF- Gest\u00e3o em Educa\u00e7\u00e3o F\u00edsica \u00e9 um projeto de ensino da ESEF\/UFPel que tem como objetivo principal fazer a conex\u00e3o entre o espa\u00e7o de forma\u00e7\u00e3o e o espa\u00e7o de atua\u00e7\u00e3o, atrav\u00e9s dos conhecimentos produzidos e dispon\u00edveis na \u00e1rea de empreendedorismo e gest\u00e3o em Educa\u00e7\u00e3o F\u00edsica. Uma de suas diretrizes \u00e9 o estudo do [&hellip;]<\/p>\n","protected":false},"author":289,"featured_media":0,"parent":0,"menu_order":0,"comment_status":"closed","ping_status":"closed","template":"","meta":{"footnotes":""},"class_list":["post-3642","page","type-page","status-publish","hentry"],"_links":{"self":[{"href":"https:\/\/wp.ufpel.edu.br\/esef\/wp-json\/wp\/v2\/pages\/3642","targetHints":{"allow":["GET"]}}],"collection":[{"href":"https:\/\/wp.ufpel.edu.br\/esef\/wp-json\/wp\/v2\/pages"}],"about":[{"href":"https:\/\/wp.ufpel.edu.br\/esef\/wp-json\/wp\/v2\/types\/page"}],"author":[{"embeddable":true,"href":"https:\/\/wp.ufpel.edu.br\/esef\/wp-json\/wp\/v2\/users\/289"}],"replies":[{"embeddable":true,"href":"https:\/\/wp.ufpel.edu.br\/esef\/wp-json\/wp\/v2\/comments?post=3642"}],"version-history":[{"count":1,"href":"https:\/\/wp.ufpel.edu.br\/esef\/wp-json\/wp\/v2\/pages\/3642\/revisions"}],"predecessor-version":[{"id":3644,"href":"https:\/\/wp.ufpel.edu.br\/esef\/wp-json\/wp\/v2\/pages\/3642\/revisions\/3644"}],"wp:attachment":[{"href":"https:\/\/wp.ufpel.edu.br\/esef\/wp-json\/wp\/v2\/media?parent=3642"}],"curies":[{"name":"wp","href":"https:\/\/api.w.org\/{rel}","templated":true}]}}