{"id":3498,"date":"2020-08-12T14:50:51","date_gmt":"2020-08-12T17:50:51","guid":{"rendered":"https:\/\/wp.ufpel.edu.br\/esef\/?page_id=3498"},"modified":"2025-02-11T17:31:06","modified_gmt":"2025-02-11T20:31:06","slug":"especializacao-ead","status":"publish","type":"page","link":"https:\/\/wp.ufpel.edu.br\/esef\/especializacao-ead\/","title":{"rendered":"Especializa\u00e7\u00e3o &#8211; EAD"},"content":{"rendered":"<p><span style=\"font-family: arial, helvetica, sans-serif;\"><strong>Coordenadora:<\/strong> Prof\u00aa. Dr\u00aa. <span class=\"qu\" role=\"gridcell\"><span class=\"gD\" data-hovercard-id=\"lfcveronez@gmail.com\" data-hovercard-owner-id=\"151\">Franciele Roos da Silva Ilha<\/span><\/span><\/span><\/p>\n<p><strong>Contato:<\/strong> <a href=\"mailto:espefead@gmail.com\" target=\"_blank\" rel=\"noopener\">espefead@gmail.com<\/a><\/p>\n<p><span style=\"font-family: arial, helvetica, sans-serif;\"><strong>Projeto do Curso:<\/strong> <a href=\"https:\/\/wp.ufpel.edu.br\/esef\/files\/2020\/08\/Projeto-do-Curso-Espec.-Dist\u00e2ncia-1.pdf\">Projeto do Curso\u00a0<\/a><\/span><\/p>\n<p><span style=\"font-family: arial, helvetica, sans-serif;\"><strong>Regimento: <\/strong><a href=\"https:\/\/wp.ufpel.edu.br\/esef\/files\/2020\/11\/Regimento-da-especializacao-em-EFescolar-a-distancia.pdf\">Regimento do<\/a><a href=\"https:\/\/wp.ufpel.edu.br\/esef\/files\/2020\/11\/Regimento-da-especializacao-em-EFescolar-a-distancia.pdf\"> curso<\/a><\/span><\/p>\n<p>Para acessar a <strong>Carta de Aceite de Orienta\u00e7\u00e3o:\u00a0 <a href=\"https:\/\/wp.ufpel.edu.br\/esef\/files\/2021\/05\/Carta_de_aceite_orientacao.pdf\">Click aqui<\/a><span style=\"color: #ff0000;\">\u00a0<\/span><\/strong><\/p>\n<p>&nbsp;<\/p>\n<p><strong><span style=\"font-family: arial, helvetica, sans-serif;\">Edital de Sele\u00e7\u00e3o para ALUNO REGULAR:\u00a0<\/span><\/strong><\/p>\n<p><a href=\"https:\/\/wp.ufpel.edu.br\/esef\/files\/2025\/02\/resultado-final-2025.pdf\">Resultado sele\u00e7\u00e3o de estudantes ingresso 2025\/1<\/a> <strong>NOVO (11\/02\/2025)<\/strong><\/p>\n<p><a href=\"https:\/\/wp.ufpel.edu.br\/esef\/files\/2024\/12\/edital-selecao-2025.pdf\">Edital de Sele\u00e7\u00e3o 2025<\/a><\/p>\n<p>Anexo I &#8211; <a href=\"https:\/\/wp.ufpel.edu.br\/esef\/files\/2024\/12\/Formulario-de-Avaliacao-do-Curriculum-Vitae-CV-Lattes.doc\">Formul\u00e1rio de Avalia\u00e7\u00e3o do Curriculum Vitae (CV Lattes)<\/a><\/p>\n<p>Link correto para emiss\u00e3o da GRU: clique <strong><a href=\"https:\/\/pagtesouro.tesouro.gov.br\/portal-gru\/#\/emissao-gru\" target=\"_blank\" rel=\"noopener\">AQUI<\/a><\/strong><\/p>\n<p>&nbsp;<\/p>\n<p>As inscri\u00e7\u00f5es ao Exame estar\u00e3o abertas no per\u00edodo de\u00a0<strong>20 de dezembro de 2024 a 5 de fevereiro de 2025<\/strong>\u00a0e dever\u00e3o ser realizadas obrigatoriamente atrav\u00e9s do formul\u00e1rio on-line\u00a0<strong><a href=\"https:\/\/docs.google.com\/forms\/d\/1S526QJva9Zef6q2z7L73nmT5zxn3Ky7ZXtGp-L_QwNk\/viewform?edit_requested=true\">Formul\u00e1rio de Inscri\u00e7\u00e3o 2024<\/a><\/strong><\/p>\n","protected":false},"excerpt":{"rendered":"<p>Coordenadora: Prof\u00aa. Dr\u00aa. Franciele Roos da Silva Ilha Contato: espefead@gmail.com Projeto do Curso: Projeto do Curso\u00a0 Regimento: Regimento do curso Para acessar a Carta de Aceite de Orienta\u00e7\u00e3o:\u00a0 Click aqui\u00a0 &nbsp; Edital de Sele\u00e7\u00e3o para ALUNO REGULAR:\u00a0 Resultado sele\u00e7\u00e3o de estudantes ingresso 2025\/1 NOVO (11\/02\/2025) Edital de Sele\u00e7\u00e3o 2025 Anexo I &#8211; Formul\u00e1rio de Avalia\u00e7\u00e3o [&hellip;]<\/p>\n","protected":false},"author":289,"featured_media":0,"parent":0,"menu_order":0,"comment_status":"closed","ping_status":"closed","template":"","meta":{"footnotes":""},"class_list":["post-3498","page","type-page","status-publish","hentry"],"_links":{"self":[{"href":"https:\/\/wp.ufpel.edu.br\/esef\/wp-json\/wp\/v2\/pages\/3498","targetHints":{"allow":["GET"]}}],"collection":[{"href":"https:\/\/wp.ufpel.edu.br\/esef\/wp-json\/wp\/v2\/pages"}],"about":[{"href":"https:\/\/wp.ufpel.edu.br\/esef\/wp-json\/wp\/v2\/types\/page"}],"author":[{"embeddable":true,"href":"https:\/\/wp.ufpel.edu.br\/esef\/wp-json\/wp\/v2\/users\/289"}],"replies":[{"embeddable":true,"href":"https:\/\/wp.ufpel.edu.br\/esef\/wp-json\/wp\/v2\/comments?post=3498"}],"version-history":[{"count":43,"href":"https:\/\/wp.ufpel.edu.br\/esef\/wp-json\/wp\/v2\/pages\/3498\/revisions"}],"predecessor-version":[{"id":5218,"href":"https:\/\/wp.ufpel.edu.br\/esef\/wp-json\/wp\/v2\/pages\/3498\/revisions\/5218"}],"wp:attachment":[{"href":"https:\/\/wp.ufpel.edu.br\/esef\/wp-json\/wp\/v2\/media?parent=3498"}],"curies":[{"name":"wp","href":"https:\/\/api.w.org\/{rel}","templated":true}]}}