{"id":3372,"date":"2020-01-28T10:23:51","date_gmt":"2020-01-28T13:23:51","guid":{"rendered":"https:\/\/wp.ufpel.edu.br\/esef\/?page_id=3372"},"modified":"2020-01-28T10:32:05","modified_gmt":"2020-01-28T13:32:05","slug":"leecol","status":"publish","type":"page","link":"https:\/\/wp.ufpel.edu.br\/esef\/leecol\/","title":{"rendered":"LEECol"},"content":{"rendered":"<h3><strong>Laborat\u00f3rio de Estudos em Esporte Coletivo &#8211; LEECol<\/strong><\/h3>\n<p>O Laborat\u00f3rio de Estudos em Esporte Coletivo (LEECol) est\u00e1 em funcionamento desde novembro de 2015.<\/p>\n<p>Com a cria\u00e7\u00e3o deste grupo de pesquisa espera-se que:<\/p>\n<p>a) seja consolidada as linhas de ensino, pesquisa e extens\u00e3o aplicados \u00e0 forma\u00e7\u00e3o profissional e pr\u00e1tica pedag\u00f3gica\u00a0 no esporte e na sa\u00fade, forma\u00e7\u00e3o de treinadores, desenvolvimento de atletas a longo prazo, an\u00e1lises de desempenho e de jogo, identifica\u00e7\u00e3o e interven\u00e7\u00e3o\u00a0 de crian\u00e7as e adolescentes com sobrepeso, obesidade e baixa aptid\u00e3o f\u00edsica na regi\u00e3o Sul do RS;<\/p>\n<p>b) que o LEECol contribua na forma\u00e7\u00e3o acad\u00eamico-cient\u00edfica dos discentes do curso de gradua\u00e7\u00e3o e p\u00f3s gradua\u00e7\u00e3o em Educa\u00e7\u00e3o F\u00edsica e demais cursos da Universidade Federal Pelotas;<\/p>\n<p>c) que o LEECol oportunize aos alunos de diferentes cursos e diferentes universidades interajam em um ambiente acad\u00eamico de interlocu\u00e7\u00e3o e transfer\u00eancia de informa\u00e7\u00f5es, tecnologias e metodologias; e,<\/p>\n<p>d) que os resultados obtidos pelos estudos reflitam de forma positiva no desenvolvimento do esporte e da sa\u00fade de crian\u00e7as e adolescentes no \u00e2mbito regional e nacional.<\/p>\n<p><strong>Coordenador:<\/strong> Prof. Dr. Eraldo dos Santos Pinheiro (e-mail: esppoa@gmail.com<\/p>\n<p><strong>@LEECol.ESEF.UFPel<\/strong><\/p>\n<p><strong><em>Professores Lideres:<\/em><\/strong><\/p>\n<p>Professor Dr. Eraldo dos Santos Pinheiro<\/p>\n<p>Professor Dr. Gabriel Gustavo Bergmann<\/p>\n<p>Professor Dr. Gustavo Dias Ferreira<\/p>\n<p>Professor Dr. Mario Renato Azevedo Jr.<\/p>\n<p>Professora Dr\u00aa. Rose M\u00e9ri Santos da Silva<\/p>\n<p><strong><em>\u00a0<\/em><\/strong><\/p>\n<p><strong><em>Doutorandos<\/em><\/strong><\/p>\n<p>Camila Borges M\u00fcller<\/p>\n<p>Gabriel Cunha<\/p>\n<p>Gabriela Barreto David<\/p>\n<p>Patr\u00edcia da Rosa Louzada da Silva<\/p>\n<p>&nbsp;<\/p>\n<p><strong><em>Mestrandos<\/em><\/strong><\/p>\n<p>Camila Fernandes Ferro<\/p>\n<p>Felipe Fernando Guimar\u00e3es<\/p>\n<p>Franci\u00e9le da Silva Ribeiro<\/p>\n<p>Julie Cruz<\/p>\n<p>Lorena Rodrigues<\/p>\n<p>Marcelo KoppToescher<\/p>\n<p>Rousseau Silva da Veiga<\/p>\n<p>William Coelho<\/p>\n<p><strong>\u00a0<\/strong><\/p>\n<p><strong>Professores Pesquisadores<\/strong><\/p>\n<p>Felipe Ribeiro<\/p>\n<p>Marcelo D\u2019avila<\/p>\n<p><strong>\u00a0<\/strong><\/p>\n<p><strong><em>Graduandos<\/em><\/strong><\/p>\n<p>Ana Val\u00e9ria Lima Reis<\/p>\n<p>Carina Curtinaz Lopes<\/p>\n<p>Ciana Alves Goicochea<\/p>\n<p>Douglas Lobato Machado<\/p>\n<p>Felipe Gustavo GriepBonow<\/p>\n<p>Igor Andr\u00e9 Corr\u00eaa Silveira<\/p>\n<p>Lara Vinholes<\/p>\n<p>Leonardo DummerVelasque<\/p>\n<p>Lucas Vargas Bozzato<\/p>\n<p>Luciano EtchegarayDias<\/p>\n<p>Marcos Paulo Oliveira<\/p>\n<p>Mateus de Paula Borges<\/p>\n<p>Maur\u00edcio Machado<\/p>\n<p>Ricardo Barbosa da Silva<\/p>\n<p>Talita Duarte Pereira<\/p>\n<p>Vivian Hernandez Botelho<\/p>\n<p>Yasmin Gon\u00e7alves Corr\u00eaa<\/p>\n","protected":false},"excerpt":{"rendered":"<p>Laborat\u00f3rio de Estudos em Esporte Coletivo &#8211; LEECol O Laborat\u00f3rio de Estudos em Esporte Coletivo (LEECol) est\u00e1 em funcionamento desde novembro de 2015. Com a cria\u00e7\u00e3o deste grupo de pesquisa espera-se que: a) seja consolidada as linhas de ensino, pesquisa e extens\u00e3o aplicados \u00e0 forma\u00e7\u00e3o profissional e pr\u00e1tica pedag\u00f3gica\u00a0 no esporte e na sa\u00fade, forma\u00e7\u00e3o [&hellip;]<\/p>\n","protected":false},"author":289,"featured_media":0,"parent":0,"menu_order":0,"comment_status":"closed","ping_status":"closed","template":"","meta":{"footnotes":""},"class_list":["post-3372","page","type-page","status-publish","hentry"],"_links":{"self":[{"href":"https:\/\/wp.ufpel.edu.br\/esef\/wp-json\/wp\/v2\/pages\/3372","targetHints":{"allow":["GET"]}}],"collection":[{"href":"https:\/\/wp.ufpel.edu.br\/esef\/wp-json\/wp\/v2\/pages"}],"about":[{"href":"https:\/\/wp.ufpel.edu.br\/esef\/wp-json\/wp\/v2\/types\/page"}],"author":[{"embeddable":true,"href":"https:\/\/wp.ufpel.edu.br\/esef\/wp-json\/wp\/v2\/users\/289"}],"replies":[{"embeddable":true,"href":"https:\/\/wp.ufpel.edu.br\/esef\/wp-json\/wp\/v2\/comments?post=3372"}],"version-history":[{"count":4,"href":"https:\/\/wp.ufpel.edu.br\/esef\/wp-json\/wp\/v2\/pages\/3372\/revisions"}],"predecessor-version":[{"id":3378,"href":"https:\/\/wp.ufpel.edu.br\/esef\/wp-json\/wp\/v2\/pages\/3372\/revisions\/3378"}],"wp:attachment":[{"href":"https:\/\/wp.ufpel.edu.br\/esef\/wp-json\/wp\/v2\/media?parent=3372"}],"curies":[{"name":"wp","href":"https:\/\/api.w.org\/{rel}","templated":true}]}}