{"id":322,"date":"2013-08-14T07:54:48","date_gmt":"2013-08-14T10:54:48","guid":{"rendered":"https:\/\/wp.ufpel.edu.br\/esef\/?page_id=322"},"modified":"2013-08-14T07:56:02","modified_gmt":"2013-08-14T10:56:02","slug":"grupel","status":"publish","type":"page","link":"https:\/\/wp.ufpel.edu.br\/esef\/laboratoriosgrupos-de-pesquisa\/grupel\/","title":{"rendered":"GRUPEL"},"content":{"rendered":"<div>\n<div>\n<div>\n<div>\n<p style=\"text-align: center\"><span style=\"font-size: large\"><strong>GRUPEL<\/strong><\/span><\/p>\n<div>\n<p style=\"text-align: left\"><strong>Coordenador:<\/strong>\u00a0Luiz Fenando Camargo Veronez<\/p>\n<p style=\"text-align: left\">\n<p style=\"text-align: left\"><strong>Linha de Pesquisa:<\/strong><\/p>\n<p style=\"text-align: left\">O Grupel (Grupo de pesquisas em educa\u00e7\u00e3o f\u00edsica, esporte e lazer) foi criado em 2006 na ESEF-UFPel com o objetivo de realizar estudos e pesquisas na \u00e1rea da educa\u00e7\u00e3o f\u00edsica, do esporte e do lazer na perspectiva hist\u00f3rico-cr\u00edtica, com refer\u00eancia epistemol\u00f3gica assentada no materialismo hist\u00f3rico e dial\u00e9tico. Atualmente, os objetos de estudos das pesquisas realizadas s\u00e3o:<\/p>\n<\/div>\n<div style=\"text-align: left\">\n<p><strong>1.<\/strong>\u00a0Forma\u00e7\u00e3o do trabalhador em educa\u00e7\u00e3o f\u00edsica;<\/p>\n<\/div>\n<div style=\"text-align: left\">\n<p><strong>2.<\/strong>\u00a0Financiamento do esporte no Brasil;<\/p>\n<\/div>\n<div style=\"text-align: left\">\n<p><strong>3.<\/strong>\u00a0Pol\u00edticas p\u00fablicas de educa\u00e7\u00e3o f\u00edsica, Esporte e Lazer;<\/p>\n<\/div>\n<div>\n<p style=\"text-align: left\"><strong>4.<\/strong>\u00a0Gest\u00e3o e planejamento em educa\u00e7\u00e3o f\u00edsica, esporte e lazer.<\/p>\n<\/div>\n<\/div>\n<p>&nbsp;<\/p>\n<\/div>\n<p><strong>Lattes do Grupo:<\/strong><br \/>\n<a href=\"http:\/\/dgp.cnpq.br\/buscaoperacional\/detalhegrupo.jsp?grupo=0045409T5EMV7G\" target=\"_blank\">http:\/\/dgp.cnpq.br\/buscaoperacional\/detalhegrupo.jsp?grupo=0045409T5EMV7G<\/a><\/p>\n<\/div>\n<p>&nbsp;<\/p>\n<p><strong>Professores:<\/strong><\/p>\n<\/div>\n<div>\n<p>Luiz Fernando Camargo Veronez<\/p>\n<\/div>\n<div>\n<p>Giovanni Felipe Ernst Frizzo<\/p>\n<\/div>\n<div>\n<p>M\u00e1rcia Morschbacher<\/p>\n<\/div>\n<div>\n<p>Lovane Maria Lemos<\/p>\n<\/div>\n<div>\n<p>Sinval Farina<\/p>\n<\/div>\n<div>\n<p><strong>Acad\u00eamicos:<\/strong><\/p>\n<p>Jayne Santos Leite<\/p>\n<p>Aluizio Machado Cardoso<\/p>\n<p>Anderson Fernandes da Rosa<\/p>\n<p>Ang\u00e9lica Vilela Lessa<\/p>\n<p>Calleb Rangel de Oliveira<\/p>\n<p>Demiam Londero Gottinari<\/p>\n<p>Fernanda Fernandes Bastos<\/p>\n<p>Franciele Costa Berni<\/p>\n<p>Indiara Alexandra Vilela da Silva<\/p>\n<p>Ivan Bremm de Oliveira<\/p>\n<p>Jair De Oliveira Duarte Junior<\/p>\n<p>Lucas de Freitas da Silva<\/p>\n<p>Mariana Gamino da Costa<\/p>\n<p>Maximiano Monteiro Lemos<\/p>\n<p>Melissa Machado Alves<\/p>\n<p>Misael Aguiar da Cunha<\/p>\n<p>Patricia Machado da Silva<\/p>\n<p>Tarcila Oliveira Kr\u00fcger<\/p>\n<p>Thiago Cardoso Lopes<\/p>\n<p>Tiago da Silva Prestes<\/p>\n<\/div>\n","protected":false},"excerpt":{"rendered":"<p>GRUPEL Coordenador:\u00a0Luiz Fenando Camargo Veronez Linha de Pesquisa: O Grupel (Grupo de pesquisas em educa\u00e7\u00e3o f\u00edsica, esporte e lazer) foi criado em 2006 na ESEF-UFPel com o objetivo de realizar estudos e pesquisas na \u00e1rea da educa\u00e7\u00e3o f\u00edsica, do esporte e do lazer na perspectiva hist\u00f3rico-cr\u00edtica, com refer\u00eancia epistemol\u00f3gica assentada no materialismo hist\u00f3rico e dial\u00e9tico. [&hellip;]<\/p>\n","protected":false},"author":289,"featured_media":0,"parent":17,"menu_order":0,"comment_status":"closed","ping_status":"closed","template":"","meta":{"footnotes":""},"class_list":["post-322","page","type-page","status-publish","hentry"],"_links":{"self":[{"href":"https:\/\/wp.ufpel.edu.br\/esef\/wp-json\/wp\/v2\/pages\/322","targetHints":{"allow":["GET"]}}],"collection":[{"href":"https:\/\/wp.ufpel.edu.br\/esef\/wp-json\/wp\/v2\/pages"}],"about":[{"href":"https:\/\/wp.ufpel.edu.br\/esef\/wp-json\/wp\/v2\/types\/page"}],"author":[{"embeddable":true,"href":"https:\/\/wp.ufpel.edu.br\/esef\/wp-json\/wp\/v2\/users\/289"}],"replies":[{"embeddable":true,"href":"https:\/\/wp.ufpel.edu.br\/esef\/wp-json\/wp\/v2\/comments?post=322"}],"version-history":[{"count":3,"href":"https:\/\/wp.ufpel.edu.br\/esef\/wp-json\/wp\/v2\/pages\/322\/revisions"}],"predecessor-version":[{"id":325,"href":"https:\/\/wp.ufpel.edu.br\/esef\/wp-json\/wp\/v2\/pages\/322\/revisions\/325"}],"up":[{"embeddable":true,"href":"https:\/\/wp.ufpel.edu.br\/esef\/wp-json\/wp\/v2\/pages\/17"}],"wp:attachment":[{"href":"https:\/\/wp.ufpel.edu.br\/esef\/wp-json\/wp\/v2\/media?parent=322"}],"curies":[{"name":"wp","href":"https:\/\/api.w.org\/{rel}","templated":true}]}}