{"id":2917,"date":"2018-07-24T13:37:38","date_gmt":"2018-07-24T16:37:38","guid":{"rendered":"https:\/\/wp.ufpel.edu.br\/esef\/?page_id=2917"},"modified":"2018-07-24T13:59:12","modified_gmt":"2018-07-24T16:59:12","slug":"exergame-lab-brazil","status":"publish","type":"page","link":"https:\/\/wp.ufpel.edu.br\/esef\/laboratoriosgrupos-de-pesquisa\/exergame-lab-brazil\/","title":{"rendered":"Exergame Lab Brazil"},"content":{"rendered":"<p><span style=\"font-family: 'comic sans ms', sans-serif\"><strong><span style=\"font-size: 18pt\">Exergame\u00a0Lab Brazil<\/span><\/strong><\/span><\/p>\n<p>Exergames combinam a ludicidade dos videogames com a pr\u00e1tica de atividade f\u00edsica. Exertion games, exergaming, active games ou active videogame s\u00e3o termos usados para definir um tipo de console de videogame que exige um maior esfor\u00e7o f\u00edsico para a sua jogabilidade quando comparados com os videogames\u00a0convencionais.\u00a0O laborat\u00f3rio tem como objetivo trabalhar o ensino da Educa\u00e7\u00e3o F\u00edsica atrav\u00e9s do uso de videogames de movimento no ensino, na pequisa e na extens\u00e3o.<\/p>\n<p>Professores<\/p>\n<p>C\u00e9sar Augusto Otero Vaghetti (coordenador,\u00a0cesarvaghetti@gmail.com)<\/p>\n<p>Adriana Sch\u00fcler Cavalli<\/p>\n<p>Fabr\u00edcio Boscolo Del Vecchio<\/p>\n<p>P\u00e1gina:\u00a0https:\/\/wp.ufpel.edu.br\/exergamelabbrazil\/<\/p>\n<p>&nbsp;<\/p>\n","protected":false},"excerpt":{"rendered":"<p>Exergame\u00a0Lab Brazil Exergames combinam a ludicidade dos videogames com a pr\u00e1tica de atividade f\u00edsica. Exertion games, exergaming, active games ou active videogame s\u00e3o termos usados para definir um tipo de console de videogame que exige um maior esfor\u00e7o f\u00edsico para a sua jogabilidade quando comparados com os videogames\u00a0convencionais.\u00a0O laborat\u00f3rio tem como objetivo trabalhar o ensino [&hellip;]<\/p>\n","protected":false},"author":289,"featured_media":0,"parent":17,"menu_order":0,"comment_status":"closed","ping_status":"closed","template":"","meta":{"footnotes":""},"class_list":["post-2917","page","type-page","status-publish","hentry"],"_links":{"self":[{"href":"https:\/\/wp.ufpel.edu.br\/esef\/wp-json\/wp\/v2\/pages\/2917","targetHints":{"allow":["GET"]}}],"collection":[{"href":"https:\/\/wp.ufpel.edu.br\/esef\/wp-json\/wp\/v2\/pages"}],"about":[{"href":"https:\/\/wp.ufpel.edu.br\/esef\/wp-json\/wp\/v2\/types\/page"}],"author":[{"embeddable":true,"href":"https:\/\/wp.ufpel.edu.br\/esef\/wp-json\/wp\/v2\/users\/289"}],"replies":[{"embeddable":true,"href":"https:\/\/wp.ufpel.edu.br\/esef\/wp-json\/wp\/v2\/comments?post=2917"}],"version-history":[{"count":4,"href":"https:\/\/wp.ufpel.edu.br\/esef\/wp-json\/wp\/v2\/pages\/2917\/revisions"}],"predecessor-version":[{"id":2927,"href":"https:\/\/wp.ufpel.edu.br\/esef\/wp-json\/wp\/v2\/pages\/2917\/revisions\/2927"}],"up":[{"embeddable":true,"href":"https:\/\/wp.ufpel.edu.br\/esef\/wp-json\/wp\/v2\/pages\/17"}],"wp:attachment":[{"href":"https:\/\/wp.ufpel.edu.br\/esef\/wp-json\/wp\/v2\/media?parent=2917"}],"curies":[{"name":"wp","href":"https:\/\/api.w.org\/{rel}","templated":true}]}}