{"id":28,"date":"2013-07-23T15:00:22","date_gmt":"2013-07-23T18:00:22","guid":{"rendered":"https:\/\/wp.ufpel.edu.br\/esef\/?page_id=28"},"modified":"2025-08-20T16:07:54","modified_gmt":"2025-08-20T19:07:54","slug":"licenciatura-diurno","status":"publish","type":"page","link":"https:\/\/wp.ufpel.edu.br\/esef\/documentos\/licenciatura-diurno\/","title":{"rendered":"Licenciatura em Educa\u00e7\u00e3o F\u00edsica Diurno &#8211; 820"},"content":{"rendered":"<p><strong>Coordenador:\u00a0 <\/strong>Prof. Francisco Jos\u00e9 Pereira Tavares<\/p>\n<p><strong>Contato:<\/strong>kinemafitness@gmail.com<\/p>\n<p>&nbsp;<\/p>\n<p><strong>Coordenadora Adjunta: <\/strong>Prof\u00aa. Silvia Teixeira de Pinho<\/p>\n<p><strong>Contato: <\/strong>silvia@unir.br<\/p>\n<p>&nbsp;<\/p>\n<p><strong>Secret\u00e1rio:<\/strong> Ot\u00e1vio Labes<\/p>\n<p><strong>Contato:<\/strong> licenciatura.esef.ufpel@gmail.com<\/p>\n<p><strong>Teleone<\/strong>: (53) 3284-4330 \/ 4331<\/p>\n<p>&nbsp;<\/p>\n<p><a href=\"https:\/\/wp.ufpel.edu.br\/esef\/files\/2022\/02\/PPC-Lic-Diurno-02-JULHO-2019-CORRIGIDO.pdf\">PPC_Licenciatura Diurno _2019<\/a><\/p>\n<p><a href=\"https:\/\/wp.ufpel.edu.br\/esef\/files\/2022\/02\/curriculo_curso_820-Versa\u0303o-5-1.pdf\">Integraliza\u00e7\u00e3o Curricular_Lic. Diurno_2019<\/a><\/p>\n<p><a href=\"https:\/\/wp.ufpel.edu.br\/esef\/documentos\/licenciatura-diurno\/ppc-lic-diurno-maio-2015_1\/\" rel=\"attachment wp-att-2104\">PPC Licenciatura Diurno_ 2015<\/a><\/p>\n<p><a href=\"https:\/\/wp.ufpel.edu.br\/esef\/files\/2013\/07\/ATIVIDADES-COMPLEMENTARES.pdf\">Atividades Complementares<\/a><\/p>\n","protected":false},"excerpt":{"rendered":"<p>Coordenador:\u00a0 Prof. Francisco Jos\u00e9 Pereira Tavares Contato:kinemafitness@gmail.com &nbsp; Coordenadora Adjunta: Prof\u00aa. Silvia Teixeira de Pinho Contato: silvia@unir.br &nbsp; Secret\u00e1rio: Ot\u00e1vio Labes Contato: licenciatura.esef.ufpel@gmail.com Teleone: (53) 3284-4330 \/ 4331 &nbsp; PPC_Licenciatura Diurno _2019 Integraliza\u00e7\u00e3o Curricular_Lic. Diurno_2019 PPC Licenciatura Diurno_ 2015 Atividades Complementares<\/p>\n","protected":false},"author":289,"featured_media":0,"parent":2,"menu_order":2,"comment_status":"closed","ping_status":"closed","template":"","meta":{"footnotes":""},"class_list":["post-28","page","type-page","status-publish","hentry"],"_links":{"self":[{"href":"https:\/\/wp.ufpel.edu.br\/esef\/wp-json\/wp\/v2\/pages\/28","targetHints":{"allow":["GET"]}}],"collection":[{"href":"https:\/\/wp.ufpel.edu.br\/esef\/wp-json\/wp\/v2\/pages"}],"about":[{"href":"https:\/\/wp.ufpel.edu.br\/esef\/wp-json\/wp\/v2\/types\/page"}],"author":[{"embeddable":true,"href":"https:\/\/wp.ufpel.edu.br\/esef\/wp-json\/wp\/v2\/users\/289"}],"replies":[{"embeddable":true,"href":"https:\/\/wp.ufpel.edu.br\/esef\/wp-json\/wp\/v2\/comments?post=28"}],"version-history":[{"count":3,"href":"https:\/\/wp.ufpel.edu.br\/esef\/wp-json\/wp\/v2\/pages\/28\/revisions"}],"predecessor-version":[{"id":5412,"href":"https:\/\/wp.ufpel.edu.br\/esef\/wp-json\/wp\/v2\/pages\/28\/revisions\/5412"}],"up":[{"embeddable":true,"href":"https:\/\/wp.ufpel.edu.br\/esef\/wp-json\/wp\/v2\/pages\/2"}],"wp:attachment":[{"href":"https:\/\/wp.ufpel.edu.br\/esef\/wp-json\/wp\/v2\/media?parent=28"}],"curies":[{"name":"wp","href":"https:\/\/api.w.org\/{rel}","templated":true}]}}